{"id":136063,"date":"2025-06-05T14:23:26","date_gmt":"2025-06-05T13:23:26","guid":{"rendered":"https:\/\/zoca.es\/serveurs\/rack\/"},"modified":"2025-09-24T12:49:06","modified_gmt":"2025-09-24T11:49:06","slug":"rack","status":"publish","type":"page","link":"https:\/\/zoca.es\/fr\/serveurs\/rack\/","title":{"rendered":"Rack"},"content":{"rendered":"","protected":false},"excerpt":{"rendered":"","protected":false},"author":623,"featured_media":0,"parent":136062,"menu_order":0,"comment_status":"closed","ping_status":"closed","template":"template-new-categories.php","meta":{"zoca_cat_short_desc":"<p>Serveurs rack reconditionn\u00e9s pour centres de donn\u00e9es et entreprises. \u00c9quipements montables en armoire rack avec scalabilit\u00e9 maximale et performance professionnelle. Mod\u00e8les Dell PowerEdge et HP ProLiant avec garantie compl\u00e8te, id\u00e9aux pour virtualisation et applications critiques.<\/p>\n","footnotes":""},"class_list":["post-136063","page","type-page","status-publish","hentry"],"_links":{"self":[{"href":"https:\/\/zoca.es\/fr\/wp-json\/wp\/v2\/pages\/136063","targetHints":{"allow":["GET"]}}],"collection":[{"href":"https:\/\/zoca.es\/fr\/wp-json\/wp\/v2\/pages"}],"about":[{"href":"https:\/\/zoca.es\/fr\/wp-json\/wp\/v2\/types\/page"}],"author":[{"embeddable":true,"href":"https:\/\/zoca.es\/fr\/wp-json\/wp\/v2\/users\/623"}],"replies":[{"embeddable":true,"href":"https:\/\/zoca.es\/fr\/wp-json\/wp\/v2\/comments?post=136063"}],"version-history":[{"count":1,"href":"https:\/\/zoca.es\/fr\/wp-json\/wp\/v2\/pages\/136063\/revisions"}],"predecessor-version":[{"id":143005,"href":"https:\/\/zoca.es\/fr\/wp-json\/wp\/v2\/pages\/136063\/revisions\/143005"}],"up":[{"embeddable":true,"href":"https:\/\/zoca.es\/fr\/wp-json\/wp\/v2\/pages\/136062"}],"wp:attachment":[{"href":"https:\/\/zoca.es\/fr\/wp-json\/wp\/v2\/media?parent=136063"}],"curies":[{"name":"wp","href":"https:\/\/api.w.org\/{rel}","templated":true}]}}