{"id":136062,"date":"2025-06-05T14:23:01","date_gmt":"2025-06-05T13:23:01","guid":{"rendered":"https:\/\/zoca.es\/serveurs\/"},"modified":"2025-09-24T12:48:04","modified_gmt":"2025-09-24T11:48:04","slug":"serveurs","status":"publish","type":"page","link":"https:\/\/zoca.es\/fr\/serveurs\/","title":{"rendered":"Serveurs"},"content":{"rendered":"","protected":false},"excerpt":{"rendered":"","protected":false},"author":623,"featured_media":0,"parent":0,"menu_order":-1,"comment_status":"closed","ping_status":"closed","template":"template-new-categories.php","meta":{"zoca_cat_short_desc":"<p>Serveurs reconditionn\u00e9s. Serveurs tour, rack pour stockage, virtualisation et applications. Choisissez le serveur qui s'adapte le mieux \u00e0 votre entreprise ou besoin selon le processeur, les baies et la m\u00e9moire RAM disponibles.<\/p>\n","footnotes":""},"class_list":["post-136062","page","type-page","status-publish","hentry"],"_links":{"self":[{"href":"https:\/\/zoca.es\/fr\/wp-json\/wp\/v2\/pages\/136062","targetHints":{"allow":["GET"]}}],"collection":[{"href":"https:\/\/zoca.es\/fr\/wp-json\/wp\/v2\/pages"}],"about":[{"href":"https:\/\/zoca.es\/fr\/wp-json\/wp\/v2\/types\/page"}],"author":[{"embeddable":true,"href":"https:\/\/zoca.es\/fr\/wp-json\/wp\/v2\/users\/623"}],"replies":[{"embeddable":true,"href":"https:\/\/zoca.es\/fr\/wp-json\/wp\/v2\/comments?post=136062"}],"version-history":[{"count":1,"href":"https:\/\/zoca.es\/fr\/wp-json\/wp\/v2\/pages\/136062\/revisions"}],"predecessor-version":[{"id":143003,"href":"https:\/\/zoca.es\/fr\/wp-json\/wp\/v2\/pages\/136062\/revisions\/143003"}],"wp:attachment":[{"href":"https:\/\/zoca.es\/fr\/wp-json\/wp\/v2\/media?parent=136062"}],"curies":[{"name":"wp","href":"https:\/\/api.w.org\/{rel}","templated":true}]}}