{"id":136058,"date":"2025-06-05T14:21:03","date_gmt":"2025-06-05T13:21:03","guid":{"rendered":"https:\/\/zoca.es\/imprimantes\/laser-couleur\/"},"modified":"2025-09-24T11:44:04","modified_gmt":"2025-09-24T10:44:04","slug":"laser-couleur","status":"publish","type":"page","link":"https:\/\/zoca.es\/fr\/imprimantes\/laser-couleur\/","title":{"rendered":"Laser couleur"},"content":{"rendered":"","protected":false},"excerpt":{"rendered":"","protected":false},"author":623,"featured_media":0,"parent":136053,"menu_order":0,"comment_status":"closed","ping_status":"closed","template":"template-new-categories.php","meta":{"zoca_cat_short_desc":"<p>Nous disposons d'imprimantes laser couleur reconditionn\u00e9es de marques reconnues comme HP, Canon et Epson. Imprimante laser qui utilise du toner au lieu de cartouches offrant des impressions nettes et s\u00e8ches instantan\u00e9ment. Obtenez des imprimantes laser couleur \u00e0 prix \u00e9conomiques et \u00e9conomisez sur le co\u00fbt d'impression par rapport aux imprimantes \u00e0 jet d'encre par copie.<\/p>\n","footnotes":""},"class_list":["post-136058","page","type-page","status-publish","hentry"],"_links":{"self":[{"href":"https:\/\/zoca.es\/fr\/wp-json\/wp\/v2\/pages\/136058","targetHints":{"allow":["GET"]}}],"collection":[{"href":"https:\/\/zoca.es\/fr\/wp-json\/wp\/v2\/pages"}],"about":[{"href":"https:\/\/zoca.es\/fr\/wp-json\/wp\/v2\/types\/page"}],"author":[{"embeddable":true,"href":"https:\/\/zoca.es\/fr\/wp-json\/wp\/v2\/users\/623"}],"replies":[{"embeddable":true,"href":"https:\/\/zoca.es\/fr\/wp-json\/wp\/v2\/comments?post=136058"}],"version-history":[{"count":1,"href":"https:\/\/zoca.es\/fr\/wp-json\/wp\/v2\/pages\/136058\/revisions"}],"predecessor-version":[{"id":142923,"href":"https:\/\/zoca.es\/fr\/wp-json\/wp\/v2\/pages\/136058\/revisions\/142923"}],"up":[{"embeddable":true,"href":"https:\/\/zoca.es\/fr\/wp-json\/wp\/v2\/pages\/136053"}],"wp:attachment":[{"href":"https:\/\/zoca.es\/fr\/wp-json\/wp\/v2\/media?parent=136058"}],"curies":[{"name":"wp","href":"https:\/\/api.w.org\/{rel}","templated":true}]}}