{"id":136057,"date":"2025-06-05T14:20:18","date_gmt":"2025-06-05T13:20:18","guid":{"rendered":"https:\/\/zoca.es\/imprimantes\/laser\/"},"modified":"2025-09-24T11:44:39","modified_gmt":"2025-09-24T10:44:39","slug":"laser","status":"publish","type":"page","link":"https:\/\/zoca.es\/fr\/imprimantes\/laser\/","title":{"rendered":"Laser"},"content":{"rendered":"","protected":false},"excerpt":{"rendered":"","protected":false},"author":623,"featured_media":0,"parent":136053,"menu_order":0,"comment_status":"closed","ping_status":"closed","template":"template-new-categories.php","meta":{"zoca_cat_short_desc":"<p>Explorez notre vaste catalogue d'imprimantes laser d'occasion qui fonctionnent comme neuves. Les imprimantes laser sont les plus rentables en termes de co\u00fbt par impression car au lieu de cartouches elles utilisent du toner. Nos imprimantes laser offrent une finition propre et sans taches sur chacune de vos impressions et s\u00e8chent presque instantan\u00e9ment. Cherchez nos meilleures offres et repartez avec un \u00e9quipement de qualit\u00e9.<\/p>\n","footnotes":""},"class_list":["post-136057","page","type-page","status-publish","hentry"],"_links":{"self":[{"href":"https:\/\/zoca.es\/fr\/wp-json\/wp\/v2\/pages\/136057","targetHints":{"allow":["GET"]}}],"collection":[{"href":"https:\/\/zoca.es\/fr\/wp-json\/wp\/v2\/pages"}],"about":[{"href":"https:\/\/zoca.es\/fr\/wp-json\/wp\/v2\/types\/page"}],"author":[{"embeddable":true,"href":"https:\/\/zoca.es\/fr\/wp-json\/wp\/v2\/users\/623"}],"replies":[{"embeddable":true,"href":"https:\/\/zoca.es\/fr\/wp-json\/wp\/v2\/comments?post=136057"}],"version-history":[{"count":1,"href":"https:\/\/zoca.es\/fr\/wp-json\/wp\/v2\/pages\/136057\/revisions"}],"predecessor-version":[{"id":142924,"href":"https:\/\/zoca.es\/fr\/wp-json\/wp\/v2\/pages\/136057\/revisions\/142924"}],"up":[{"embeddable":true,"href":"https:\/\/zoca.es\/fr\/wp-json\/wp\/v2\/pages\/136053"}],"wp:attachment":[{"href":"https:\/\/zoca.es\/fr\/wp-json\/wp\/v2\/media?parent=136057"}],"curies":[{"name":"wp","href":"https:\/\/api.w.org\/{rel}","templated":true}]}}