{"id":136056,"date":"2025-06-05T14:19:30","date_gmt":"2025-06-05T13:19:30","guid":{"rendered":"https:\/\/zoca.es\/imprimantes\/imprimantes-de-tickets\/"},"modified":"2025-09-24T11:27:20","modified_gmt":"2025-09-24T10:27:20","slug":"imprimantes-de-tickets","status":"publish","type":"page","link":"https:\/\/zoca.es\/fr\/imprimantes\/imprimantes-de-tickets\/","title":{"rendered":"Imprimantes de tickets"},"content":{"rendered":"","protected":false},"excerpt":{"rendered":"","protected":false},"author":623,"featured_media":0,"parent":136053,"menu_order":0,"comment_status":"closed","ping_status":"closed","template":"template-new-categories.php","meta":{"zoca_cat_short_desc":"<p>Imprimantes de tickets reconditionn\u00e9es, les meilleures imprimantes thermiques d'occasion. Nos produits de qualit\u00e9 \u00e0 prix tr\u00e8s bas compl\u00e8tent votre \u00e9quipement TVP.<\/p>\n","footnotes":""},"class_list":["post-136056","page","type-page","status-publish","hentry"],"_links":{"self":[{"href":"https:\/\/zoca.es\/fr\/wp-json\/wp\/v2\/pages\/136056","targetHints":{"allow":["GET"]}}],"collection":[{"href":"https:\/\/zoca.es\/fr\/wp-json\/wp\/v2\/pages"}],"about":[{"href":"https:\/\/zoca.es\/fr\/wp-json\/wp\/v2\/types\/page"}],"author":[{"embeddable":true,"href":"https:\/\/zoca.es\/fr\/wp-json\/wp\/v2\/users\/623"}],"replies":[{"embeddable":true,"href":"https:\/\/zoca.es\/fr\/wp-json\/wp\/v2\/comments?post=136056"}],"version-history":[{"count":1,"href":"https:\/\/zoca.es\/fr\/wp-json\/wp\/v2\/pages\/136056\/revisions"}],"predecessor-version":[{"id":142890,"href":"https:\/\/zoca.es\/fr\/wp-json\/wp\/v2\/pages\/136056\/revisions\/142890"}],"up":[{"embeddable":true,"href":"https:\/\/zoca.es\/fr\/wp-json\/wp\/v2\/pages\/136053"}],"wp:attachment":[{"href":"https:\/\/zoca.es\/fr\/wp-json\/wp\/v2\/media?parent=136056"}],"curies":[{"name":"wp","href":"https:\/\/api.w.org\/{rel}","templated":true}]}}