{"id":136052,"date":"2025-06-05T14:16:21","date_gmt":"2025-06-05T13:16:21","guid":{"rendered":"https:\/\/zoca.es\/barebone\/"},"modified":"2025-09-24T11:35:05","modified_gmt":"2025-09-24T10:35:05","slug":"barebone","status":"publish","type":"page","link":"https:\/\/zoca.es\/fr\/barebone\/","title":{"rendered":"Barebone"},"content":{"rendered":"","protected":false},"excerpt":{"rendered":"","protected":false},"author":623,"featured_media":0,"parent":0,"menu_order":-1,"comment_status":"closed","ping_status":"closed","template":"template-new-categories.php","meta":{"zoca_cat_short_desc":"<p>Barebones pr\u00eats \u00e0 utiliser ou \u00e0 personnaliser avec vos composants. Nous disposons de barebones reconditionn\u00e9s pour usage personnel ou de bureau. Nous proposons \u00e9galement des serveurs barebone personnalisables.<\/p>\n","footnotes":""},"class_list":["post-136052","page","type-page","status-publish","hentry"],"_links":{"self":[{"href":"https:\/\/zoca.es\/fr\/wp-json\/wp\/v2\/pages\/136052","targetHints":{"allow":["GET"]}}],"collection":[{"href":"https:\/\/zoca.es\/fr\/wp-json\/wp\/v2\/pages"}],"about":[{"href":"https:\/\/zoca.es\/fr\/wp-json\/wp\/v2\/types\/page"}],"author":[{"embeddable":true,"href":"https:\/\/zoca.es\/fr\/wp-json\/wp\/v2\/users\/623"}],"replies":[{"embeddable":true,"href":"https:\/\/zoca.es\/fr\/wp-json\/wp\/v2\/comments?post=136052"}],"version-history":[{"count":1,"href":"https:\/\/zoca.es\/fr\/wp-json\/wp\/v2\/pages\/136052\/revisions"}],"predecessor-version":[{"id":142896,"href":"https:\/\/zoca.es\/fr\/wp-json\/wp\/v2\/pages\/136052\/revisions\/142896"}],"wp:attachment":[{"href":"https:\/\/zoca.es\/fr\/wp-json\/wp\/v2\/media?parent=136052"}],"curies":[{"name":"wp","href":"https:\/\/api.w.org\/{rel}","templated":true}]}}