{"id":136049,"date":"2025-06-05T12:42:25","date_gmt":"2025-06-05T11:42:25","guid":{"rendered":"https:\/\/zoca.es\/tpv\/tiroir-caisse\/"},"modified":"2025-09-24T12:52:12","modified_gmt":"2025-09-24T11:52:12","slug":"tiroir-caisse","status":"publish","type":"page","link":"https:\/\/zoca.es\/fr\/tpv\/tiroir-caisse\/","title":{"rendered":"Tiroir caisse"},"content":{"rendered":"","protected":false},"excerpt":{"rendered":"","protected":false},"author":623,"featured_media":0,"parent":136044,"menu_order":3,"comment_status":"closed","ping_status":"closed","template":"template-new-categories.php","meta":{"zoca_cat_short_desc":"<p>Tiroirs-caisses reconditionn\u00e9s pour TPV. Stockage s\u00e9curis\u00e9 d'esp\u00e8ces avec une garantie de bon fonctionnement. Un \u00e9quipement qui fonctionne comme neuf \u00e0 un prix tr\u00e8s avantageux.<\/p>\n","footnotes":""},"class_list":["post-136049","page","type-page","status-publish","hentry"],"_links":{"self":[{"href":"https:\/\/zoca.es\/fr\/wp-json\/wp\/v2\/pages\/136049","targetHints":{"allow":["GET"]}}],"collection":[{"href":"https:\/\/zoca.es\/fr\/wp-json\/wp\/v2\/pages"}],"about":[{"href":"https:\/\/zoca.es\/fr\/wp-json\/wp\/v2\/types\/page"}],"author":[{"embeddable":true,"href":"https:\/\/zoca.es\/fr\/wp-json\/wp\/v2\/users\/623"}],"replies":[{"embeddable":true,"href":"https:\/\/zoca.es\/fr\/wp-json\/wp\/v2\/comments?post=136049"}],"version-history":[{"count":1,"href":"https:\/\/zoca.es\/fr\/wp-json\/wp\/v2\/pages\/136049\/revisions"}],"predecessor-version":[{"id":143023,"href":"https:\/\/zoca.es\/fr\/wp-json\/wp\/v2\/pages\/136049\/revisions\/143023"}],"up":[{"embeddable":true,"href":"https:\/\/zoca.es\/fr\/wp-json\/wp\/v2\/pages\/136044"}],"wp:attachment":[{"href":"https:\/\/zoca.es\/fr\/wp-json\/wp\/v2\/media?parent=136049"}],"curies":[{"name":"wp","href":"https:\/\/api.w.org\/{rel}","templated":true}]}}