{"id":136046,"date":"2025-06-05T12:39:45","date_gmt":"2025-06-05T11:39:45","guid":{"rendered":"https:\/\/zoca.es\/tpv\/cpu\/"},"modified":"2025-09-24T12:52:30","modified_gmt":"2025-09-24T11:52:30","slug":"cpu","status":"publish","type":"page","link":"https:\/\/zoca.es\/fr\/tpv\/cpu\/","title":{"rendered":"Cpu"},"content":{"rendered":"","protected":false},"excerpt":{"rendered":"","protected":false},"author":623,"featured_media":0,"parent":136044,"menu_order":0,"comment_status":"closed","ping_status":"closed","template":"template-new-categories.php","meta":{"zoca_cat_short_desc":"<p>CPU pour TPV reconditionn\u00e9es et en parfait \u00e9tat avec notre garantie de qualit\u00e9. Produits pour traitement de points de vente. Visitez notre catalogue pour obtenir votre CPU pour votre Terminal Point de Vente.<\/p>\n","footnotes":""},"class_list":["post-136046","page","type-page","status-publish","hentry"],"_links":{"self":[{"href":"https:\/\/zoca.es\/fr\/wp-json\/wp\/v2\/pages\/136046","targetHints":{"allow":["GET"]}}],"collection":[{"href":"https:\/\/zoca.es\/fr\/wp-json\/wp\/v2\/pages"}],"about":[{"href":"https:\/\/zoca.es\/fr\/wp-json\/wp\/v2\/types\/page"}],"author":[{"embeddable":true,"href":"https:\/\/zoca.es\/fr\/wp-json\/wp\/v2\/users\/623"}],"replies":[{"embeddable":true,"href":"https:\/\/zoca.es\/fr\/wp-json\/wp\/v2\/comments?post=136046"}],"version-history":[{"count":1,"href":"https:\/\/zoca.es\/fr\/wp-json\/wp\/v2\/pages\/136046\/revisions"}],"predecessor-version":[{"id":143025,"href":"https:\/\/zoca.es\/fr\/wp-json\/wp\/v2\/pages\/136046\/revisions\/143025"}],"up":[{"embeddable":true,"href":"https:\/\/zoca.es\/fr\/wp-json\/wp\/v2\/pages\/136044"}],"wp:attachment":[{"href":"https:\/\/zoca.es\/fr\/wp-json\/wp\/v2\/media?parent=136046"}],"curies":[{"name":"wp","href":"https:\/\/api.w.org\/{rel}","templated":true}]}}