{"id":136044,"date":"2025-06-05T12:37:07","date_gmt":"2025-06-05T11:37:07","guid":{"rendered":"https:\/\/zoca.es\/tpv\/"},"modified":"2025-09-24T12:51:32","modified_gmt":"2025-09-24T11:51:32","slug":"tpv","status":"publish","type":"page","link":"https:\/\/zoca.es\/fr\/tpv\/","title":{"rendered":"Tpv"},"content":{"rendered":"","protected":false},"excerpt":{"rendered":"","protected":false},"author":623,"featured_media":0,"parent":0,"menu_order":-2,"comment_status":"closed","ping_status":"closed","template":"template-new-categories.php","meta":{"zoca_cat_short_desc":"<p>Syst\u00e8mes TPV reconditionn\u00e9s et avec garantie d'un fonctionnement correct. TPV tout-en-un, imprimantes de tickets et lecteurs de codes-barres reconditionn\u00e9s, trouvez ici tout le n\u00e9cessaire pour configurer votre TPV id\u00e9al. La meilleure offre \u00e0 prix \u00e9conomique en imprimantes d'\u00e9tiquettes, scanners de codes, caisses enregistreuses.<\/p>\n","footnotes":""},"class_list":["post-136044","page","type-page","status-publish","hentry"],"_links":{"self":[{"href":"https:\/\/zoca.es\/fr\/wp-json\/wp\/v2\/pages\/136044","targetHints":{"allow":["GET"]}}],"collection":[{"href":"https:\/\/zoca.es\/fr\/wp-json\/wp\/v2\/pages"}],"about":[{"href":"https:\/\/zoca.es\/fr\/wp-json\/wp\/v2\/types\/page"}],"author":[{"embeddable":true,"href":"https:\/\/zoca.es\/fr\/wp-json\/wp\/v2\/users\/623"}],"replies":[{"embeddable":true,"href":"https:\/\/zoca.es\/fr\/wp-json\/wp\/v2\/comments?post=136044"}],"version-history":[{"count":1,"href":"https:\/\/zoca.es\/fr\/wp-json\/wp\/v2\/pages\/136044\/revisions"}],"predecessor-version":[{"id":143021,"href":"https:\/\/zoca.es\/fr\/wp-json\/wp\/v2\/pages\/136044\/revisions\/143021"}],"wp:attachment":[{"href":"https:\/\/zoca.es\/fr\/wp-json\/wp\/v2\/media?parent=136044"}],"curies":[{"name":"wp","href":"https:\/\/api.w.org\/{rel}","templated":true}]}}