{"id":136043,"date":"2025-06-05T12:36:34","date_gmt":"2025-06-05T11:36:34","guid":{"rendered":"https:\/\/zoca.es\/tablettes-graphiques\/wacom\/"},"modified":"2025-09-24T12:49:31","modified_gmt":"2025-09-24T11:49:31","slug":"wacom","status":"publish","type":"page","link":"https:\/\/zoca.es\/fr\/tablettes-graphiques\/wacom\/","title":{"rendered":"Wacom"},"content":{"rendered":"","protected":false},"excerpt":{"rendered":"","protected":false},"author":623,"featured_media":0,"parent":136042,"menu_order":0,"comment_status":"closed","ping_status":"closed","template":"template-new-categories.php","meta":{"zoca_cat_short_desc":"<p>Tablettes graphiques Wacom reconditionn\u00e9es. Avec nos mod\u00e8les Intuos et Cintiq nous couvrons la pr\u00e9cision et qualit\u00e9 dont ont besoin nos clients. Tablettes num\u00e9risatrices id\u00e9ales pour ceux qui ont une \u00e2me d'artiste ou pour signatures num\u00e9riques. Tablettes Wacom \u00e0 prix r\u00e9duits avec une garantie de fonctionnement comme si c'\u00e9tait neuf.<\/p>\n","footnotes":""},"class_list":["post-136043","page","type-page","status-publish","hentry"],"_links":{"self":[{"href":"https:\/\/zoca.es\/fr\/wp-json\/wp\/v2\/pages\/136043","targetHints":{"allow":["GET"]}}],"collection":[{"href":"https:\/\/zoca.es\/fr\/wp-json\/wp\/v2\/pages"}],"about":[{"href":"https:\/\/zoca.es\/fr\/wp-json\/wp\/v2\/types\/page"}],"author":[{"embeddable":true,"href":"https:\/\/zoca.es\/fr\/wp-json\/wp\/v2\/users\/623"}],"replies":[{"embeddable":true,"href":"https:\/\/zoca.es\/fr\/wp-json\/wp\/v2\/comments?post=136043"}],"version-history":[{"count":1,"href":"https:\/\/zoca.es\/fr\/wp-json\/wp\/v2\/pages\/136043\/revisions"}],"predecessor-version":[{"id":143010,"href":"https:\/\/zoca.es\/fr\/wp-json\/wp\/v2\/pages\/136043\/revisions\/143010"}],"up":[{"embeddable":true,"href":"https:\/\/zoca.es\/fr\/wp-json\/wp\/v2\/pages\/136042"}],"wp:attachment":[{"href":"https:\/\/zoca.es\/fr\/wp-json\/wp\/v2\/media?parent=136043"}],"curies":[{"name":"wp","href":"https:\/\/api.w.org\/{rel}","templated":true}]}}