{"id":136042,"date":"2025-06-05T12:35:59","date_gmt":"2025-06-05T11:35:59","guid":{"rendered":"https:\/\/zoca.es\/tablettes-graphiques\/"},"modified":"2025-09-24T12:49:21","modified_gmt":"2025-09-24T11:49:21","slug":"tablettes-graphiques","status":"publish","type":"page","link":"https:\/\/zoca.es\/fr\/tablettes-graphiques\/","title":{"rendered":"Tablettes graphiques"},"content":{"rendered":"","protected":false},"excerpt":{"rendered":"","protected":false},"author":623,"featured_media":0,"parent":0,"menu_order":-2,"comment_status":"closed","ping_status":"closed","template":"template-new-categories.php","meta":{"zoca_cat_short_desc":"<p>Chez Zoca nous avons les meilleurs outils pour signatures num\u00e9riques ou design num\u00e9rique pour artistes et designers. Dans notre catalogue nous disposons de tablettes num\u00e9risatrices de diff\u00e9rentes caract\u00e9ristiques et mod\u00e8les. Tablettes graphiques avec stylet sensible \u00e0 la pression pour dessin, illustration et \u00e9dition de photos. Jetez un coup d'\u0153il et trouvez votre tablette graphique id\u00e9ale.<\/p>\n","footnotes":""},"class_list":["post-136042","page","type-page","status-publish","hentry"],"_links":{"self":[{"href":"https:\/\/zoca.es\/fr\/wp-json\/wp\/v2\/pages\/136042","targetHints":{"allow":["GET"]}}],"collection":[{"href":"https:\/\/zoca.es\/fr\/wp-json\/wp\/v2\/pages"}],"about":[{"href":"https:\/\/zoca.es\/fr\/wp-json\/wp\/v2\/types\/page"}],"author":[{"embeddable":true,"href":"https:\/\/zoca.es\/fr\/wp-json\/wp\/v2\/users\/623"}],"replies":[{"embeddable":true,"href":"https:\/\/zoca.es\/fr\/wp-json\/wp\/v2\/comments?post=136042"}],"version-history":[{"count":1,"href":"https:\/\/zoca.es\/fr\/wp-json\/wp\/v2\/pages\/136042\/revisions"}],"predecessor-version":[{"id":143008,"href":"https:\/\/zoca.es\/fr\/wp-json\/wp\/v2\/pages\/136042\/revisions\/143008"}],"wp:attachment":[{"href":"https:\/\/zoca.es\/fr\/wp-json\/wp\/v2\/media?parent=136042"}],"curies":[{"name":"wp","href":"https:\/\/api.w.org\/{rel}","templated":true}]}}