{"id":136041,"date":"2025-06-05T12:35:23","date_gmt":"2025-06-05T11:35:23","guid":{"rendered":"https:\/\/zoca.es\/scanners\/"},"modified":"2025-09-24T11:42:32","modified_gmt":"2025-09-24T10:42:32","slug":"scanners","status":"publish","type":"page","link":"https:\/\/zoca.es\/fr\/scanners\/","title":{"rendered":"Scanners"},"content":{"rendered":"","protected":false},"excerpt":{"rendered":"","protected":false},"author":623,"featured_media":0,"parent":0,"menu_order":-2,"comment_status":"closed","ping_status":"closed","template":"template-new-categories.php","meta":{"zoca_cat_short_desc":"<p>Scanners reconditionn\u00e9s pour documents et photos. \u00c9quipements de num\u00e9risation professionnelle et domestique. Qualit\u00e9 d'image et de fonctionnement garantie avec des prix tr\u00e8s abordables.<\/p>\n","footnotes":""},"class_list":["post-136041","page","type-page","status-publish","hentry"],"_links":{"self":[{"href":"https:\/\/zoca.es\/fr\/wp-json\/wp\/v2\/pages\/136041","targetHints":{"allow":["GET"]}}],"collection":[{"href":"https:\/\/zoca.es\/fr\/wp-json\/wp\/v2\/pages"}],"about":[{"href":"https:\/\/zoca.es\/fr\/wp-json\/wp\/v2\/types\/page"}],"author":[{"embeddable":true,"href":"https:\/\/zoca.es\/fr\/wp-json\/wp\/v2\/users\/623"}],"replies":[{"embeddable":true,"href":"https:\/\/zoca.es\/fr\/wp-json\/wp\/v2\/comments?post=136041"}],"version-history":[{"count":1,"href":"https:\/\/zoca.es\/fr\/wp-json\/wp\/v2\/pages\/136041\/revisions"}],"predecessor-version":[{"id":142918,"href":"https:\/\/zoca.es\/fr\/wp-json\/wp\/v2\/pages\/136041\/revisions\/142918"}],"wp:attachment":[{"href":"https:\/\/zoca.es\/fr\/wp-json\/wp\/v2\/media?parent=136041"}],"curies":[{"name":"wp","href":"https:\/\/api.w.org\/{rel}","templated":true}]}}