{"id":136040,"date":"2025-06-05T12:34:53","date_gmt":"2025-06-05T11:34:53","guid":{"rendered":"https:\/\/zoca.es\/moniteurs\/tactiles\/"},"modified":"2025-09-24T11:46:58","modified_gmt":"2025-09-24T10:46:58","slug":"tactiles","status":"publish","type":"page","link":"https:\/\/zoca.es\/fr\/moniteurs\/tactiles\/","title":{"rendered":"Tactiles"},"content":{"rendered":"","protected":false},"excerpt":{"rendered":"","protected":false},"author":623,"featured_media":0,"parent":136038,"menu_order":0,"comment_status":"closed","ping_status":"closed","template":"template-new-categories.php","meta":{"zoca_cat_short_desc":"<p>Moniteurs tactiles de qualit\u00e9 et avec garantie de bon fonctionnement. \u00c9crans interactifs en parfait \u00e9tat pr\u00eats \u00e0 \u00eatre utilis\u00e9s en \u00e9ducation ou pour un usage personnel. Moniteurs tactiles \u00e0 r\u00e9ponse rapide neufs ou semi-neufs.<\/p>\n","footnotes":""},"class_list":["post-136040","page","type-page","status-publish","hentry"],"_links":{"self":[{"href":"https:\/\/zoca.es\/fr\/wp-json\/wp\/v2\/pages\/136040","targetHints":{"allow":["GET"]}}],"collection":[{"href":"https:\/\/zoca.es\/fr\/wp-json\/wp\/v2\/pages"}],"about":[{"href":"https:\/\/zoca.es\/fr\/wp-json\/wp\/v2\/types\/page"}],"author":[{"embeddable":true,"href":"https:\/\/zoca.es\/fr\/wp-json\/wp\/v2\/users\/623"}],"replies":[{"embeddable":true,"href":"https:\/\/zoca.es\/fr\/wp-json\/wp\/v2\/comments?post=136040"}],"version-history":[{"count":1,"href":"https:\/\/zoca.es\/fr\/wp-json\/wp\/v2\/pages\/136040\/revisions"}],"predecessor-version":[{"id":142933,"href":"https:\/\/zoca.es\/fr\/wp-json\/wp\/v2\/pages\/136040\/revisions\/142933"}],"up":[{"embeddable":true,"href":"https:\/\/zoca.es\/fr\/wp-json\/wp\/v2\/pages\/136038"}],"wp:attachment":[{"href":"https:\/\/zoca.es\/fr\/wp-json\/wp\/v2\/media?parent=136040"}],"curies":[{"name":"wp","href":"https:\/\/api.w.org\/{rel}","templated":true}]}}