{"id":136038,"date":"2025-06-05T12:30:39","date_gmt":"2025-06-05T11:30:39","guid":{"rendered":"https:\/\/zoca.es\/moniteurs\/"},"modified":"2025-11-07T13:09:14","modified_gmt":"2025-11-07T12:09:14","slug":"moniteurs","status":"publish","type":"page","link":"https:\/\/zoca.es\/fr\/moniteurs\/","title":{"rendered":"Moniteurs reconditionn\u00e9s"},"content":{"rendered":"","protected":false},"excerpt":{"rendered":"","protected":false},"author":623,"featured_media":0,"parent":0,"menu_order":-3,"comment_status":"closed","ping_status":"closed","template":"template-new-categories.php","meta":{"zoca_cat_short_desc":"<p>Moniteurs reconditionn\u00e9s LED, LCD et 4K de toutes les pouces. \u00c9crans pour PC avec une qualit\u00e9 visuelle exceptionnelle \u00e0 des prix exclusifs. Jetez un coup d'\u0153il \u00e0 notre catalogue de moniteurs et compl\u00e9tez votre \u00e9quipement avec ces p\u00e9riph\u00e9riques comme neufs.<\/p>\r\n","footnotes":""},"class_list":["post-136038","page","type-page","status-publish","hentry"],"_links":{"self":[{"href":"https:\/\/zoca.es\/fr\/wp-json\/wp\/v2\/pages\/136038","targetHints":{"allow":["GET"]}}],"collection":[{"href":"https:\/\/zoca.es\/fr\/wp-json\/wp\/v2\/pages"}],"about":[{"href":"https:\/\/zoca.es\/fr\/wp-json\/wp\/v2\/types\/page"}],"author":[{"embeddable":true,"href":"https:\/\/zoca.es\/fr\/wp-json\/wp\/v2\/users\/623"}],"replies":[{"embeddable":true,"href":"https:\/\/zoca.es\/fr\/wp-json\/wp\/v2\/comments?post=136038"}],"version-history":[{"count":2,"href":"https:\/\/zoca.es\/fr\/wp-json\/wp\/v2\/pages\/136038\/revisions"}],"predecessor-version":[{"id":148237,"href":"https:\/\/zoca.es\/fr\/wp-json\/wp\/v2\/pages\/136038\/revisions\/148237"}],"wp:attachment":[{"href":"https:\/\/zoca.es\/fr\/wp-json\/wp\/v2\/media?parent=136038"}],"curies":[{"name":"wp","href":"https:\/\/api.w.org\/{rel}","templated":true}]}}