{"id":136036,"date":"2025-06-05T12:29:41","date_gmt":"2025-06-05T11:29:41","guid":{"rendered":"https:\/\/zoca.es\/tablettes\/durcis\/"},"modified":"2025-09-24T12:50:22","modified_gmt":"2025-09-24T11:50:22","slug":"durcis","status":"publish","type":"page","link":"https:\/\/zoca.es\/fr\/tablettes\/durcis\/","title":{"rendered":"Durcis"},"content":{"rendered":"","protected":false},"excerpt":{"rendered":"","protected":false},"author":623,"featured_media":0,"parent":136034,"menu_order":0,"comment_status":"closed","ping_status":"closed","template":"template-new-categories.php","meta":{"zoca_cat_short_desc":"<p>Tablettes durcies reconditionn\u00e9es r\u00e9sistantes pour environnements extr\u00eames. \u00c9quipements blind\u00e9s qui supportent les chocs, l'eau, la poussi\u00e8re et les temp\u00e9ratures adverses. Id\u00e9ales pour usage industriel, militaire et professionnel avec certifications IP67 et garantie compl\u00e8te.<\/p>\n","footnotes":""},"class_list":["post-136036","page","type-page","status-publish","hentry"],"_links":{"self":[{"href":"https:\/\/zoca.es\/fr\/wp-json\/wp\/v2\/pages\/136036","targetHints":{"allow":["GET"]}}],"collection":[{"href":"https:\/\/zoca.es\/fr\/wp-json\/wp\/v2\/pages"}],"about":[{"href":"https:\/\/zoca.es\/fr\/wp-json\/wp\/v2\/types\/page"}],"author":[{"embeddable":true,"href":"https:\/\/zoca.es\/fr\/wp-json\/wp\/v2\/users\/623"}],"replies":[{"embeddable":true,"href":"https:\/\/zoca.es\/fr\/wp-json\/wp\/v2\/comments?post=136036"}],"version-history":[{"count":2,"href":"https:\/\/zoca.es\/fr\/wp-json\/wp\/v2\/pages\/136036\/revisions"}],"predecessor-version":[{"id":143162,"href":"https:\/\/zoca.es\/fr\/wp-json\/wp\/v2\/pages\/136036\/revisions\/143162"}],"up":[{"embeddable":true,"href":"https:\/\/zoca.es\/fr\/wp-json\/wp\/v2\/pages\/136034"}],"wp:attachment":[{"href":"https:\/\/zoca.es\/fr\/wp-json\/wp\/v2\/media?parent=136036"}],"curies":[{"name":"wp","href":"https:\/\/api.w.org\/{rel}","templated":true}]}}