{"id":136035,"date":"2025-06-05T12:29:03","date_gmt":"2025-06-05T11:29:03","guid":{"rendered":"https:\/\/zoca.es\/tablettes\/accessoires\/"},"modified":"2025-09-24T12:50:34","modified_gmt":"2025-09-24T11:50:34","slug":"accessoires","status":"publish","type":"page","link":"https:\/\/zoca.es\/fr\/tablettes\/accessoires\/","title":{"rendered":"Accessoires"},"content":{"rendered":"","protected":false},"excerpt":{"rendered":"","protected":false},"author":623,"featured_media":0,"parent":136034,"menu_order":0,"comment_status":"closed","ping_status":"closed","template":"template-new-categories.php","meta":{"zoca_cat_short_desc":"<p>Accessoires pour tablettes reconditionn\u00e9s. \u00c9tuis, claviers, stylets optiques et protecteurs d'\u00e9cran. Compl\u00e9tez votre tablette avec des accessoires de qualit\u00e9 pour am\u00e9liorer sa fonctionnalit\u00e9 et protection.<\/p>\n","footnotes":""},"class_list":["post-136035","page","type-page","status-publish","hentry"],"_links":{"self":[{"href":"https:\/\/zoca.es\/fr\/wp-json\/wp\/v2\/pages\/136035","targetHints":{"allow":["GET"]}}],"collection":[{"href":"https:\/\/zoca.es\/fr\/wp-json\/wp\/v2\/pages"}],"about":[{"href":"https:\/\/zoca.es\/fr\/wp-json\/wp\/v2\/types\/page"}],"author":[{"embeddable":true,"href":"https:\/\/zoca.es\/fr\/wp-json\/wp\/v2\/users\/623"}],"replies":[{"embeddable":true,"href":"https:\/\/zoca.es\/fr\/wp-json\/wp\/v2\/comments?post=136035"}],"version-history":[{"count":2,"href":"https:\/\/zoca.es\/fr\/wp-json\/wp\/v2\/pages\/136035\/revisions"}],"predecessor-version":[{"id":143161,"href":"https:\/\/zoca.es\/fr\/wp-json\/wp\/v2\/pages\/136035\/revisions\/143161"}],"up":[{"embeddable":true,"href":"https:\/\/zoca.es\/fr\/wp-json\/wp\/v2\/pages\/136034"}],"wp:attachment":[{"href":"https:\/\/zoca.es\/fr\/wp-json\/wp\/v2\/media?parent=136035"}],"curies":[{"name":"wp","href":"https:\/\/api.w.org\/{rel}","templated":true}]}}