{"id":136034,"date":"2025-06-05T12:27:04","date_gmt":"2025-06-05T11:27:04","guid":{"rendered":"https:\/\/zoca.es\/tablettes\/"},"modified":"2025-09-24T12:51:09","modified_gmt":"2025-09-24T11:51:09","slug":"tablettes","status":"publish","type":"page","link":"https:\/\/zoca.es\/fr\/tablettes\/","title":{"rendered":"Tablettes"},"content":{"rendered":"","protected":false},"excerpt":{"rendered":"","protected":false},"author":623,"featured_media":0,"parent":0,"menu_order":-4,"comment_status":"closed","ping_status":"closed","template":"template-new-categories.php","meta":{"zoca_cat_short_desc":"<p>Tablettes reconditionn\u00e9es pour divertissement et productivit\u00e9 avec une garantie de fonctionnement comme le premier jour. Tablettes Android, iPad et Windows, avec diff\u00e9rentes caract\u00e9ristiques de taille, stockage et performance. Choisissez dans tout notre catalogue la meilleure tablette qui s'adapte \u00e0 vos besoins et profitez d'un \u00e9quipement qui apporte beaucoup de qualit\u00e9 \u00e0 petit prix.<\/p>\n","footnotes":""},"class_list":["post-136034","page","type-page","status-publish","hentry"],"_links":{"self":[{"href":"https:\/\/zoca.es\/fr\/wp-json\/wp\/v2\/pages\/136034","targetHints":{"allow":["GET"]}}],"collection":[{"href":"https:\/\/zoca.es\/fr\/wp-json\/wp\/v2\/pages"}],"about":[{"href":"https:\/\/zoca.es\/fr\/wp-json\/wp\/v2\/types\/page"}],"author":[{"embeddable":true,"href":"https:\/\/zoca.es\/fr\/wp-json\/wp\/v2\/users\/623"}],"replies":[{"embeddable":true,"href":"https:\/\/zoca.es\/fr\/wp-json\/wp\/v2\/comments?post=136034"}],"version-history":[{"count":2,"href":"https:\/\/zoca.es\/fr\/wp-json\/wp\/v2\/pages\/136034\/revisions"}],"predecessor-version":[{"id":143160,"href":"https:\/\/zoca.es\/fr\/wp-json\/wp\/v2\/pages\/136034\/revisions\/143160"}],"wp:attachment":[{"href":"https:\/\/zoca.es\/fr\/wp-json\/wp\/v2\/media?parent=136034"}],"curies":[{"name":"wp","href":"https:\/\/api.w.org\/{rel}","templated":true}]}}