{"id":136033,"date":"2025-06-05T12:21:08","date_gmt":"2025-06-05T11:21:08","guid":{"rendered":"https:\/\/zoca.es\/ordinateurs-portables\/workstations\/"},"modified":"2025-09-24T11:57:23","modified_gmt":"2025-09-24T10:57:23","slug":"workstations","status":"publish","type":"page","link":"https:\/\/zoca.es\/fr\/ordinateurs-portables\/workstations\/","title":{"rendered":"Workstations"},"content":{"rendered":"","protected":false},"excerpt":{"rendered":"","protected":false},"author":623,"featured_media":0,"parent":136026,"menu_order":0,"comment_status":"closed","ping_status":"closed","template":"template-new-categories.php","meta":{"zoca_cat_short_desc":"<p>Stations de travail portables reconditionn\u00e9es. Nos stations de travail portables combinent la performance d'un \u00e9quipement de bureau et la caract\u00e9ristique d'\u00eatre l\u00e9ger et portable. Trouvez notre meilleure offre dans notre catalogue et profitez d'une station de travail portable qui fonctionne comme au premier jour.<\/p>\n","footnotes":""},"class_list":["post-136033","page","type-page","status-publish","hentry"],"_links":{"self":[{"href":"https:\/\/zoca.es\/fr\/wp-json\/wp\/v2\/pages\/136033","targetHints":{"allow":["GET"]}}],"collection":[{"href":"https:\/\/zoca.es\/fr\/wp-json\/wp\/v2\/pages"}],"about":[{"href":"https:\/\/zoca.es\/fr\/wp-json\/wp\/v2\/types\/page"}],"author":[{"embeddable":true,"href":"https:\/\/zoca.es\/fr\/wp-json\/wp\/v2\/users\/623"}],"replies":[{"embeddable":true,"href":"https:\/\/zoca.es\/fr\/wp-json\/wp\/v2\/comments?post=136033"}],"version-history":[{"count":2,"href":"https:\/\/zoca.es\/fr\/wp-json\/wp\/v2\/pages\/136033\/revisions"}],"predecessor-version":[{"id":143157,"href":"https:\/\/zoca.es\/fr\/wp-json\/wp\/v2\/pages\/136033\/revisions\/143157"}],"up":[{"embeddable":true,"href":"https:\/\/zoca.es\/fr\/wp-json\/wp\/v2\/pages\/136026"}],"wp:attachment":[{"href":"https:\/\/zoca.es\/fr\/wp-json\/wp\/v2\/media?parent=136033"}],"curies":[{"name":"wp","href":"https:\/\/api.w.org\/{rel}","templated":true}]}}