{"id":136032,"date":"2025-06-05T12:20:41","date_gmt":"2025-06-05T11:20:41","guid":{"rendered":"https:\/\/zoca.es\/ordinateurs-portables\/tactiles\/"},"modified":"2025-09-24T11:56:25","modified_gmt":"2025-09-24T10:56:25","slug":"tactiles","status":"publish","type":"page","link":"https:\/\/zoca.es\/fr\/ordinateurs-portables\/tactiles\/","title":{"rendered":"Tactiles"},"content":{"rendered":"","protected":false},"excerpt":{"rendered":"","protected":false},"author":623,"featured_media":0,"parent":136026,"menu_order":0,"comment_status":"closed","ping_status":"closed","template":"template-new-categories.php","meta":{"zoca_cat_short_desc":"<p>Portables avec \u00e9cran tactile pour une interaction intuitive. Id\u00e9aux pour design, pr\u00e9sentations et divertissement qui ont besoin d'une interaction rapide avec l'\u00e9quipement. Portables tactiles reconditionn\u00e9s de toutes les marques possibles et caract\u00e9ristiques de l'\u00e9quipement dans notre catalogue.<\/p>\n","footnotes":""},"class_list":["post-136032","page","type-page","status-publish","hentry"],"_links":{"self":[{"href":"https:\/\/zoca.es\/fr\/wp-json\/wp\/v2\/pages\/136032","targetHints":{"allow":["GET"]}}],"collection":[{"href":"https:\/\/zoca.es\/fr\/wp-json\/wp\/v2\/pages"}],"about":[{"href":"https:\/\/zoca.es\/fr\/wp-json\/wp\/v2\/types\/page"}],"author":[{"embeddable":true,"href":"https:\/\/zoca.es\/fr\/wp-json\/wp\/v2\/users\/623"}],"replies":[{"embeddable":true,"href":"https:\/\/zoca.es\/fr\/wp-json\/wp\/v2\/comments?post=136032"}],"version-history":[{"count":2,"href":"https:\/\/zoca.es\/fr\/wp-json\/wp\/v2\/pages\/136032\/revisions"}],"predecessor-version":[{"id":143158,"href":"https:\/\/zoca.es\/fr\/wp-json\/wp\/v2\/pages\/136032\/revisions\/143158"}],"up":[{"embeddable":true,"href":"https:\/\/zoca.es\/fr\/wp-json\/wp\/v2\/pages\/136026"}],"wp:attachment":[{"href":"https:\/\/zoca.es\/fr\/wp-json\/wp\/v2\/media?parent=136032"}],"curies":[{"name":"wp","href":"https:\/\/api.w.org\/{rel}","templated":true}]}}