{"id":136031,"date":"2025-06-05T12:19:55","date_gmt":"2025-06-05T11:19:55","guid":{"rendered":"https:\/\/zoca.es\/ordinateurs-portables\/durcis\/"},"modified":"2025-09-24T11:55:47","modified_gmt":"2025-09-24T10:55:47","slug":"durcis","status":"publish","type":"page","link":"https:\/\/zoca.es\/fr\/ordinateurs-portables\/durcis\/","title":{"rendered":"Durcis"},"content":{"rendered":"","protected":false},"excerpt":{"rendered":"","protected":false},"author":623,"featured_media":0,"parent":136026,"menu_order":0,"comment_status":"closed","ping_status":"closed","template":"template-new-categories.php","meta":{"zoca_cat_short_desc":"<p>Portables durcis reconditionn\u00e9s r\u00e9sistants pour environnements extr\u00eames. Nos ordinateurs durcis supportent les chocs, chutes, poussi\u00e8re et eau. Id\u00e9aux pour professionnels, \u00e9tudiants et usage familial qui ont besoin d'une durabilit\u00e9 maximale.<\/p>\n","footnotes":""},"class_list":["post-136031","page","type-page","status-publish","hentry"],"_links":{"self":[{"href":"https:\/\/zoca.es\/fr\/wp-json\/wp\/v2\/pages\/136031","targetHints":{"allow":["GET"]}}],"collection":[{"href":"https:\/\/zoca.es\/fr\/wp-json\/wp\/v2\/pages"}],"about":[{"href":"https:\/\/zoca.es\/fr\/wp-json\/wp\/v2\/types\/page"}],"author":[{"embeddable":true,"href":"https:\/\/zoca.es\/fr\/wp-json\/wp\/v2\/users\/623"}],"replies":[{"embeddable":true,"href":"https:\/\/zoca.es\/fr\/wp-json\/wp\/v2\/comments?post=136031"}],"version-history":[{"count":2,"href":"https:\/\/zoca.es\/fr\/wp-json\/wp\/v2\/pages\/136031\/revisions"}],"predecessor-version":[{"id":143154,"href":"https:\/\/zoca.es\/fr\/wp-json\/wp\/v2\/pages\/136031\/revisions\/143154"}],"up":[{"embeddable":true,"href":"https:\/\/zoca.es\/fr\/wp-json\/wp\/v2\/pages\/136026"}],"wp:attachment":[{"href":"https:\/\/zoca.es\/fr\/wp-json\/wp\/v2\/media?parent=136031"}],"curies":[{"name":"wp","href":"https:\/\/api.w.org\/{rel}","templated":true}]}}