{"id":136030,"date":"2025-06-05T12:19:23","date_gmt":"2025-06-05T11:19:23","guid":{"rendered":"https:\/\/zoca.es\/ordinateurs-portables\/gaming\/"},"modified":"2025-09-24T11:56:22","modified_gmt":"2025-09-24T10:56:22","slug":"gaming","status":"publish","type":"page","link":"https:\/\/zoca.es\/fr\/ordinateurs-portables\/gaming\/","title":{"rendered":"Gaming"},"content":{"rendered":"","protected":false},"excerpt":{"rendered":"","protected":false},"author":623,"featured_media":0,"parent":136026,"menu_order":0,"comment_status":"closed","ping_status":"closed","template":"template-new-categories.php","meta":{"zoca_cat_short_desc":"<p>PC gaming reconditionn\u00e9s haute performance. Nos meilleurs portables avec graphiques puissants \u00e0 un prix tr\u00e8s \u00e9conomique. Profitez du gaming professionnel avec des \u00e9quipements qui garantissent un bon rendement d\u00e8s votre premier contact comme s'ils sortaient d'usine.<\/p>\n","footnotes":""},"class_list":["post-136030","page","type-page","status-publish","hentry"],"_links":{"self":[{"href":"https:\/\/zoca.es\/fr\/wp-json\/wp\/v2\/pages\/136030","targetHints":{"allow":["GET"]}}],"collection":[{"href":"https:\/\/zoca.es\/fr\/wp-json\/wp\/v2\/pages"}],"about":[{"href":"https:\/\/zoca.es\/fr\/wp-json\/wp\/v2\/types\/page"}],"author":[{"embeddable":true,"href":"https:\/\/zoca.es\/fr\/wp-json\/wp\/v2\/users\/623"}],"replies":[{"embeddable":true,"href":"https:\/\/zoca.es\/fr\/wp-json\/wp\/v2\/comments?post=136030"}],"version-history":[{"count":2,"href":"https:\/\/zoca.es\/fr\/wp-json\/wp\/v2\/pages\/136030\/revisions"}],"predecessor-version":[{"id":143155,"href":"https:\/\/zoca.es\/fr\/wp-json\/wp\/v2\/pages\/136030\/revisions\/143155"}],"up":[{"embeddable":true,"href":"https:\/\/zoca.es\/fr\/wp-json\/wp\/v2\/pages\/136026"}],"wp:attachment":[{"href":"https:\/\/zoca.es\/fr\/wp-json\/wp\/v2\/media?parent=136030"}],"curies":[{"name":"wp","href":"https:\/\/api.w.org\/{rel}","templated":true}]}}