{"id":136029,"date":"2025-06-05T12:18:49","date_gmt":"2025-06-05T11:18:49","guid":{"rendered":"https:\/\/zoca.es\/ordinateurs-portables\/convertibles\/"},"modified":"2025-09-24T11:58:05","modified_gmt":"2025-09-24T10:58:05","slug":"convertibles","status":"publish","type":"page","link":"https:\/\/zoca.es\/fr\/ordinateurs-portables\/convertibles\/","title":{"rendered":"Convertibles"},"content":{"rendered":"","protected":false},"excerpt":{"rendered":"","protected":false},"author":623,"featured_media":0,"parent":136026,"menu_order":0,"comment_status":"closed","ping_status":"closed","template":"template-new-categories.php","meta":{"zoca_cat_short_desc":"<p>Chez Zoca nous mettons \u00e0 disposition de nos clients des portables 2 en 1 avec \u00e9cran tactile et mode tablette. Flexibilit\u00e9 et polyvalence pour vous divertir ou \u00e9tudier n'importe o\u00f9 avec nos portables convertibles reconditionn\u00e9s.<\/p>\n","footnotes":""},"class_list":["post-136029","page","type-page","status-publish","hentry"],"_links":{"self":[{"href":"https:\/\/zoca.es\/fr\/wp-json\/wp\/v2\/pages\/136029","targetHints":{"allow":["GET"]}}],"collection":[{"href":"https:\/\/zoca.es\/fr\/wp-json\/wp\/v2\/pages"}],"about":[{"href":"https:\/\/zoca.es\/fr\/wp-json\/wp\/v2\/types\/page"}],"author":[{"embeddable":true,"href":"https:\/\/zoca.es\/fr\/wp-json\/wp\/v2\/users\/623"}],"replies":[{"embeddable":true,"href":"https:\/\/zoca.es\/fr\/wp-json\/wp\/v2\/comments?post=136029"}],"version-history":[{"count":2,"href":"https:\/\/zoca.es\/fr\/wp-json\/wp\/v2\/pages\/136029\/revisions"}],"predecessor-version":[{"id":143152,"href":"https:\/\/zoca.es\/fr\/wp-json\/wp\/v2\/pages\/136029\/revisions\/143152"}],"up":[{"embeddable":true,"href":"https:\/\/zoca.es\/fr\/wp-json\/wp\/v2\/pages\/136026"}],"wp:attachment":[{"href":"https:\/\/zoca.es\/fr\/wp-json\/wp\/v2\/media?parent=136029"}],"curies":[{"name":"wp","href":"https:\/\/api.w.org\/{rel}","templated":true}]}}