{"id":136028,"date":"2025-06-05T12:17:51","date_gmt":"2025-06-05T11:17:51","guid":{"rendered":"https:\/\/zoca.es\/ordinateurs-portables\/cadenas\/"},"modified":"2025-09-24T11:55:00","modified_gmt":"2025-09-24T10:55:00","slug":"cadenas","status":"publish","type":"page","link":"https:\/\/zoca.es\/fr\/ordinateurs-portables\/cadenas\/","title":{"rendered":"Cadenas"},"content":{"rendered":"","protected":false},"excerpt":{"rendered":"","protected":false},"author":623,"featured_media":0,"parent":136026,"menu_order":0,"comment_status":"closed","ping_status":"closed","template":"template-new-categories.php","meta":{"zoca_cat_short_desc":"<p>Prot\u00e9gez votre portable dans les biblioth\u00e8ques ou espaces publics avec des cadenas \u00e0 combinaison et cl\u00e9. S\u00e9curit\u00e9 antivol avec nos meilleurs produits, un accessoire indispensable pour votre \u00e9quipement de travail.<\/p>\n","footnotes":""},"class_list":["post-136028","page","type-page","status-publish","hentry"],"_links":{"self":[{"href":"https:\/\/zoca.es\/fr\/wp-json\/wp\/v2\/pages\/136028","targetHints":{"allow":["GET"]}}],"collection":[{"href":"https:\/\/zoca.es\/fr\/wp-json\/wp\/v2\/pages"}],"about":[{"href":"https:\/\/zoca.es\/fr\/wp-json\/wp\/v2\/types\/page"}],"author":[{"embeddable":true,"href":"https:\/\/zoca.es\/fr\/wp-json\/wp\/v2\/users\/623"}],"replies":[{"embeddable":true,"href":"https:\/\/zoca.es\/fr\/wp-json\/wp\/v2\/comments?post=136028"}],"version-history":[{"count":2,"href":"https:\/\/zoca.es\/fr\/wp-json\/wp\/v2\/pages\/136028\/revisions"}],"predecessor-version":[{"id":143153,"href":"https:\/\/zoca.es\/fr\/wp-json\/wp\/v2\/pages\/136028\/revisions\/143153"}],"up":[{"embeddable":true,"href":"https:\/\/zoca.es\/fr\/wp-json\/wp\/v2\/pages\/136026"}],"wp:attachment":[{"href":"https:\/\/zoca.es\/fr\/wp-json\/wp\/v2\/media?parent=136028"}],"curies":[{"name":"wp","href":"https:\/\/api.w.org\/{rel}","templated":true}]}}