{"id":136027,"date":"2025-06-05T12:14:26","date_gmt":"2025-06-05T11:14:26","guid":{"rendered":"https:\/\/zoca.es\/ordinateurs-portables\/malletes\/"},"modified":"2025-09-25T07:31:00","modified_gmt":"2025-09-25T06:31:00","slug":"malletes","status":"publish","type":"page","link":"https:\/\/zoca.es\/fr\/ordinateurs-portables\/malletes\/","title":{"rendered":"Malletes"},"content":{"rendered":"","protected":false},"excerpt":{"rendered":"","protected":false},"author":623,"featured_media":0,"parent":136026,"menu_order":0,"comment_status":"closed","ping_status":"closed","template":"template-new-categories.php","meta":{"zoca_cat_short_desc":"<p>Mallettes avec diff\u00e9rentes tailles et compartiments pour ranger votre portable et ses accessoires. Mallettes de qualit\u00e9 avec int\u00e9rieurs rembourr\u00e9s et renforc\u00e9s pour garantir un endroit s\u00fbr pour votre \u00e9quipement et minimiser tout choc ou dommage qu'il pourrait recevoir. Trouvez dans notre catalogue la mallette qui s'ajuste le mieux \u00e0 ce dont vous avez besoin.<\/p>\n","footnotes":""},"class_list":["post-136027","page","type-page","status-publish","hentry"],"_links":{"self":[{"href":"https:\/\/zoca.es\/fr\/wp-json\/wp\/v2\/pages\/136027","targetHints":{"allow":["GET"]}}],"collection":[{"href":"https:\/\/zoca.es\/fr\/wp-json\/wp\/v2\/pages"}],"about":[{"href":"https:\/\/zoca.es\/fr\/wp-json\/wp\/v2\/types\/page"}],"author":[{"embeddable":true,"href":"https:\/\/zoca.es\/fr\/wp-json\/wp\/v2\/users\/623"}],"replies":[{"embeddable":true,"href":"https:\/\/zoca.es\/fr\/wp-json\/wp\/v2\/comments?post=136027"}],"version-history":[{"count":1,"href":"https:\/\/zoca.es\/fr\/wp-json\/wp\/v2\/pages\/136027\/revisions"}],"predecessor-version":[{"id":143166,"href":"https:\/\/zoca.es\/fr\/wp-json\/wp\/v2\/pages\/136027\/revisions\/143166"}],"up":[{"embeddable":true,"href":"https:\/\/zoca.es\/fr\/wp-json\/wp\/v2\/pages\/136026"}],"wp:attachment":[{"href":"https:\/\/zoca.es\/fr\/wp-json\/wp\/v2\/media?parent=136027"}],"curies":[{"name":"wp","href":"https:\/\/api.w.org\/{rel}","templated":true}]}}