{"id":136026,"date":"2025-06-05T12:13:48","date_gmt":"2025-06-05T11:13:48","guid":{"rendered":"https:\/\/zoca.es\/ordinateurs-portables\/"},"modified":"2025-11-07T13:04:21","modified_gmt":"2025-11-07T12:04:21","slug":"ordinateurs-portables","status":"publish","type":"page","link":"https:\/\/zoca.es\/fr\/ordinateurs-portables\/","title":{"rendered":"Ordinateurs portables reconditionn\u00e9s"},"content":{"rendered":"","protected":false},"excerpt":{"rendered":"","protected":false},"author":623,"featured_media":0,"parent":0,"menu_order":-5,"comment_status":"closed","ping_status":"closed","template":"template-new-categories.php","meta":{"zoca_cat_short_desc":"<p>Portables en offre pour travail, \u00e9tude et divertissement. D\u00e9couvrez nos \u00e9quipements pr\u00eats \u00e0 utiliser avec garantie de bon rendement et fonctionnement pour gaming, pour travailler et pour \u00e9tudiants. Trouvez votre laptop id\u00e9al \u00e0 prix unique et avec un service excellent.<\/p>\r\n","footnotes":""},"class_list":["post-136026","page","type-page","status-publish","hentry"],"_links":{"self":[{"href":"https:\/\/zoca.es\/fr\/wp-json\/wp\/v2\/pages\/136026","targetHints":{"allow":["GET"]}}],"collection":[{"href":"https:\/\/zoca.es\/fr\/wp-json\/wp\/v2\/pages"}],"about":[{"href":"https:\/\/zoca.es\/fr\/wp-json\/wp\/v2\/types\/page"}],"author":[{"embeddable":true,"href":"https:\/\/zoca.es\/fr\/wp-json\/wp\/v2\/users\/623"}],"replies":[{"embeddable":true,"href":"https:\/\/zoca.es\/fr\/wp-json\/wp\/v2\/comments?post=136026"}],"version-history":[{"count":2,"href":"https:\/\/zoca.es\/fr\/wp-json\/wp\/v2\/pages\/136026\/revisions"}],"predecessor-version":[{"id":148228,"href":"https:\/\/zoca.es\/fr\/wp-json\/wp\/v2\/pages\/136026\/revisions\/148228"}],"wp:attachment":[{"href":"https:\/\/zoca.es\/fr\/wp-json\/wp\/v2\/media?parent=136026"}],"curies":[{"name":"wp","href":"https:\/\/api.w.org\/{rel}","templated":true}]}}