{"id":136024,"date":"2025-06-05T12:12:32","date_gmt":"2025-06-05T11:12:32","guid":{"rendered":"https:\/\/zoca.es\/ordinateurs\/thin-client\/"},"modified":"2025-09-24T11:49:26","modified_gmt":"2025-09-24T10:49:26","slug":"thin-client","status":"publish","type":"page","link":"https:\/\/zoca.es\/fr\/ordinateurs-de-bureau\/thin-client\/","title":{"rendered":"Thin Client"},"content":{"rendered":"","protected":false},"excerpt":{"rendered":"","protected":false},"author":623,"featured_media":0,"parent":136020,"menu_order":0,"comment_status":"closed","ping_status":"closed","template":"template-new-categories.php","meta":{"zoca_cat_short_desc":"<p>Thin Client reconditionn\u00e9s HP et Dell pour environnements d'entreprise. Terminaux l\u00e9gers \u00e0 faible consommation id\u00e9aux pour virtualisation, bureaux distants et acc\u00e8s centralis\u00e9. Mod\u00e8les T620, T630 avec Windows Embedded, parfaits pour r\u00e9duire les co\u00fbts IT et simplifier l'administration.<\/p>\n","footnotes":""},"class_list":["post-136024","page","type-page","status-publish","hentry"],"_links":{"self":[{"href":"https:\/\/zoca.es\/fr\/wp-json\/wp\/v2\/pages\/136024","targetHints":{"allow":["GET"]}}],"collection":[{"href":"https:\/\/zoca.es\/fr\/wp-json\/wp\/v2\/pages"}],"about":[{"href":"https:\/\/zoca.es\/fr\/wp-json\/wp\/v2\/types\/page"}],"author":[{"embeddable":true,"href":"https:\/\/zoca.es\/fr\/wp-json\/wp\/v2\/users\/623"}],"replies":[{"embeddable":true,"href":"https:\/\/zoca.es\/fr\/wp-json\/wp\/v2\/comments?post=136024"}],"version-history":[{"count":2,"href":"https:\/\/zoca.es\/fr\/wp-json\/wp\/v2\/pages\/136024\/revisions"}],"predecessor-version":[{"id":143148,"href":"https:\/\/zoca.es\/fr\/wp-json\/wp\/v2\/pages\/136024\/revisions\/143148"}],"up":[{"embeddable":true,"href":"https:\/\/zoca.es\/fr\/wp-json\/wp\/v2\/pages\/136020"}],"wp:attachment":[{"href":"https:\/\/zoca.es\/fr\/wp-json\/wp\/v2\/media?parent=136024"}],"curies":[{"name":"wp","href":"https:\/\/api.w.org\/{rel}","templated":true}]}}