{"id":136022,"date":"2025-06-05T12:11:11","date_gmt":"2025-06-05T11:11:11","guid":{"rendered":"https:\/\/zoca.es\/ordinateurs\/gaming\/"},"modified":"2025-09-24T11:48:47","modified_gmt":"2025-09-24T10:48:47","slug":"gaming","status":"publish","type":"page","link":"https:\/\/zoca.es\/fr\/ordinateurs-de-bureau\/gaming\/","title":{"rendered":"Gaming"},"content":{"rendered":"","protected":false},"excerpt":{"rendered":"","protected":false},"author":623,"featured_media":0,"parent":136020,"menu_order":0,"comment_status":"closed","ping_status":"closed","template":"template-new-categories.php","meta":{"zoca_cat_short_desc":"<p>Ordinateurs gaming reconditionn\u00e9s en parfait \u00e9tat. PC avec cartes graphiques d\u00e9di\u00e9es (NVIDIA GeForce RTX, AMD Radeon RX) et processeurs puissants. Exp\u00e9rimentez le gaming \u00e0 un prix \u00e9conomique gr\u00e2ce \u00e0 nos \u00e9quipements d'occasion qui fonctionnent comme au premier jour. \u00c9quipements avec performance \u00e0 plus de 60 fps, 144Hz en 4k, trouvez le v\u00f4tre dans notre catalogue.<\/p>\n","footnotes":""},"class_list":["post-136022","page","type-page","status-publish","hentry"],"_links":{"self":[{"href":"https:\/\/zoca.es\/fr\/wp-json\/wp\/v2\/pages\/136022","targetHints":{"allow":["GET"]}}],"collection":[{"href":"https:\/\/zoca.es\/fr\/wp-json\/wp\/v2\/pages"}],"about":[{"href":"https:\/\/zoca.es\/fr\/wp-json\/wp\/v2\/types\/page"}],"author":[{"embeddable":true,"href":"https:\/\/zoca.es\/fr\/wp-json\/wp\/v2\/users\/623"}],"replies":[{"embeddable":true,"href":"https:\/\/zoca.es\/fr\/wp-json\/wp\/v2\/comments?post=136022"}],"version-history":[{"count":2,"href":"https:\/\/zoca.es\/fr\/wp-json\/wp\/v2\/pages\/136022\/revisions"}],"predecessor-version":[{"id":143145,"href":"https:\/\/zoca.es\/fr\/wp-json\/wp\/v2\/pages\/136022\/revisions\/143145"}],"up":[{"embeddable":true,"href":"https:\/\/zoca.es\/fr\/wp-json\/wp\/v2\/pages\/136020"}],"wp:attachment":[{"href":"https:\/\/zoca.es\/fr\/wp-json\/wp\/v2\/media?parent=136022"}],"curies":[{"name":"wp","href":"https:\/\/api.w.org\/{rel}","templated":true}]}}