{"id":136020,"date":"2025-06-05T12:01:57","date_gmt":"2025-06-05T11:01:57","guid":{"rendered":"https:\/\/zoca.es\/ordinateurs\/"},"modified":"2026-03-16T13:18:33","modified_gmt":"2026-03-16T12:18:33","slug":"ordinateurs-de-bureau","status":"publish","type":"page","link":"https:\/\/zoca.es\/fr\/ordinateurs-de-bureau\/","title":{"rendered":"Ordinateurs de bureau"},"content":{"rendered":"\n<p><\/p>\n\n\n\n<p><\/p>\n","protected":false},"excerpt":{"rendered":"","protected":false},"author":623,"featured_media":0,"parent":0,"menu_order":-6,"comment_status":"closed","ping_status":"closed","template":"template-new-categories.php","meta":{"zoca_cat_short_desc":"<p>Nos meilleurs ordinateurs reconditionn\u00e9s de qualit\u00e9 comme neufs. PC tour, ordinateurs gaming, SFF et mini PC et grandes offres dans notre outlet. \u00c9quipements haute performance pour gaming, travail ou usage domestique, avec processeurs Intel Core i5, i7, i9 et AMD Ryzen.<\/p>\r\n","footnotes":""},"class_list":["post-136020","page","type-page","status-publish","hentry"],"_links":{"self":[{"href":"https:\/\/zoca.es\/fr\/wp-json\/wp\/v2\/pages\/136020","targetHints":{"allow":["GET"]}}],"collection":[{"href":"https:\/\/zoca.es\/fr\/wp-json\/wp\/v2\/pages"}],"about":[{"href":"https:\/\/zoca.es\/fr\/wp-json\/wp\/v2\/types\/page"}],"author":[{"embeddable":true,"href":"https:\/\/zoca.es\/fr\/wp-json\/wp\/v2\/users\/623"}],"replies":[{"embeddable":true,"href":"https:\/\/zoca.es\/fr\/wp-json\/wp\/v2\/comments?post=136020"}],"version-history":[{"count":3,"href":"https:\/\/zoca.es\/fr\/wp-json\/wp\/v2\/pages\/136020\/revisions"}],"predecessor-version":[{"id":203214,"href":"https:\/\/zoca.es\/fr\/wp-json\/wp\/v2\/pages\/136020\/revisions\/203214"}],"wp:attachment":[{"href":"https:\/\/zoca.es\/fr\/wp-json\/wp\/v2\/media?parent=136020"}],"curies":[{"name":"wp","href":"https:\/\/api.w.org\/{rel}","templated":true}]}}