{"id":1302,"date":"2020-05-04T09:57:22","date_gmt":"2020-05-04T07:57:22","guid":{"rendered":"https:\/\/zoca.es\/?page_id=1302"},"modified":"2020-06-23T09:22:21","modified_gmt":"2020-06-23T07:22:21","slug":"politica-de-privacidade","status":"publish","type":"page","link":"https:\/\/zoca.es\/fr\/politica-de-privacidade\/","title":{"rendered":"Politique de confidentialit\u00e9"},"content":{"rendered":"\n<h2 class=\"wp-block-heading\">Qui sommes nous<\/h2>\n\n\n\n<p>Notre site Web est https:\/\/zoca.es\/fr, propri\u00e9t\u00e9 de Grupo Digalco SL, une soci\u00e9t\u00e9 inscrite au registre du commerce dans le volume 2065 des archives de la section g\u00e9n\u00e9rale, folio 174 feuille n\u00ba C-20399 1\u00e8re immatriculation.<\/p>\n\n\n\n<h2 class=\"wp-block-heading\">Quelles donn\u00e9es personnelles nous collectons et pourquoi nous le faisons<\/h2>\n\n\n\n<p>Conform\u00e9ment aux dispositions du r\u00e8glement sur la protection des donn\u00e9es personnelles, nous vous informons que vous fournissez vos donn\u00e9es au responsable du traitement: Grupo Digalco SL (ci-apr\u00e8s l&rsquo;Entit\u00e9), avec l&rsquo;adresse PI Bergondo Parcelas R7-R8, 15165 Bergondo ( La Corogne).<\/p>\n\n\n\n<p>l&rsquo;Entit\u00e9 peut traiter vos donn\u00e9es personnelles conform\u00e9ment aux finalit\u00e9s suivantes:<\/p>\n\n\n\n<p>\u2022 G\u00e9rez votre navigation sur le site Web.<br>\u2022 G\u00e9rer le service client, pour r\u00e9pondre aux questions, plaintes, commentaires ou pr\u00e9occupations que vous pourriez avoir concernant les informations incluses sur le site Web, ainsi que toutes les autres questions que vous pourriez avoir.<br>\u2022 Traitez vos donn\u00e9es \u00e0 des fins commerciales, \u00e0 condition que vous ayez consenti au traitement pertinent des donn\u00e9es personnelles. Pour nous autoriser \u00e0 vous envoyer des informations sur nos services, vous devrez cocher la case \u00abOui, je souhaite recevoir des informations commerciales\u00bb. Sinon, nous ne pourrons pas utiliser vos donn\u00e9es personnelles \u00e0 cette fin.<br>\u2022 G\u00e9rez la conformit\u00e9, la maintenance, le d\u00e9veloppement et le contr\u00f4le de toutes les relations que l&rsquo;entit\u00e9 entretient avec vous.<br>\u2022 G\u00e9rez la collecte des produits et \/ ou services achet\u00e9s par vous, via les passerelles de paiement contract\u00e9es \u00e0 cet effet.<br>\u2022 G\u00e9rez votre inscription d&rsquo;utilisateur et identifiez-vous en tant qu &lsquo;\u00abutilisateur enregistr\u00e9\u00bb afin de pouvoir effectuer des achats sans avoir \u00e0 saisir \u00e0 plusieurs reprises vos donn\u00e9es personnelles.<\/p>\n\n\n\n<p>Le fait de ne pas fournir certaines informations indiqu\u00e9es comme obligatoires, peut signifier qu&rsquo;il n&rsquo;est pas possible de g\u00e9rer votre inscription en tant qu&rsquo;utilisateur ou l&rsquo;utilisation de certaines fonctionnalit\u00e9s ou services disponibles via la Plateforme.<\/p>\n\n\n\n<p>L&rsquo;utilisateur (vous) garantit par la pr\u00e9sente que les donn\u00e9es personnelles fournies sont v\u00e9ridiques et exactes et s&rsquo;engage \u00e0 notifier tout changement ou modification de celles-ci. Dans le cas o\u00f9 vous nous fournissez des donn\u00e9es personnelles de tiers, vous \u00eates responsable d&rsquo;avoir inform\u00e9 et obtenu leur consentement \u00e0 \u00eatre fourni aux fins<\/p>\n\n\n\n<h3 class=\"wp-block-heading\">Commentaires<\/h3>\n\n\n\n<p>Lorsque nos visiteurs laissent des commentaires sur le Web, nous collectons les donn\u00e9es affich\u00e9es dans le formulaire de commentaire, ainsi que l&rsquo;adresse IP du visiteur et la cha\u00eene d&rsquo;agent utilisateur du navigateur pour faciliter la d\u00e9tection du spam.<\/p>\n\n\n\n<p>Une cha\u00eene anonyme cr\u00e9\u00e9e \u00e0 partir de votre adresse e-mail (\u00e9galement appel\u00e9e hachage) peut \u00eatre fournie au service Gravatar pour voir si vous l&rsquo;utilisez. La politique de confidentialit\u00e9 du service Gravatar est disponible ici: https:\/\/automattic.com\/privacy\/. Une fois votre commentaire approuv\u00e9, votre image de profil est visible par le public dans le contexte de votre commentaire.<\/p>\n\n\n\n<h3 class=\"wp-block-heading\">Formulaires de contact<\/h3>\n\n\n\n<p>Les donn\u00e9es que nous demandons dans nos formulaires de contact sont collect\u00e9es dans le but de permettre la communication avec l&rsquo;utilisateur et de r\u00e9pondre \u00e0 ses questions et doutes.<\/p>\n\n\n\n<h3 class=\"wp-block-heading\">Live Chat<\/h3>\n\n\n\n<p>L&rsquo;adresse IP et les donn\u00e9es saisies par les utilisateurs lors du d\u00e9marrage d&rsquo;une session dans notre chat en direct sont visibles par nos agents, dans le seul but d&rsquo;offrir une meilleure exp\u00e9rience utilisateur \u00e0 nos visiteurs et de proposer des produits plus adapt\u00e9s \u00e0 leurs int\u00e9r\u00eats en fonction de leurs comportements. la n\u00e9gation. Ces donn\u00e9es NE SONT PAS COLLECT\u00c9ES OU STOCK\u00c9ES, sauf s&rsquo;il est n\u00e9cessaire de r\u00e9pondre \u00e0 la demande que nous avons formul\u00e9e par les pr\u00e9sentes. Dans tous les cas, ils seront supprim\u00e9s une fois le service termin\u00e9.<\/p>\n\n\n\n<h3 class=\"wp-block-heading\">Cookies<\/h3>\n\n\n\n<p>Nous utilisons des cookies pour am\u00e9liorer votre exp\u00e9rience utilisateur et analyser le trafic sur notre site Web.<\/p>\n\n\n\n<p>Un cookie est un petit fichier texte qui est t\u00e9l\u00e9charg\u00e9 sur votre ordinateur lors de l&rsquo;acc\u00e8s \u00e0 certaines pages Web. Les cookies permettent, entre autres, aux pages Web de stocker et de r\u00e9cup\u00e9rer des informations sur les habitudes de navigation d&rsquo;un utilisateur ou de son \u00e9quipement et, en fonction des informations qu&rsquo;elles contiennent et de la fa\u00e7on dont elles utilisent leur \u00e9quipement, elles peuvent \u00eatre utilis\u00e9es pour reconna\u00eetre \u00e0 l&rsquo;utilisateur.<\/p>\n\n\n\n<p>Deux types de cookies sont pr\u00e9sents sur notre site Web, les cookies originaux ou propres et les cookies tiers.<\/p>\n\n\n\n<p>Les cookies d&rsquo;origine sont d\u00e9pos\u00e9s par Zoca afin d&rsquo;am\u00e9liorer la navigation et le fonctionnement de notre site Internet.<br>Des cookies tiers sont d\u00e9pos\u00e9s par d&rsquo;autres soci\u00e9t\u00e9s pour identifier vos int\u00e9r\u00eats et vous envoyer \/ afficher des offres personnalis\u00e9es et pertinentes. Ces cookies sont directement g\u00e9r\u00e9s par les soci\u00e9t\u00e9s qui les publient et doivent \u00e9galement respecter les r\u00e8gles de protection des donn\u00e9es. Ces soci\u00e9t\u00e9s sont Google et Zendesk.<\/p>\n\n\n\n<p>Au niveau fonctionnel, nous pouvons diviser les cookies pr\u00e9sents sur notre site Internet en:<\/p>\n\n\n\n<p>\u2022 <strong>Cookies techniques<\/strong>: ce sont ceux qui permettent \u00e0 l&rsquo;utilisateur de naviguer sur une page Web, une plate-forme ou une application et d&rsquo;utiliser les diff\u00e9rentes options ou services qui y existent, tels que, par exemple, contr\u00f4ler le trafic et la communication de donn\u00e9es, identifier le session, acc\u00e9der \u00e0 des parties d&rsquo;acc\u00e8s restreint, m\u00e9moriser les \u00e9l\u00e9ments qui composent une commande, effectuer le processus d&rsquo;achat d&rsquo;une commande, faire la demande d&rsquo;inscription ou de participation \u00e0 un \u00e9v\u00e9nement, utiliser des \u00e9l\u00e9ments de s\u00e9curit\u00e9 lors de la navigation, stocker du contenu pour diffusion de vid\u00e9os ou de son ou de partager du contenu via les r\u00e9seaux sociaux.<br>\u2022 <strong>Cookies de personnalisation<\/strong>: ce sont ceux qui permettent \u00e0 l&rsquo;utilisateur d&rsquo;acc\u00e9der au service avec certaines caract\u00e9ristiques g\u00e9n\u00e9rales pr\u00e9d\u00e9finies en fonction d&rsquo;une s\u00e9rie de crit\u00e8res dans le terminal de l&rsquo;utilisateur, tels que la langue, le type de navigateur via lequel ils acc\u00e8dent au service. , la configuration r\u00e9gionale \u00e0 partir de laquelle vous acc\u00e9dez au service, etc.<br>\u2022 <strong>Cookies d&rsquo;analyse<\/strong>: ce sont ceux qui permettent \u00e0 la personne qui en est responsable de surveiller et d&rsquo;analyser le comportement des utilisateurs des sites Web auxquels ils sont li\u00e9s. Les informations collect\u00e9es par ce type de cookies sont utilis\u00e9es dans la mesure de l&rsquo;activit\u00e9 des sites Web, des applications ou des plateformes et pour l&rsquo;\u00e9laboration des profils de navigation des utilisateurs desdits sites, applications et plateformes, afin d&rsquo;introduire des am\u00e9liorations dans fonction de l&rsquo;analyse des donn\u00e9es d&rsquo;utilisation faite par les utilisateurs du service.<br>\u2022 <strong>Cookies publicitaires<\/strong>: ce sont ceux qui permettent la gestion, de la mani\u00e8re la plus efficace possible, des espaces publicitaires que l&rsquo;\u00e9diteur a inclus, le cas \u00e9ch\u00e9ant, dans une page Web, une application ou une plateforme \u00e0 partir de laquelle le service demand\u00e9 est fourni en fonction de crit\u00e8res tels que le contenu modifi\u00e9 ou la fr\u00e9quence \u00e0 laquelle les annonces sont affich\u00e9es.<br>\u2022 <strong>Cookies publicitaires comportementaux<\/strong>: ce sont ceux qui permettent la gestion, de la mani\u00e8re la plus efficace possible, des espaces publicitaires que l&rsquo;\u00e9diteur a inclus, le cas \u00e9ch\u00e9ant, dans une page Web, une application ou une plateforme \u00e0 partir de laquelle le service demand\u00e9 est fourni. Ces cookies stockent des informations sur le comportement des utilisateurs obtenues par l&rsquo;observation continue de leurs habitudes de navigation, permettant ainsi de d\u00e9velopper un profil sp\u00e9cifique pour afficher des publicit\u00e9s bas\u00e9es sur celui-ci.<\/p>\n\n\n\n<p>Lorsqu&rsquo;un utilisateur visite la page d&rsquo;acc\u00e8s \u00e0 notre compte, nous utilisons un cookie temporaire pour d\u00e9terminer si son navigateur accepte les cookies. Ce cookie ne contient pas d&rsquo;informations personnelles et est supprim\u00e9 lorsque vous fermez votre navigateur.<\/p>\n\n\n\n<p>Lorsqu&rsquo;un utilisateur acc\u00e8de \u00e0 son compte, nous utilisons divers cookies pour enregistrer ses informations de connexion et ses pr\u00e9f\u00e9rences d&rsquo;affichage. Ces cookies durent deux jours, les cookies affichent un an.<\/p>\n\n\n\n<p>Vous pouvez \u00e9liminer ou bloquer l&rsquo;utilisation des cookies de votre navigateur si vous pr\u00e9f\u00e9rez ne pas les utiliser, nous expliquons comment ci-dessous:<\/p>\n\n\n\n<h4 class=\"wp-block-heading\">Chrome<\/h4>\n\n\n\n<p><a href=\"https:\/\/support.google.com\/chrome\/answer\/95647?hl=es&amp;hlrm=en\" target=\"_blank\" rel=\"noopener\">https:\/\/support.google.com\/chrome\/answer\/95647?hl=es&amp;hlrm=en<\/a><\/p>\n\n\n\n<p>\u2022 Dans le menu Chrome, s\u00e9lectionnez \u00ab\u00a0Param\u00e8tres\u00a0\u00bb<br>\u2022 Acc\u00e9der aux param\u00e8tres avanc\u00e9s<br>\u2022 Acc\u00e9dez \u00e0 la section \u00ab\u00a0Confidentialit\u00e9 et s\u00e9curit\u00e9\u00a0\u00bb<br>\u2022 Cliquez sur \u00abParam\u00e8tres de contenu\u00bb<br>\u2022 Dans le paragraphe \u00ab\u00a0Cookies\u00a0\u00bb (premier paragraphe), cliquez sur \u00ab\u00a0Cookies et donn\u00e9es du site\u00a0\u00bb<br>\u2022 Trouvez les cookies que vous souhaitez supprimer et cliquez sur \u00ab\u00a0OK\u00a0\u00bb. Vous pouvez \u00e9galement choisir de supprimer tous les cookies.<\/p>\n\n\n\n<h4 class=\"wp-block-heading\">Firefox<\/h4>\n\n\n\n<p><a href=\"https:\/\/support.mozilla.org\/es\/kb\/habilitar-y-deshabilitar-cookies-sitios-web-rastrear-preferencias\" target=\"_blank\" rel=\"noopener\">https:\/\/support.mozilla.org\/es\/kb\/habilitar-y-deshabilitar-cookies-sitios-web-rastrear-preferencias<\/a><\/p>\n\n\n\n<p>\u2022 Dans le menu Firefox, acc\u00e9dez \u00e0 \u00ab\u00a0Outils\u00a0\u00bb puis \u00e0 \u00ab\u00a0Options\u00a0\u00bb<br>\u2022 Dans l&rsquo;onglet \u00ab\u00a0Confidentialit\u00e9 et s\u00e9curit\u00e9\u00a0\u00bb, cliquez sur \u00ab\u00a0Afficher les cookies\u00a0\u00bb<br>\u2022 Trouvez les cookies que vous souhaitez supprimer et cliquez sur \u00ab\u00a0Supprimer les cookies\u00a0\u00bb<\/p>\n\n\n\n<h4 class=\"wp-block-heading\">Internet Explorer<\/h4>\n\n\n\n<p><a href=\"http:\/\/windows.microsoft.com\/es-ES\/windows-vista\/Block-or-allow-cookies\" target=\"_blank\" rel=\"noopener\">http:\/\/windows.microsoft.com\/es-ES\/windows-vista\/Block-or-allow-cookies<\/a><\/p>\n\n\n\n<p>\u2022 Internet Explorer ne permet pas la gestion diff\u00e9renci\u00e9e des cookies. Pour supprimer tous vos cookies:<br>\u2022 Cliquez sur \u00ab\u00a0Outils\u00a0\u00bb puis sur \u00ab\u00a0Options Internet\u00a0\u00bb<br>\u2022 Dans l&rsquo;onglet \u00ab\u00a0G\u00e9n\u00e9ral\u00a0\u00bb, sous \u00ab\u00a0Historique de navigation\u00a0\u00bb, cliquez sur \u00ab\u00a0Supprimer\u00a0\u00bb<br>\u2022 Cochez la case \u00ab\u00a0Cookies\u00a0\u00bb et cliquez sur \u00ab\u00a0Supprimer\u00a0\u00bb<\/p>\n\n\n\n<h4 class=\"wp-block-heading\">Safari<\/h4>\n\n\n\n<p><a href=\"https:\/\/support.apple.com\/kb\/ph21411?locale=es_ES\" target=\"_blank\" rel=\"noopener\">https:\/\/support.apple.com\/kb\/ph21411?locale=es_ES<\/a><\/p>\n\n\n\n<p>\u2022 Dans le menu Safari, s\u00e9lectionnez \u00ab\u00a0Pr\u00e9f\u00e9rences\u00a0\u00bb<br>\u2022 Dans la fen\u00eatre qui appara\u00eet, acc\u00e9dez \u00e0 l&rsquo;onglet \u00ab\u00a0Confidentialit\u00e9\u00a0\u00bb<br>\u2022 Cliquez sur \u00ab\u00a0Afficher les cookies\u00a0\u00bb<br>\u2022 Dans la fen\u00eatre qui s&rsquo;ouvre, recherchez et s\u00e9lectionnez les cookies que vous souhaitez supprimer et cliquez sur \u00ab\u00a0Supprimer\u00a0\u00bb<\/p>\n\n\n\n<h3 class=\"wp-block-heading\">Mode navigation priv\u00e9e<\/h3>\n\n\n\n<p>Le \u00ab\u00a0mode navigation priv\u00e9e\u00a0\u00bb, actuellement propos\u00e9 par tous les navigateurs, vous permet de naviguer \u00ab\u00a0anonymement\u00a0\u00bb, c&rsquo;est-\u00e0-dire sans que les pages visit\u00e9es soient enregistr\u00e9es dans l&rsquo;historique et \u00e9liminent les t\u00e9l\u00e9chargements en fin de navigation. Quant aux cookies, tous ceux qui ont \u00e9t\u00e9 stock\u00e9s lors de votre navigation seront supprim\u00e9s d\u00e8s que vous fermerez votre navigateur. Ce n&rsquo;est donc pas une solution qui vous permet de rejeter les cookies; cependant, sa dur\u00e9e de vie utile est limit\u00e9e \u00e0 la dur\u00e9e de sa navigation.<\/p>\n\n\n\n<h3 class=\"wp-block-heading\">Contenu int\u00e9gr\u00e9 provenant d&rsquo;autres sites Web<\/h3>\n\n\n\n<p>Les articles de ce site peuvent inclure du contenu int\u00e9gr\u00e9 (par exemple, des vid\u00e9os, des images, des articles, etc.). Le contenu int\u00e9gr\u00e9 d&rsquo;autres sites Web se comporte exactement de la m\u00eame mani\u00e8re que si le visiteur avait visit\u00e9 l&rsquo;autre site Web.<\/p>\n\n\n\n<p>Ces sites Web peuvent collecter des donn\u00e9es \u00e0 votre sujet, utiliser des cookies, int\u00e9grer un suivi tiers suppl\u00e9mentaire et surveiller votre interaction avec ce contenu int\u00e9gr\u00e9, y compris le suivi de votre interaction avec le contenu int\u00e9gr\u00e9 si vous avez un compte et \u00eates connect\u00e9 \u00e0 ce site Web.<\/p>\n\n\n\n<h3 class=\"wp-block-heading\">Analyse<\/h3>\n\n\n\n<p>Nous recueillons des donn\u00e9es de navigation anonymes d\u00e9riv\u00e9es de l&rsquo;interaction des utilisateurs avec notre site Web afin de les utiliser dans le cadre d&rsquo;une analyse de leur exp\u00e9rience avec celui-ci.<\/p>\n\n\n\n<h3 class=\"wp-block-heading\">Combien de temps conservons-nous les informations collect\u00e9es<\/h3>\n\n\n\n<p>Si un utilisateur laisse un commentaire, le commentaire et ses m\u00e9tadonn\u00e9es sont enregistr\u00e9s ind\u00e9finiment dans le but de reconna\u00eetre et d&rsquo;approuver les commentaires ult\u00e9rieurs et pour \u00e9viter d&rsquo;avoir \u00e0 entrer de nouveau dans la file d&rsquo;attente de mod\u00e9ration.<br>Nous collectons des informations aupr\u00e8s des utilisateurs qui s&rsquo;inscrivent sur notre site Web et enregistrons les informations fournies dans leur profil d&rsquo;utilisateur. Tous les utilisateurs peuvent afficher, modifier ou supprimer leurs informations personnelles \u00e0 tout moment. Les administrateurs de notre site Web peuvent \u00e9galement consulter et modifier ces informations. information.<\/p>\n\n\n\n<p><\/p>\n\n\n\n<h3 class=\"wp-block-heading\">L\u00e9gitimation du traitement de vos donn\u00e9es personnelles<\/h3>\n\n\n\n<p>La l\u00e9gitimation est bas\u00e9e sur le consentement que vous nous donnez en cliquant sur le bouton \u00ab\u00a0J&rsquo;ai lu et j&rsquo;accepte les conditions d&rsquo;utilisation et la politique de confidentialit\u00e9 du web\u00a0\u00bb<\/p>\n\n\n\n<h3 class=\"wp-block-heading\">Quels droits les utilisateurs de notre site Web ont-ils sur leurs donn\u00e9es<\/h3>\n\n\n\n<p>Les utilisateurs de notre site Web ont les droits suivants concernant le traitement par nous de leurs donn\u00e9es personnelles:<\/p>\n\n\n\n<p>Droit de demander l&rsquo;acc\u00e8s \u00e0 vos donn\u00e9es personnelles.<br>Droit de demander sa rectification ou sa suppression (droit \u00e0 l&rsquo;oubli).<br>Droit de demander la limitation de votre traitement et de vous opposer au traitement<br>Droit \u00e0 la portabilit\u00e9 des donn\u00e9es<\/p>\n\n\n\n<p>Pour exercer vos droits, vous pouvez modifier vos pr\u00e9f\u00e9rences et vos donn\u00e9es personnelles dans votre profil utilisateur, email, t\u00e9l\u00e9phone ou faire une demande par \u00e9crit et l&rsquo;accompagner d&rsquo;une copie de votre pi\u00e8ce d&rsquo;identit\u00e9. Grupo Digalco, SL a des formes ad\u00e9quates \u00e0 cet \u00e9gard. Il vous suffit de le demander ou de soumettre votre propre \u00e9criture \u00e0 Grupo Digalco, SL<\/p>\n\n\n\n<h3 class=\"wp-block-heading\">Information compl\u00e9mentaire<\/h3>\n\n\n\n<p>Les donn\u00e9es personnelles saisies dans le processus de facturation seront utilis\u00e9es pour traiter la commande et am\u00e9liorer l&rsquo;exp\u00e9rience sur notre site Web. Les donn\u00e9es saisies pour effectuer le paiement seront effectu\u00e9es dans le module s\u00e9curis\u00e9 correspondant et ne nous seront \u00e0 aucun moment visibles.<\/p>\n\n\n\n<h3 class=\"wp-block-heading\">Comment nous prot\u00e9geons les donn\u00e9es des utilisateurs<\/h3>\n\n\n\n<p>Grupo Digalco, SL a mis en \u0153uvre les mesures techniques et organisationnelles n\u00e9cessaires pour garantir la s\u00e9curit\u00e9 de vos donn\u00e9es personnelles et \u00e9viter leur alt\u00e9ration, perte et traitement et \/ ou acc\u00e8s non autoris\u00e9, en tenant compte de l&rsquo;\u00e9tat de la technologie, la nature des donn\u00e9es stock\u00e9es et les risques r\u00e9sultant de l&rsquo;action humaine ou de l&rsquo;environnement physique et naturel auquel elles sont expos\u00e9es.Notre site Internet est conforme \u00e0 toutes les exigences du RGPD 2016\/679.<\/p>\n","protected":false},"excerpt":{"rendered":"<p>Qui sommes nous Notre site Web est https:\/\/zoca.es\/fr, propri\u00e9t\u00e9 de Grupo Digalco SL, une soci\u00e9t\u00e9 inscrite au registre du commerce dans le volume 2065 des archives de la section g\u00e9n\u00e9rale, folio 174 feuille n\u00ba C-20399 1\u00e8re immatriculation. Quelles donn\u00e9es personnelles nous collectons et pourquoi nous le faisons Conform\u00e9ment aux dispositions du r\u00e8glement sur la protection [&hellip;]<\/p>\n","protected":false},"author":1,"featured_media":0,"parent":0,"menu_order":0,"comment_status":"closed","ping_status":"closed","template":"","meta":{"zoca_cat_short_desc":"","footnotes":""},"class_list":["post-1302","page","type-page","status-publish","hentry"],"_links":{"self":[{"href":"https:\/\/zoca.es\/fr\/wp-json\/wp\/v2\/pages\/1302","targetHints":{"allow":["GET"]}}],"collection":[{"href":"https:\/\/zoca.es\/fr\/wp-json\/wp\/v2\/pages"}],"about":[{"href":"https:\/\/zoca.es\/fr\/wp-json\/wp\/v2\/types\/page"}],"author":[{"embeddable":true,"href":"https:\/\/zoca.es\/fr\/wp-json\/wp\/v2\/users\/1"}],"replies":[{"embeddable":true,"href":"https:\/\/zoca.es\/fr\/wp-json\/wp\/v2\/comments?post=1302"}],"version-history":[{"count":0,"href":"https:\/\/zoca.es\/fr\/wp-json\/wp\/v2\/pages\/1302\/revisions"}],"wp:attachment":[{"href":"https:\/\/zoca.es\/fr\/wp-json\/wp\/v2\/media?parent=1302"}],"curies":[{"name":"wp","href":"https:\/\/api.w.org\/{rel}","templated":true}]}}