{"id":110205,"date":"2024-07-09T08:29:48","date_gmt":"2024-07-09T07:29:48","guid":{"rendered":"https:\/\/zoca.es\/qui-sommes-nous\/"},"modified":"2024-07-09T08:29:48","modified_gmt":"2024-07-09T07:29:48","slug":"qui-sommes-nous","status":"publish","type":"page","link":"https:\/\/zoca.es\/fr\/qui-sommes-nous\/","title":{"rendered":"Qui sommes nous"},"content":{"rendered":"\n<h2 class=\"wp-block-heading\">Qui sommes nous<\/h2>\n\n<p>Produits informatiques de remise \u00e0 neuf ZocaNous sommes une entreprise d\u00e9di\u00e9e au reconditionnement, \u00e0 la remise \u00e0 neuf et \u00e0 la vente en ligne de tous types de produits informatiques.<\/p>\n\n<p>Nous avons de nombreux certificats de qualit\u00e9 d\u00e9livr\u00e9s par AENOR, une entit\u00e9 reconnue et ind\u00e9pendante, qui garantissent que nos produits, processus et syst\u00e8mes de gestion r\u00e9pondent aux exigences sp\u00e9cifiques conform\u00e9ment aux normes nationales et \u00e0 leur \u00e9quivalent international.<\/p>\n\n<p>Vous pouvez voir nos certifications ISO ci-dessous:<\/p>\n\n<div class=\"wp-block-columns is-layout-flex wp-container-core-columns-is-layout-28f84493 wp-block-columns-is-layout-flex\">\n<div class=\"wp-block-column is-layout-flow wp-block-column-is-layout-flow\" style=\"flex-basis:25%\">\n<figure class=\"wp-block-image size-full\"><img loading=\"lazy\" decoding=\"async\" width=\"1058\" height=\"1497\" src=\"https:\/\/zoca.es\/wp-content\/uploads\/2024\/05\/Certificado-ISO-9001-1-pdf.jpg\" alt=\"\" class=\"wp-image-105285\"\/><\/figure>\n<\/div>\n\n\n\n<div class=\"wp-block-column is-layout-flow wp-block-column-is-layout-flow\" style=\"flex-basis:25%\">\n<figure class=\"wp-block-image size-full\"><img loading=\"lazy\" decoding=\"async\" width=\"1058\" height=\"1497\" src=\"https:\/\/zoca.es\/wp-content\/uploads\/2024\/05\/Certificado-ISO-14001-2-pdf.jpg\" alt=\"\" class=\"wp-image-105289\"\/><\/figure>\n<\/div>\n\n\n\n<div class=\"wp-block-column is-layout-flow wp-block-column-is-layout-flow\" style=\"flex-basis:25%\">\n<figure class=\"wp-block-image size-full\"><img loading=\"lazy\" decoding=\"async\" width=\"636\" height=\"901\" src=\"https:\/\/zoca.es\/wp-content\/uploads\/2022\/09\/iqnet-zoca-14001.png\" alt=\"\" class=\"wp-image-69087\" srcset=\"https:\/\/zoca.es\/wp-content\/uploads\/2022\/09\/iqnet-zoca-14001.png 636w, https:\/\/zoca.es\/wp-content\/uploads\/2022\/09\/iqnet-zoca-14001-212x300.png 212w, https:\/\/zoca.es\/wp-content\/uploads\/2022\/09\/iqnet-zoca-14001-324x459.png 324w, https:\/\/zoca.es\/wp-content\/uploads\/2022\/09\/iqnet-zoca-14001-416x589.png 416w\" sizes=\"auto, (max-width: 636px) 100vw, 636px\" \/><\/figure>\n<\/div>\n\n\n\n<div class=\"wp-block-column is-layout-flow wp-block-column-is-layout-flow\" style=\"flex-basis:25%\">\n<figure class=\"wp-block-image size-full\"><img loading=\"lazy\" decoding=\"async\" width=\"635\" height=\"903\" src=\"https:\/\/zoca.es\/wp-content\/uploads\/2022\/09\/IQNET-ZOCA-9001.png\" alt=\"\" class=\"wp-image-69084\" srcset=\"https:\/\/zoca.es\/wp-content\/uploads\/2022\/09\/IQNET-ZOCA-9001.png 635w, https:\/\/zoca.es\/wp-content\/uploads\/2022\/09\/IQNET-ZOCA-9001-211x300.png 211w, https:\/\/zoca.es\/wp-content\/uploads\/2022\/09\/IQNET-ZOCA-9001-324x461.png 324w, https:\/\/zoca.es\/wp-content\/uploads\/2022\/09\/IQNET-ZOCA-9001-416x592.png 416w\" sizes=\"auto, (max-width: 635px) 100vw, 635px\" \/><\/figure>\n<\/div>\n<\/div>\n\n<p>Nous sommes une entreprise avec 23 ans d&rsquo;histoire, hautement sp\u00e9cialis\u00e9e dans le mat\u00e9riel informatique qui a su \u00e9voluer au rythme que les \u00e9v\u00e9nements ont fix\u00e9 et toujours avec le m\u00eame objectif: bien faire les choses.<\/p>\n\n<p>Nous avons \u00e9t\u00e9 pionniers dans le d\u00e9veloppement de cette industrie et nous sentons que nous en sommes les protagonistes. Lorsqu&rsquo;en 1997, nous avons commenc\u00e9 le reconditionnement de produits informatiques, il est devenu clair que ces produits d\u00e9sinstall\u00e9s des grandes entreprises pouvaient \u00eatre recycl\u00e9s de mani\u00e8re diff\u00e9rente et que tous les clients n&rsquo;avaient pas les m\u00eames besoins. Nous avons cru d\u00e8s le d\u00e9part que c&rsquo;\u00e9tait un moyen parfait de recycler pour la valeur.<br\/>Rien de mieux que de reconditionner un produit pour lui donner une seconde vie et ainsi \u00e9viter la surproduction de biens de consommation.<br\/>L&rsquo;achat d&rsquo;un produit reconditionn\u00e9 pr\u00e9sente de nombreux avantages pour ceux qui l&rsquo;ach\u00e8tent: d&rsquo;une part, il satisfait leurs besoins avec des \u00e9conomies importantes et, d&rsquo;autre part, avec cette d\u00e9cision, il contribue \u00e0 cr\u00e9er une conscience commune de la r\u00e9utilisation des ressources de la plan\u00e8te.<\/p>\n\n<p>Nous savons clairement pourquoi nous le faisons et pour qui nous le faisons. Nous sommes des gens qui travaillent pour les gens et qui se connectent en parlant la m\u00eame langue.<\/p>\n\n<p>Les produits que vous consultez sur notre site Web ont \u00e9t\u00e9 fabriqu\u00e9s par nos soins, nous les avons reconditionn\u00e9s pour vous. Nous les connaissons en d\u00e9tail. Nous pouvons vous fournir toutes les informations dont vous avez besoin.<\/p>\n\n<p>Contrairement \u00e0 d&rsquo;autres mod\u00e8les commerciaux, nos produits quittent notre usine de mat\u00e9riel, reconditionn\u00e9s et sous les normes de qualit\u00e9 ISO 9001 et l&rsquo;environnement ISO 14001 &#8211;<\/p>\n\n<p>Les personnes qui travaillent chez Zoca sont des sp\u00e9cialistes dans leurs diff\u00e9rents domaines. 100\/5000 Chacun conna\u00eet en d\u00e9tail son travail, car c&rsquo;est l\u00e0 que les produits sont fabriqu\u00e9s.<br\/>Nous travaillons sans interm\u00e9diaires, directement au client et cela nous permet de lui transf\u00e9rer, s\u00e9curit\u00e9, certitude, imm\u00e9diatet\u00e9 et par cons\u00e9quent une meilleure exp\u00e9rience.<br\/>Faites le test et appelez-nous ou discutez avec nous. Vous verrez ce que nous disons.<\/p>\n\n<style>.entry-content{margin:0!important}\n<\/style>\n\n<p><\/p>\n","protected":false},"excerpt":{"rendered":"<p>Qui sommes nous Produits informatiques de remise \u00e0 neuf ZocaNous sommes une entreprise d\u00e9di\u00e9e au reconditionnement, \u00e0 la remise \u00e0 neuf et \u00e0 la vente en ligne de tous types de produits informatiques. Nous avons de nombreux certificats de qualit\u00e9 d\u00e9livr\u00e9s par AENOR, une entit\u00e9 reconnue et ind\u00e9pendante, qui garantissent que nos produits, processus et [&hellip;]<\/p>\n","protected":false},"author":1,"featured_media":0,"parent":0,"menu_order":0,"comment_status":"closed","ping_status":"closed","template":"","meta":{"zoca_cat_short_desc":"","footnotes":""},"class_list":["post-110205","page","type-page","status-publish","hentry"],"_links":{"self":[{"href":"https:\/\/zoca.es\/fr\/wp-json\/wp\/v2\/pages\/110205","targetHints":{"allow":["GET"]}}],"collection":[{"href":"https:\/\/zoca.es\/fr\/wp-json\/wp\/v2\/pages"}],"about":[{"href":"https:\/\/zoca.es\/fr\/wp-json\/wp\/v2\/types\/page"}],"author":[{"embeddable":true,"href":"https:\/\/zoca.es\/fr\/wp-json\/wp\/v2\/users\/1"}],"replies":[{"embeddable":true,"href":"https:\/\/zoca.es\/fr\/wp-json\/wp\/v2\/comments?post=110205"}],"version-history":[{"count":0,"href":"https:\/\/zoca.es\/fr\/wp-json\/wp\/v2\/pages\/110205\/revisions"}],"wp:attachment":[{"href":"https:\/\/zoca.es\/fr\/wp-json\/wp\/v2\/media?parent=110205"}],"curies":[{"name":"wp","href":"https:\/\/api.w.org\/{rel}","templated":true}]}}