{"id":99060,"date":"2024-02-22T12:35:18","date_gmt":"2024-02-22T11:35:18","guid":{"rendered":"https:\/\/zoca.es\/producto\/tableta-grafica-wacom-intuos-pro-l-pth-860-reacondicionado-es-11695\/"},"modified":"2025-09-23T15:35:22","modified_gmt":"2025-09-23T14:35:22","slug":"tableta-grafica-wacom-intuos-pro-l-pth-860-reacondicionado-es-11695","status":"publish","type":"product","link":"https:\/\/zoca.es\/en\/producto\/tableta-grafica-wacom-intuos-pro-l-pth-860-reacondicionado-es-11695\/","title":{"rendered":"Wacom Intuos Pro L Tableta Gr\u00e1fica"},"content":{"rendered":"<p><b>Tecnolog\u00eda: <\/b><br \/>Tableta Gr\u00e1fica<br \/><b>Resoluci\u00f3n: <\/b><br \/>5080 lpi<br \/><b>Niveles Presi\u00f3n: <\/b><br \/>8.192<br \/><b>Conectividad: <\/b><br \/>Bluetooth \/ USB<br \/><b>Panel: <\/b><br \/>Multi-Touch<br \/><b>Dimensiones: <\/b><br \/>43 x 28,7 x 0,8 cm<br \/><b>Peso: <\/b><br \/>1,3 Kgrs.<\/p>\n","protected":false},"excerpt":{"rendered":"<p>Libera tu creatividad con la Wacom Intuos Pro L reacondicionada. \u00c1rea activa grande, l\u00e1piz profesional y dise\u00f1o premium para artistas exigentes.<\/p>\n","protected":false},"featured_media":99061,"template":"","meta":[],"product_brand":[3488],"product_cat":[2334],"product_tag":[],"class_list":{"0":"post-99060","1":"product","2":"type-product","3":"status-publish","4":"has-post-thumbnail","6":"product_brand-wacom","7":"product_cat-wacom-es","9":"first","10":"outofstock","11":"taxable","12":"shipping-taxable","13":"purchasable","14":"product-type-simple"},"bundled_by":[],"bundle_stock_status":"outofstock","bundle_stock_quantity":0,"bundle_virtual":false,"bundle_layout":"","bundle_add_to_cart_form_location":"","bundle_editable_in_cart":false,"bundle_sold_individually_context":"","bundle_item_grouping":"","bundle_min_size":"","bundle_max_size":"","bundle_price":[],"bundled_items":[],"bundle_sell_ids":[],"exclude_global_add_ons":[],"addons":[],"df_price":215.38,"df_sale_price":"","df_regular_price":215.38,"df_image_link":"https:\/\/zoca.es\/wp-content\/uploads\/images\/product\/11695\/wcm00011_01-300x225.jpg","_links":{"self":[{"href":"https:\/\/zoca.es\/en\/wp-json\/wp\/v2\/product\/99060","targetHints":{"allow":["GET"]}}],"collection":[{"href":"https:\/\/zoca.es\/en\/wp-json\/wp\/v2\/product"}],"about":[{"href":"https:\/\/zoca.es\/en\/wp-json\/wp\/v2\/types\/product"}],"wp:featuredmedia":[{"embeddable":true,"href":"https:\/\/zoca.es\/en\/wp-json\/wp\/v2\/media\/99061"}],"wp:attachment":[{"href":"https:\/\/zoca.es\/en\/wp-json\/wp\/v2\/media?parent=99060"}],"wp:term":[{"taxonomy":"product_brand","embeddable":true,"href":"https:\/\/zoca.es\/en\/wp-json\/wp\/v2\/product_brand?post=99060"},{"taxonomy":"product_cat","embeddable":true,"href":"https:\/\/zoca.es\/en\/wp-json\/wp\/v2\/product_cat?post=99060"},{"taxonomy":"product_tag","embeddable":true,"href":"https:\/\/zoca.es\/en\/wp-json\/wp\/v2\/product_tag?post=99060"}],"curies":[{"name":"wp","href":"https:\/\/api.w.org\/{rel}","templated":true}]}}