{"id":97908,"date":"2024-02-08T11:43:03","date_gmt":"2024-02-08T10:43:03","guid":{"rendered":"https:\/\/zoca.es\/producto\/lector-codigo-de-barras-opticon-opn-2001-reacondicionado-es-6050\/"},"modified":"2026-03-25T13:05:45","modified_gmt":"2026-03-25T12:05:45","slug":"lector-codigo-de-barras-opticon-opn-2001-reacondicionado-es-6050","status":"publish","type":"product","link":"https:\/\/zoca.es\/en\/producto\/lector-codigo-de-barras-opticon-opn-2001-reacondicionado-es-6050\/","title":{"rendered":"Lector c\u00f3digo de barras OPTICON OPN-2001 | Reacondicionado"},"content":{"rendered":"<p><strong>CPU:<\/strong><br \/>ARM7 32-bit<br \/><strong>Memoria:<\/strong><br \/>FlashROM: 512 Kb.<br \/>RAM: 64 Kb.<br \/><strong>Indicadores Escaneo:<\/strong><br \/>Led Visible<br \/>Se\u00f1al Audible<br \/><strong>Teclas:<\/strong><br \/>Tecla escaneo<br \/>Tecla reseteo<br \/><strong>Interface:<\/strong><br \/>Mini-USB 1.1<br \/><strong>Dimensiones:<\/strong><br \/>32 x 62 x 16 mm.<br \/><strong>Peso:<\/strong><br \/>28 Grs.<br \/><strong>Comentarios:<\/strong><br \/>Escaner C\u00f3digo de Barras Manual &#8211; Escaneado con un s\u00f3lo toque &#8211; Escaner por lotes m\u00e1s asequible &#8211; Cabe en un bolsillo o llavero &#8211; Hasta 100 escaneos\/seg. &#8211; Hasta 15.000 c\u00f3digos de barras en almacenamiento &#8211; Conexi\u00f3n y Carga por USB<\/p>\n","protected":false},"excerpt":{"rendered":"<p>Escaner C\u00f3digo de Barras Manual &#8211; Escaneado con un s\u00f3lo toque &#8211; Escaner por lotes m\u00e1s asequible &#8211; Cabe en un bolsillo o llavero &#8211; Hasta 100 escaneos\/seg. &#8211; Hasta 15.000 c\u00f3digos de barras en almacenamiento &#8211; Conexi\u00f3n y Carga por USB<\/p>\n","protected":false},"featured_media":97909,"template":"","meta":[],"product_brand":[],"product_cat":[60,2322],"product_tag":[],"class_list":{"0":"post-97908","1":"product","2":"type-product","3":"status-publish","4":"has-post-thumbnail","6":"product_cat-tpv-es","7":"product_cat-tpv-lector-cod-barras-es","9":"first","10":"outofstock","11":"taxable","12":"shipping-taxable","13":"purchasable","14":"product-type-simple"},"bundled_by":[],"bundle_stock_status":"outofstock","bundle_stock_quantity":0,"bundle_virtual":false,"bundle_layout":"","bundle_add_to_cart_form_location":"","bundle_editable_in_cart":false,"bundle_sold_individually_context":"","bundle_item_grouping":"","bundle_min_size":"","bundle_max_size":"","bundle_price":[],"bundled_items":[],"bundle_sell_ids":[],"exclude_global_add_ons":[],"addons":[],"df_price":48.4,"df_sale_price":"","df_regular_price":48.4,"df_image_link":"https:\/\/zoca.es\/wp-content\/uploads\/images\/product\/6050\/gene00207_01-300x225.jpg","_links":{"self":[{"href":"https:\/\/zoca.es\/en\/wp-json\/wp\/v2\/product\/97908","targetHints":{"allow":["GET"]}}],"collection":[{"href":"https:\/\/zoca.es\/en\/wp-json\/wp\/v2\/product"}],"about":[{"href":"https:\/\/zoca.es\/en\/wp-json\/wp\/v2\/types\/product"}],"wp:featuredmedia":[{"embeddable":true,"href":"https:\/\/zoca.es\/en\/wp-json\/wp\/v2\/media\/97909"}],"wp:attachment":[{"href":"https:\/\/zoca.es\/en\/wp-json\/wp\/v2\/media?parent=97908"}],"wp:term":[{"taxonomy":"product_brand","embeddable":true,"href":"https:\/\/zoca.es\/en\/wp-json\/wp\/v2\/product_brand?post=97908"},{"taxonomy":"product_cat","embeddable":true,"href":"https:\/\/zoca.es\/en\/wp-json\/wp\/v2\/product_cat?post=97908"},{"taxonomy":"product_tag","embeddable":true,"href":"https:\/\/zoca.es\/en\/wp-json\/wp\/v2\/product_tag?post=97908"}],"curies":[{"name":"wp","href":"https:\/\/api.w.org\/{rel}","templated":true}]}}