{"id":97803,"date":"2024-02-08T11:07:33","date_gmt":"2024-02-08T10:07:33","guid":{"rendered":"https:\/\/zoca.es\/producto\/opcion-portatil-for-hpdell-spanish-keyboard-nuevo-es-6099\/"},"modified":"2025-09-12T10:45:52","modified_gmt":"2025-09-12T09:45:52","slug":"opcion-portatil-for-hpdell-spanish-keyboard-nuevo-es-6099","status":"publish","type":"product","link":"https:\/\/zoca.es\/en\/producto\/opcion-portatil-for-hpdell-spanish-keyboard-nuevo-es-6099\/","title":{"rendered":"Pegatinas Teclado Espa\u00f1ol para Port\u00e1til HP\/DELL"},"content":{"rendered":"<table class=\"table\" aria-describedby=\"heading-ficha-tecnica\">\n<caption class=\"sr-only\">Ficha t\u00e9cnica de Pegatinas Teclado Espa\u00f1ol HP\/DELL<\/caption>\n<tbody>\n<tr class=\"compont d-flex\">\n<th scope=\"row\" class=\"col-4\">Marca<\/th>\n<td class=\"col-8\">Hardware Refurbished<\/td>\n<\/tr>\n<tr class=\"compont d-flex\">\n<th scope=\"row\" class=\"col-4\">Compatibilidad<\/th>\n<td class=\"col-8\">Port\u00e1tiles HP y DELL con teclado internacional<\/td>\n<\/tr>\n<tr class=\"compont d-flex\">\n<th scope=\"row\" class=\"col-4\">N\u00famero de teclas<\/th>\n<td class=\"col-8\">48<\/td>\n<\/tr>\n<tr class=\"compont d-flex\">\n<th scope=\"row\" class=\"col-4\">Medida de tecla<\/th>\n<td class=\"col-8\">13 x 13 mm<\/td>\n<\/tr>\n<tr class=\"compont d-flex\">\n<th scope=\"row\" class=\"col-4\">Color<\/th>\n<td class=\"col-8\">Letras blancas sobre fondo negro<\/td>\n<\/tr>\n<tr class=\"compont d-flex\">\n<th scope=\"row\" class=\"col-4\">Otros<\/th>\n<td class=\"col-8\">Alta resistencia y durabilidad<\/td>\n<\/tr>\n<\/tbody>\n<\/table>\n","protected":false},"excerpt":{"rendered":"<p>Convierte tu teclado internacional en espa\u00f1ol con estas pegatinas universales de alta resistencia. Dise\u00f1adas para la mayor\u00eda de los port\u00e1tiles HP y DELL, permiten una adaptaci\u00f3n r\u00e1pida, duradera y con acabado profesional. Incluyen 48 teclas con letras blancas sobre fondo negro para un resultado discreto y c\u00f3modo. Una soluci\u00f3n sencilla, econ\u00f3mica y eficaz.<\/p>\n","protected":false},"featured_media":97804,"template":"","meta":[],"product_brand":[3465],"product_cat":[3263,2252,3083,3101],"product_tag":[],"class_list":{"0":"post-97803","1":"product","2":"type-product","3":"status-publish","4":"has-post-thumbnail","6":"product_brand-generic","7":"product_cat-perifericos-es","8":"product_cat-portatiles-es","9":"product_cat-portatiles-opciones-es","10":"product_cat-portatiles-opciones-pegatinas-teclado-es","12":"first","13":"outofstock","14":"taxable","15":"shipping-taxable","16":"purchasable","17":"product-type-simple"},"bundled_by":[],"bundle_stock_status":"outofstock","bundle_stock_quantity":-2,"bundle_virtual":false,"bundle_layout":"","bundle_add_to_cart_form_location":"","bundle_editable_in_cart":false,"bundle_sold_individually_context":"","bundle_item_grouping":"","bundle_min_size":"","bundle_max_size":"","bundle_price":[],"bundled_items":[],"bundle_sell_ids":[],"exclude_global_add_ons":[],"addons":[],"df_price":6.05,"df_sale_price":"","df_regular_price":6.05,"df_image_link":"https:\/\/zoca.es\/wp-content\/uploads\/images\/product\/6099\/gene00233_01-300x225.jpg","_links":{"self":[{"href":"https:\/\/zoca.es\/en\/wp-json\/wp\/v2\/product\/97803","targetHints":{"allow":["GET"]}}],"collection":[{"href":"https:\/\/zoca.es\/en\/wp-json\/wp\/v2\/product"}],"about":[{"href":"https:\/\/zoca.es\/en\/wp-json\/wp\/v2\/types\/product"}],"wp:featuredmedia":[{"embeddable":true,"href":"https:\/\/zoca.es\/en\/wp-json\/wp\/v2\/media\/97804"}],"wp:attachment":[{"href":"https:\/\/zoca.es\/en\/wp-json\/wp\/v2\/media?parent=97803"}],"wp:term":[{"taxonomy":"product_brand","embeddable":true,"href":"https:\/\/zoca.es\/en\/wp-json\/wp\/v2\/product_brand?post=97803"},{"taxonomy":"product_cat","embeddable":true,"href":"https:\/\/zoca.es\/en\/wp-json\/wp\/v2\/product_cat?post=97803"},{"taxonomy":"product_tag","embeddable":true,"href":"https:\/\/zoca.es\/en\/wp-json\/wp\/v2\/product_tag?post=97803"}],"curies":[{"name":"wp","href":"https:\/\/api.w.org\/{rel}","templated":true}]}}