{"id":84919,"date":"2023-05-25T15:30:57","date_gmt":"2023-05-25T14:30:57","guid":{"rendered":"https:\/\/zoca.es\/producto\/cable-hardware-refurbished-cableadap-displayport-a-dvi-d-15-mts-reacondicionado-es-7216\/"},"modified":"2026-01-30T08:25:19","modified_gmt":"2026-01-30T07:25:19","slug":"cable-hardware-refurbished-cableadap-displayport-a-dvi-d-15-mts-reacondicionado-es-7216","status":"publish","type":"product","link":"https:\/\/zoca.es\/en\/producto\/cable-hardware-refurbished-cableadap-displayport-a-dvi-d-15-mts-reacondicionado-es-7216\/","title":{"rendered":"Cable DisplayPort a DVI-D 1.5 metros Componente Componentes"},"content":{"rendered":"<table class=\"table\" aria-describedby=\"heading-ficha-tecnica\">\n<caption class=\"sr-only\">Ficha t\u00e9cnica de Cable DisplayPort a DVI-D 1.5m<\/caption>\n<tbody>\n<tr class=\"compont d-flex\">\n<th scope=\"row\" class=\"col-4\">Tipo<\/th>\n<td class=\"col-8\">Cable de v\u00eddeo<\/td>\n<\/tr>\n<tr class=\"compont d-flex\">\n<th scope=\"row\" class=\"col-4\">Conector 1<\/th>\n<td class=\"col-8\">DisplayPort<\/td>\n<\/tr>\n<tr class=\"compont d-flex\">\n<th scope=\"row\" class=\"col-4\">Conector 2<\/th>\n<td class=\"col-8\">DVI-D<\/td>\n<\/tr>\n<tr class=\"compont d-flex\">\n<th scope=\"row\" class=\"col-4\">Longitud<\/th>\n<td class=\"col-8\">1.5 metros<\/td>\n<\/tr>\n<tr class=\"compont d-flex\">\n<th scope=\"row\" class=\"col-4\">Estado<\/th>\n<td class=\"col-8\">Nuevo<\/td>\n<\/tr>\n<\/tbody>\n<\/table>\n","protected":false},"excerpt":{"rendered":"<p>Consigue este cable DisplayPort a DVI-D nuevo de 1.5 metros, ideal para conectar tu PC a cualquier monitor compatible de manera sencilla y segura. Ofrece una se\u00f1al estable y sin interrupciones, garantizando im\u00e1genes claras y fluidas. Una soluci\u00f3n pr\u00e1ctica y duradera para oficinas, estudiantes o uso dom\u00e9stico, con toda la confianza de ZOCA.<\/p>\n","protected":false},"featured_media":84920,"template":"","meta":[],"product_brand":[],"product_cat":[3243,2404,2407],"product_tag":[],"class_list":{"0":"post-84919","1":"product","2":"type-product","3":"status-publish","4":"has-post-thumbnail","6":"product_cat-cables-displayport-es","7":"product_cat-componentes-es","8":"product_cat-componentes-cables-es","10":"first","11":"instock","12":"taxable","13":"shipping-taxable","14":"purchasable","15":"product-type-simple"},"bundled_by":[],"bundle_stock_status":"instock","bundle_stock_quantity":95,"bundle_virtual":false,"bundle_layout":"","bundle_add_to_cart_form_location":"","bundle_editable_in_cart":false,"bundle_sold_individually_context":"","bundle_item_grouping":"","bundle_min_size":"","bundle_max_size":"","bundle_price":[],"bundled_items":[],"bundle_sell_ids":[],"exclude_global_add_ons":[],"addons":[],"df_price":8.47,"df_sale_price":"","df_regular_price":8.47,"df_image_link":"https:\/\/zoca.es\/wp-content\/uploads\/images\/product\/7216\/481409001_01-300x225.jpg","_links":{"self":[{"href":"https:\/\/zoca.es\/en\/wp-json\/wp\/v2\/product\/84919","targetHints":{"allow":["GET"]}}],"collection":[{"href":"https:\/\/zoca.es\/en\/wp-json\/wp\/v2\/product"}],"about":[{"href":"https:\/\/zoca.es\/en\/wp-json\/wp\/v2\/types\/product"}],"wp:featuredmedia":[{"embeddable":true,"href":"https:\/\/zoca.es\/en\/wp-json\/wp\/v2\/media\/84920"}],"wp:attachment":[{"href":"https:\/\/zoca.es\/en\/wp-json\/wp\/v2\/media?parent=84919"}],"wp:term":[{"taxonomy":"product_brand","embeddable":true,"href":"https:\/\/zoca.es\/en\/wp-json\/wp\/v2\/product_brand?post=84919"},{"taxonomy":"product_cat","embeddable":true,"href":"https:\/\/zoca.es\/en\/wp-json\/wp\/v2\/product_cat?post=84919"},{"taxonomy":"product_tag","embeddable":true,"href":"https:\/\/zoca.es\/en\/wp-json\/wp\/v2\/product_tag?post=84919"}],"curies":[{"name":"wp","href":"https:\/\/api.w.org\/{rel}","templated":true}]}}