{"id":68648,"date":"2022-08-31T09:12:09","date_gmt":"2022-08-31T08:12:09","guid":{"rendered":"https:\/\/zoca.es\/producto\/lenovo-thinkcentre-m93p-tiny-reacondicionado-core-i5-29ghz-8-gb-ram-500-gb-ssd-usdt-es-4437\/"},"modified":"2025-12-20T13:01:07","modified_gmt":"2025-12-20T12:01:07","slug":"lenovo-thinkcentre-m93p-tiny-reacondicionado-core-i5-29ghz-8-gb-ram-500-gb-ssd-usdt-es-4437","status":"publish","type":"product","link":"https:\/\/zoca.es\/en\/producto\/lenovo-thinkcentre-m93p-tiny-reacondicionado-core-i5-29ghz-8-gb-ram-500-gb-ssd-usdt-es-4437\/","title":{"rendered":"Lenovo ThinkCentre M93P Tiny USDT | Reacondicionado | Core i5 2.9GHz | 8 GB RAM | 500 GB SSD"},"content":{"rendered":"<p><strong>Procesador<\/strong><br \/>Intel Core i5 4570T 2.9 GHz. [TPM 1.2]<br \/><strong>Formato<\/strong><br \/>USDT<br \/><strong>Memoria RAM<\/strong><br \/>8 Gb. SO-DDR3 RAM<br \/><strong>Disco duro<\/strong><br \/>500 Gb. SSD<br \/><strong>Tarjetas<\/strong><br \/>Gr\u00e1fica: Intel HD Graphics 4600<br \/>Sonido: High Definition Audio<br \/>Red: L217LM<br \/><strong>Sistema operativo<\/strong><br \/>Windows 10 Pro<br \/><strong>Puertos<\/strong><br \/>Serie<br \/>5x USB 3.0<br \/><strong>Puertos de v\u00eddeo<\/strong><br \/>VGA<br \/>Display Port<br \/><strong>Conectividad<\/strong><br \/>RJ-45<br \/><strong>Otros<\/strong><br \/>Embalaje hR<br \/><strong>Dimensiones<\/strong><br \/>19x18x3.5 cm.<br \/><strong>Peso<\/strong><br \/>1.20 Kg.<br \/><strong>Especificaciones adicionales<\/strong><br \/>Buen aspecto exterior. Mira en \u201c+ Fotos\u201d y &#8220;Video&#8221; y si tienes alguna duda ll\u00e1manos o usa nuestro chat para ampliar la informaci\u00f3n\u00a0 o para solicitar mas detalles.<\/p>\n","protected":false},"excerpt":{"rendered":"<p>Intel Core i5 4570T 2.9 GHz. [TPM 1.2] \u00b7 8 Gb. SO-DDR3 RAM \u00b7 500 Gb. SSD \u00b7 Windows 10 Pro<\/p>\n","protected":false},"featured_media":68649,"template":"","meta":[],"product_brand":[3452],"product_cat":[2217,2226],"product_tag":[],"class_list":{"0":"post-68648","1":"product","2":"type-product","3":"status-publish","4":"has-post-thumbnail","6":"product_brand-lenovo","7":"product_cat-ordenadores-es","8":"product_cat-ordenadores-mini-es","10":"first","11":"outofstock","12":"taxable","13":"shipping-taxable","14":"purchasable","15":"product-type-simple"},"bundled_by":[],"bundle_stock_status":"outofstock","bundle_stock_quantity":0,"bundle_virtual":false,"bundle_layout":"","bundle_add_to_cart_form_location":"","bundle_editable_in_cart":false,"bundle_sold_individually_context":"","bundle_item_grouping":"","bundle_min_size":"","bundle_max_size":"","bundle_price":[],"bundled_items":[],"bundle_sell_ids":[],"exclude_global_add_ons":true,"addons":{"webcam-upgrades":{"name":"Ampliaci\u00f3n Webcam","type":"multiple_choice","position":0,"required":false,"title_format":"heading","default":"","description_enable":false,"description":"","placeholder_enable":false,"placeholder":"","display":"radiobutton","restrictions_type":"any_text","adjust_price":false,"price":"","price_type":"quantity_based","restrictions":false,"min":"0","max":"0","options":[{"label":"Conceptronic AMDIS FullHD [AMP00085]","price":"29.0000","price_type":"quantity_based","image":0,"visibility":true}]},"ram-memory-upgrades":{"name":"Ampliaci\u00f3n RAM","type":"multiple_choice","position":0,"required":false,"title_format":"heading","default":"","description_enable":false,"description":"","placeholder_enable":false,"placeholder":"","display":"radiobutton","restrictions_type":"any_text","adjust_price":false,"price":"","price_type":"quantity_based","restrictions":false,"min":"0","max":"0","options":[{"label":"Ampliaci\u00f3n 16 Gb RAM SODIM DDR3 [AMP00004]","price":"50.0000","price_type":"quantity_based","image":0,"visibility":true}]},"hdd-upgrades":{"name":"Ampliaci\u00f3n disco duro","type":"multiple_choice","position":0,"required":false,"title_format":"heading","default":"","description_enable":false,"description":"","placeholder_enable":false,"placeholder":"","display":"radiobutton","restrictions_type":"any_text","adjust_price":false,"price":"","price_type":"quantity_based","restrictions":false,"min":"0","max":"0","options":[{"label":"Cambio a Disco SSD 1 Tb. [AMP00071]","price":"95.0000","price_type":"quantity_based","image":0,"visibility":true}]},"network-card-upgrades":{"name":"Ampliaci\u00f3n WIFI","type":"multiple_choice","position":0,"required":false,"title_format":"heading","default":"","description_enable":false,"description":"","placeholder_enable":false,"placeholder":"","display":"radiobutton","restrictions_type":"any_text","adjust_price":false,"price":"","price_type":"quantity_based","restrictions":false,"min":"0","max":"0","options":[{"label":"Ampliaci\u00f3n a Wireless nano USB [AMP00018]","price":"12.0000","price_type":"quantity_based","image":0,"visibility":true}]},"os-upgrades":{"name":"Ampliaci\u00f3n SO","type":"multiple_choice","position":0,"required":false,"title_format":"heading","default":"","description_enable":false,"description":"","placeholder_enable":false,"placeholder":"","display":"radiobutton","restrictions_type":"any_text","adjust_price":false,"price":"","price_type":"quantity_based","restrictions":false,"min":"0","max":"0","options":[{"label":"Cambiar idioma a Ingl\u00e9s [AMP00008]","price":"0.0000","price_type":"quantity_based","image":0,"visibility":true},{"label":"Cambiar idioma a Portugu\u00e9s [AMP00009]","price":"0.0000","price_type":"quantity_based","image":0,"visibility":true},{"label":"Cambiar idioma a Franc\u00e9s [AMP00125]","price":"0.0000","price_type":"quantity_based","image":0,"visibility":true},{"label":"Cambio a Windows 32 bits [AMP00005]","price":"10.0000","price_type":"quantity_based","image":0,"visibility":true}]},"keyboard-upgrades":{"name":"Ampliaci\u00f3n teclado","type":"multiple_choice","position":0,"required":false,"title_format":"heading","default":"","description_enable":false,"description":"","placeholder_enable":false,"placeholder":"","display":"radiobutton","restrictions_type":"any_text","adjust_price":false,"price":"","price_type":"quantity_based","restrictions":false,"min":"0","max":"0","options":[{"label":"Teclado y Rat\u00f3n [AMP00020]","price":"8.0000","price_type":"quantity_based","image":0,"visibility":true},{"label":"Teclado y Rat\u00f3n Portugu\u00e9s Nuevo [AMP00088]","price":"15.0000","price_type":"quantity_based","image":0,"visibility":true},{"label":"Teclado y Rat\u00f3n USB Espa\u00f1ol (Nuevo) [AMP00068]","price":"12.0000","price_type":"quantity_based","image":0,"visibility":true}]}},"df_price":137.94,"df_sale_price":"","df_regular_price":137.94,"df_image_link":"https:\/\/zoca.es\/wp-content\/uploads\/images\/product\/4437\/leno00378_01-300x225.jpg","_links":{"self":[{"href":"https:\/\/zoca.es\/en\/wp-json\/wp\/v2\/product\/68648","targetHints":{"allow":["GET"]}}],"collection":[{"href":"https:\/\/zoca.es\/en\/wp-json\/wp\/v2\/product"}],"about":[{"href":"https:\/\/zoca.es\/en\/wp-json\/wp\/v2\/types\/product"}],"wp:featuredmedia":[{"embeddable":true,"href":"https:\/\/zoca.es\/en\/wp-json\/wp\/v2\/media\/68649"}],"wp:attachment":[{"href":"https:\/\/zoca.es\/en\/wp-json\/wp\/v2\/media?parent=68648"}],"wp:term":[{"taxonomy":"product_brand","embeddable":true,"href":"https:\/\/zoca.es\/en\/wp-json\/wp\/v2\/product_brand?post=68648"},{"taxonomy":"product_cat","embeddable":true,"href":"https:\/\/zoca.es\/en\/wp-json\/wp\/v2\/product_cat?post=68648"},{"taxonomy":"product_tag","embeddable":true,"href":"https:\/\/zoca.es\/en\/wp-json\/wp\/v2\/product_tag?post=68648"}],"curies":[{"name":"wp","href":"https:\/\/api.w.org\/{rel}","templated":true}]}}