{"id":46612,"date":"2021-12-30T16:47:15","date_gmt":"2021-12-30T15:47:15","guid":{"rendered":"https:\/\/zoca.es\/producto\/opcion-portatil-lenovo-thinkpad-thunderbolt-3-dock-reacondicionado-es-8863\/"},"modified":"2026-03-25T13:04:57","modified_gmt":"2026-03-25T12:04:57","slug":"opcion-portatil-lenovo-thinkpad-thunderbolt-3-dock-reacondicionado-es-8863","status":"publish","type":"product","link":"https:\/\/zoca.es\/en\/producto\/opcion-portatil-lenovo-thinkpad-thunderbolt-3-dock-reacondicionado-es-8863\/","title":{"rendered":"Lenovo ThinkPad Thunderbolt 3 Dockstation"},"content":{"rendered":"<p><strong>Puertos:<\/strong><br \/>5xUSB3 3.0 (1 Powered) &#8211; 1xUSB-C (Thunderbolt 3 downstream, 5V, 3A) &#8211; 1xUSB-C (Thunderbolt 3) &#8211; 1xHDMI &#8211; 2xDisplayPort &#8211; 1xVGA &#8211; 1xRJ45 &#8211; P\/N: <u>03X7133<\/u><br \/><strong>Otros:<\/strong><u>Adaptador de corriente incluido<\/u><\/p>\n","protected":false},"excerpt":{"rendered":"<p>Adquiere esta base Lenovo reacondicionada y transforma tu port\u00e1til en una estaci\u00f3n avanzada con conexi\u00f3n Thunderbolt 3, m\u00faltiples puertos y dise\u00f1o resistente.<\/p>\n","protected":false},"featured_media":60298,"template":"","meta":[],"product_brand":[3452],"product_cat":[2252,3083,3092],"product_tag":[],"class_list":{"0":"post-46612","1":"product","2":"type-product","3":"status-publish","4":"has-post-thumbnail","6":"product_brand-lenovo","7":"product_cat-portatiles-es","8":"product_cat-portatiles-opciones-es","9":"product_cat-portatiles-opciones-docking-station-es","11":"first","12":"outofstock","13":"taxable","14":"shipping-taxable","15":"purchasable","16":"product-type-simple"},"bundled_by":[],"bundle_stock_status":"outofstock","bundle_stock_quantity":0,"bundle_virtual":false,"bundle_layout":"","bundle_add_to_cart_form_location":"","bundle_editable_in_cart":false,"bundle_sold_individually_context":"","bundle_item_grouping":"","bundle_min_size":"","bundle_max_size":"","bundle_price":[],"bundled_items":[],"bundle_sell_ids":[],"exclude_global_add_ons":[],"addons":[],"df_price":130.68,"df_sale_price":"","df_regular_price":130.68,"df_image_link":"https:\/\/zoca.es\/wp-content\/uploads\/images\/product\/8863\/leno00630_01-300x225.jpg","_links":{"self":[{"href":"https:\/\/zoca.es\/en\/wp-json\/wp\/v2\/product\/46612","targetHints":{"allow":["GET"]}}],"collection":[{"href":"https:\/\/zoca.es\/en\/wp-json\/wp\/v2\/product"}],"about":[{"href":"https:\/\/zoca.es\/en\/wp-json\/wp\/v2\/types\/product"}],"wp:featuredmedia":[{"embeddable":true,"href":"https:\/\/zoca.es\/en\/wp-json\/wp\/v2\/media\/60298"}],"wp:attachment":[{"href":"https:\/\/zoca.es\/en\/wp-json\/wp\/v2\/media?parent=46612"}],"wp:term":[{"taxonomy":"product_brand","embeddable":true,"href":"https:\/\/zoca.es\/en\/wp-json\/wp\/v2\/product_brand?post=46612"},{"taxonomy":"product_cat","embeddable":true,"href":"https:\/\/zoca.es\/en\/wp-json\/wp\/v2\/product_cat?post=46612"},{"taxonomy":"product_tag","embeddable":true,"href":"https:\/\/zoca.es\/en\/wp-json\/wp\/v2\/product_tag?post=46612"}],"curies":[{"name":"wp","href":"https:\/\/api.w.org\/{rel}","templated":true}]}}