{"id":33280,"date":"2021-04-26T08:11:27","date_gmt":"2021-04-26T07:11:27","guid":{"rendered":"https:\/\/zoca.es\/producto\/dell-optiplex-gx520-sd-reacondicionado-pentium-4-28ghz-2-gb-ram-80-gb-hdd-sobremesa-es-155\/"},"modified":"2022-12-28T12:35:40","modified_gmt":"2022-12-28T11:35:40","slug":"dell-optiplex-gx520-sd-reacondicionado-pentium-4-28ghz-2-gb-ram-80-gb-hdd-sobremesa-es-155","status":"publish","type":"product","link":"https:\/\/zoca.es\/en\/producto\/dell-optiplex-gx520-sd-reacondicionado-pentium-4-28ghz-2-gb-ram-80-gb-hdd-sobremesa-es-155\/","title":{"rendered":"Dell Optiplex GX520 SD | Reacondicionado | Pentium 4 2.8GHz | 2 GB RAM | 80 GB HDD Sobremesa"},"content":{"rendered":"<p><strong>Procesador<\/strong><br \/>Intel Pentium 4 2.8 GHz.<br \/><strong>Formato<\/strong><br \/>Sobremesa<br \/><strong>Memoria RAM<\/strong><br \/>2 Gb. DDR2 RAM<br \/><strong>Disco duro<\/strong><br \/>80 Gb. SATA<br \/><strong>Unidad \u00f3ptica<\/strong><br \/>DVD<br \/><strong>Tarjetas<\/strong><br \/>Gr\u00e1fica: Intel Express Chipset Family<br \/>Sonido: Sounmax Integrated Digital Audio<br \/>Red: Broadcom Ethernet Gigabit<br \/><strong>Sistema operativo<\/strong><br \/>Ubuntu GNU\/Linux<br \/><strong>Puertos<\/strong><br \/>1x Serie<br \/>1x Paralelo<br \/>8x USB 2.0<br \/><strong>Puertos de v\u00eddeo<\/strong><br \/>1x VGA<br \/><strong>Dimensiones<\/strong><br \/>35.5&#215;11.0x4.00 cm.<br \/><strong>Peso<\/strong><br \/>9.00 Kg.<br \/><strong>Especificaciones adicionales<\/strong><br \/>Buen aspecto exterior. Puede presentar ligeras marcas de uso en carcasa. Si tienes alguna duda ll\u00e1manos o usa nuestro chat para ampliar la informaci\u00f3n\u00a0 o para solicitar mas detalles.<\/p>\n<p><strong>Comentarios<\/strong><br \/><u>2xPCI<\/u><\/p>\n","protected":false},"excerpt":{"rendered":"<p>Intel Pentium 4 2.8 GHz. \u00b7 2 Gb. DDR2 RAM \u00b7 80 Gb. SATA \u00b7 DVD \u00b7 Ubuntu GNU\/Linux \u00b7 <u>2xPCI<\/u><\/p>\n","protected":false},"featured_media":59296,"template":"","meta":[],"product_brand":[3445],"product_cat":[2217],"product_tag":[],"class_list":{"0":"post-33280","1":"product","2":"type-product","3":"status-publish","4":"has-post-thumbnail","6":"product_brand-dell","7":"product_cat-ordenadores-es","9":"first","10":"outofstock","11":"taxable","12":"shipping-taxable","13":"purchasable","14":"product-type-simple"},"bundled_by":[],"bundle_stock_status":"outofstock","bundle_stock_quantity":0,"bundle_virtual":false,"bundle_layout":"","bundle_add_to_cart_form_location":"","bundle_editable_in_cart":false,"bundle_sold_individually_context":"","bundle_item_grouping":"","bundle_min_size":"","bundle_max_size":"","bundle_price":[],"bundled_items":[],"bundle_sell_ids":[],"exclude_global_add_ons":true,"addons":{"webcam-upgrades":{"name":"Ampliaci\u00f3n Webcam","type":"multiple_choice","position":0,"required":false,"title_format":"heading","default":"","description_enable":false,"description":"","placeholder_enable":false,"placeholder":"","display":"radiobutton","restrictions_type":"any_text","adjust_price":false,"price":"","price_type":"quantity_based","restrictions":false,"min":"0","max":"0","options":[{"label":"Conceptronic AMDIS FullHD [AMP00085]","price":"29.0000","price_type":"quantity_based","image":0,"visibility":true}]},"hdd-upgrades":{"name":"Ampliaci\u00f3n disco duro","type":"multiple_choice","position":0,"required":false,"title_format":"heading","default":"","description_enable":false,"description":"","placeholder_enable":false,"placeholder":"","display":"radiobutton","restrictions_type":"any_text","adjust_price":false,"price":"","price_type":"quantity_based","restrictions":false,"min":"0","max":"0","options":[{"label":"Cambio a Disco SSD 120 Gb. [AMP00012]","price":"25.0000","price_type":"quantity_based","image":0,"visibility":true},{"label":"Cambio a Disco SSD 240 Gb. [AMP00013]","price":"39.0000","price_type":"quantity_based","image":0,"visibility":true},{"label":"Cambio a Disco SSD 480 Gb. [AMP00014]","price":"55.0000","price_type":"quantity_based","image":0,"visibility":true},{"label":"Cambio a Disco SSD 1 Tb. [AMP00071]","price":"95.0000","price_type":"quantity_based","image":0,"visibility":true},{"label":"Cambio a Disco 1 Tb. SATA [AMP00015]","price":"40.0000","price_type":"quantity_based","image":0,"visibility":true}]},"graphic-card-upgrades":{"name":"Ampliaci\u00f3n tarjeta gr\u00e1fica","type":"multiple_choice","position":0,"required":false,"title_format":"heading","default":"","description_enable":false,"description":"","placeholder_enable":false,"placeholder":"","display":"radiobutton","restrictions_type":"any_text","adjust_price":false,"price":"","price_type":"quantity_based","restrictions":false,"min":"0","max":"0","options":[{"label":"T. Gr\u00e1fica 2 Gb. (1xDVI, 1xHDMI) [AMP00010]","price":"80.0000","price_type":"quantity_based","image":0,"visibility":true}]},"network-card-upgrades":{"name":"Ampliaci\u00f3n WIFI","type":"multiple_choice","position":0,"required":false,"title_format":"heading","default":"","description_enable":false,"description":"","placeholder_enable":false,"placeholder":"","display":"radiobutton","restrictions_type":"any_text","adjust_price":false,"price":"","price_type":"quantity_based","restrictions":false,"min":"0","max":"0","options":[{"label":"Ampliaci\u00f3n a Tarj. Wi-Fi PCI [AMP00017]","price":"15.0000","price_type":"quantity_based","image":0,"visibility":true},{"label":"Ampliaci\u00f3n a Wireless nano USB [AMP00018]","price":"12.0000","price_type":"quantity_based","image":0,"visibility":true}]},"warranty-upgrades":{"name":"Ampliaci\u00f3n Garant\u00eda","type":"multiple_choice","position":0,"required":false,"title_format":"heading","default":"","description_enable":false,"description":"","placeholder_enable":false,"placeholder":"","display":"radiobutton","restrictions_type":"any_text","adjust_price":false,"price":"","price_type":"quantity_based","restrictions":false,"min":"0","max":"0","options":[{"label":"Extensi\u00f3n de Garant\u00eda a 2 a\u00f1os [AMP00019]","price":"10.0000","price_type":"quantity_based","image":0,"visibility":true}]},"os-upgrades":{"name":"Ampliaci\u00f3n SO","type":"multiple_choice","position":0,"required":false,"title_format":"heading","default":"","description_enable":false,"description":"","placeholder_enable":false,"placeholder":"","display":"radiobutton","restrictions_type":"any_text","adjust_price":false,"price":"","price_type":"quantity_based","restrictions":false,"min":"0","max":"0","options":[{"label":"MAR Windows 10 PRO [AMP00007]","price":"30.0000","price_type":"quantity_based","image":0,"visibility":true},{"label":"MAR Windows 10 Home [AMP00006]","price":"20.0000","price_type":"quantity_based","image":0,"visibility":true},{"label":"Cambio a Windows 32 bits [AMP00005]","price":"10.0000","price_type":"quantity_based","image":0,"visibility":true},{"label":"Cambiar idioma a Portugu\u00e9s [AMP00009]","price":"0.0000","price_type":"quantity_based","image":0,"visibility":true},{"label":"Cambiar idioma a Ingl\u00e9s [AMP00008]","price":"0.0000","price_type":"quantity_based","image":0,"visibility":true}]},"keyboard-upgrades":{"name":"Ampliaci\u00f3n teclado","type":"multiple_choice","position":0,"required":false,"title_format":"heading","default":"","description_enable":false,"description":"","placeholder_enable":false,"placeholder":"","display":"radiobutton","restrictions_type":"any_text","adjust_price":false,"price":"","price_type":"quantity_based","restrictions":false,"min":"0","max":"0","options":[{"label":"Teclado y Rat\u00f3n [AMP00020]","price":"8.0000","price_type":"quantity_based","image":0,"visibility":true},{"label":"Teclado y Rat\u00f3n Portugu\u00e9s Nuevo [AMP00088]","price":"15.0000","price_type":"quantity_based","image":0,"visibility":true},{"label":"Teclado y Rat\u00f3n USB Espa\u00f1ol (Nuevo) [AMP00068]","price":"12.0000","price_type":"quantity_based","image":0,"visibility":true}]}},"df_price":60.5,"df_sale_price":"","df_regular_price":60.5,"df_image_link":"https:\/\/zoca.es\/wp-content\/uploads\/images\/product\/155\/dell00049_01-300x225.jpg","_links":{"self":[{"href":"https:\/\/zoca.es\/en\/wp-json\/wp\/v2\/product\/33280","targetHints":{"allow":["GET"]}}],"collection":[{"href":"https:\/\/zoca.es\/en\/wp-json\/wp\/v2\/product"}],"about":[{"href":"https:\/\/zoca.es\/en\/wp-json\/wp\/v2\/types\/product"}],"wp:featuredmedia":[{"embeddable":true,"href":"https:\/\/zoca.es\/en\/wp-json\/wp\/v2\/media\/59296"}],"wp:attachment":[{"href":"https:\/\/zoca.es\/en\/wp-json\/wp\/v2\/media?parent=33280"}],"wp:term":[{"taxonomy":"product_brand","embeddable":true,"href":"https:\/\/zoca.es\/en\/wp-json\/wp\/v2\/product_brand?post=33280"},{"taxonomy":"product_cat","embeddable":true,"href":"https:\/\/zoca.es\/en\/wp-json\/wp\/v2\/product_cat?post=33280"},{"taxonomy":"product_tag","embeddable":true,"href":"https:\/\/zoca.es\/en\/wp-json\/wp\/v2\/product_tag?post=33280"}],"curies":[{"name":"wp","href":"https:\/\/api.w.org\/{rel}","templated":true}]}}