{"id":25142,"date":"2020-12-30T10:49:10","date_gmt":"2020-12-30T09:49:10","guid":{"rendered":"https:\/\/zoca.es\/producto\/lenovo-thinkcentre-m93p-reacondicionado-core-i5-32ghz-8-gb-ram-500-gb-hdd-sobremesa-es-325\/"},"modified":"2026-04-07T13:22:12","modified_gmt":"2026-04-07T12:22:12","slug":"lenovo-thinkcentre-m93p-reacondicionado-core-i5-32ghz-8-gb-ram-500-gb-hdd-sobremesa-es-325","status":"publish","type":"product","link":"https:\/\/zoca.es\/en\/producto\/lenovo-thinkcentre-m93p-reacondicionado-core-i5-32ghz-8-gb-ram-500-gb-hdd-sobremesa-es-325\/","title":{"rendered":"Lenovo ThinkCentre M93P Ordenador de Sobermesa, Intel Core i5 4570 3.2 GHz., 8 GB, 500 GB SATA"},"content":{"rendered":"<p><strong>Procesador<\/strong><br \/>Intel Core i5 4570 3.2 GHz.<br \/><strong>Formato<\/strong><br \/>Sobremesa<br \/><strong>Memoria RAM<\/strong><br \/>8 Gb. DDR3 RAM<br \/><strong>Disco duro<\/strong><br \/>500 Gb. SATA<br \/><strong>Unidad \u00f3ptica<\/strong><br \/>DVD-RW<br \/><strong>Tarjetas<\/strong><br \/>Gr\u00e1fica: Intel HD Graphics 4600<br \/>Sonido: High Definition Audio<br \/>Red: l217-LM<br \/><strong>Sistema operativo<\/strong><br \/>Windows 10 Pro<br \/><strong>Puertos<\/strong><br \/>Serie<br \/>2x USB 2.0<br \/>2x PS2<br \/>6x USB 3.0<br \/><strong>Puertos de v\u00eddeo<\/strong><br \/>VGA<br \/>2x Display Port<br \/><strong>Conectividad<\/strong><br \/>RJ-45<br \/><strong>Otros<\/strong><br \/>Embalaje hR<br \/><strong>Dimensiones<\/strong><br \/>39x34x10 cm.<br \/><strong>Peso<\/strong><br \/>6.60 Kg.<br \/><strong>Especificaciones adicionales<\/strong><br \/>Buen aspecto exterior. Mira en \u201c+ Fotos\u201d y &#8220;Video&#8221; y si tienes alguna duda ll\u00e1manos o usa nuestro chat para ampliar la informaci\u00f3n  o para solicitar mas detalles.<br \/><strong>Comentarios<\/strong><br \/><u>1XPCIe X16 \/ 1xPCIe X1 \/ 1xPCI<\/u><\/p>\n","protected":false},"excerpt":{"rendered":"<p>Intel Core i5 4570 3.2 GHz. \u00b7 8 Gb. DDR3 RAM \u00b7 500 Gb. SATA \u00b7 DVD-RW \u00b7 Windows 10 Pro \u00b7 <u>1XPCIe X16 \/ 1xPCIe X1 \/ 1xPCI<\/u><\/p>\n","protected":false},"featured_media":60235,"template":"","meta":[],"product_brand":[3452],"product_cat":[3122,2217],"product_tag":[4423],"class_list":{"0":"post-25142","1":"product","2":"type-product","3":"status-publish","4":"has-post-thumbnail","6":"product_brand-lenovo","7":"product_cat-ordenadores-ordenadores-es","8":"product_cat-ordenadores-es","9":"product_tag-primavera-26","11":"first","12":"instock","13":"sale","14":"taxable","15":"shipping-taxable","16":"purchasable","17":"product-type-simple"},"bundled_by":[],"bundle_stock_status":"instock","bundle_stock_quantity":20,"bundle_virtual":false,"bundle_layout":"","bundle_add_to_cart_form_location":"","bundle_editable_in_cart":false,"bundle_sold_individually_context":"","bundle_item_grouping":"","bundle_min_size":"","bundle_max_size":"","bundle_price":[],"bundled_items":[],"bundle_sell_ids":[],"exclude_global_add_ons":true,"addons":{"webcam-upgrades":{"name":"Ampliaci\u00f3n Webcam","type":"multiple_choice","position":0,"required":false,"title_format":"heading","default":"","description_enable":false,"description":"","placeholder_enable":false,"placeholder":"","display":"radiobutton","restrictions_type":"any_text","adjust_price":false,"price":"","price_type":"quantity_based","restrictions":false,"min":"0","max":"0","options":[{"label":"Conceptronic AMDIS FullHD [AMP00085]","price":"29.0000","price_type":"quantity_based","image":0,"visibility":true}]},"ram-memory-upgrades":{"name":"Ampliaci\u00f3n RAM","type":"multiple_choice","position":0,"required":false,"title_format":"heading","default":"","description_enable":false,"description":"","placeholder_enable":false,"placeholder":"","display":"radiobutton","restrictions_type":"any_text","adjust_price":false,"price":"","price_type":"quantity_based","restrictions":false,"min":"0","max":"0","options":[{"label":"Ampliaci\u00f3n 16 Gb RAM DDR3 [AMP00002]","price":"30.0000","price_type":"quantity_based","image":0,"visibility":true}]},"hdd-upgrades":{"name":"Ampliaci\u00f3n disco duro","type":"multiple_choice","position":0,"required":false,"title_format":"heading","default":"","description_enable":false,"description":"","placeholder_enable":false,"placeholder":"","display":"radiobutton","restrictions_type":"any_text","adjust_price":false,"price":"","price_type":"quantity_based","restrictions":false,"min":"0","max":"0","options":[{"label":"Cambio a Disco SSD 1 Tb. [AMP00071]","price":"95.0000","price_type":"quantity_based","image":0,"visibility":true},{"label":"Cambio a Disco SSD 120 Gb. [AMP00012]","price":"25.0000","price_type":"quantity_based","image":0,"visibility":true},{"label":"Cambio a Disco SSD 240 Gb. [AMP00013]","price":"35.0000","price_type":"quantity_based","image":0,"visibility":true},{"label":"Cambio a Disco SSD 480 Gb. [AMP00014]","price":"59.0000","price_type":"quantity_based","image":0,"visibility":true}]},"graphic-card-upgrades":{"name":"Ampliaci\u00f3n tarjeta gr\u00e1fica","type":"multiple_choice","position":0,"required":false,"title_format":"heading","default":"","description_enable":false,"description":"","placeholder_enable":false,"placeholder":"","display":"radiobutton","restrictions_type":"any_text","adjust_price":false,"price":"","price_type":"quantity_based","restrictions":false,"min":"0","max":"0","options":[{"label":"T. Gr\u00e1fica 2 Gb. (1xDVI, 1xHDMI) [AMP00010]","price":"60.0000","price_type":"quantity_based","image":0,"visibility":true}]},"network-card-upgrades":{"name":"Ampliaci\u00f3n WIFI","type":"multiple_choice","position":0,"required":false,"title_format":"heading","default":"","description_enable":false,"description":"","placeholder_enable":false,"placeholder":"","display":"radiobutton","restrictions_type":"any_text","adjust_price":false,"price":"","price_type":"quantity_based","restrictions":false,"min":"0","max":"0","options":[{"label":"Ampliaci\u00f3n a Tarj. Wi-Fi PCI [AMP00017]","price":"15.0000","price_type":"quantity_based","image":0,"visibility":true},{"label":"Ampliaci\u00f3n a Wireless nano USB [AMP00018]","price":"12.0000","price_type":"quantity_based","image":0,"visibility":true}]},"os-upgrades":{"name":"Ampliaci\u00f3n SO","type":"multiple_choice","position":0,"required":false,"title_format":"heading","default":"","description_enable":false,"description":"","placeholder_enable":false,"placeholder":"","display":"radiobutton","restrictions_type":"any_text","adjust_price":false,"price":"","price_type":"quantity_based","restrictions":false,"min":"0","max":"0","options":[{"label":"Cambiar idioma a Ingl\u00e9s [AMP00008]","price":"0.0000","price_type":"quantity_based","image":0,"visibility":true},{"label":"Cambiar idioma a Portugu\u00e9s [AMP00009]","price":"0.0000","price_type":"quantity_based","image":0,"visibility":true},{"label":"Cambio a Windows 32 bits [AMP00005]","price":"10.0000","price_type":"quantity_based","image":0,"visibility":true}]},"keyboard-upgrades":{"name":"Ampliaci\u00f3n teclado","type":"multiple_choice","position":0,"required":false,"title_format":"heading","default":"","description_enable":false,"description":"","placeholder_enable":false,"placeholder":"","display":"radiobutton","restrictions_type":"any_text","adjust_price":false,"price":"","price_type":"quantity_based","restrictions":false,"min":"0","max":"0","options":[{"label":"Teclado y Rat\u00f3n [AMP00020]","price":"8.0000","price_type":"quantity_based","image":0,"visibility":true},{"label":"Teclado y Rat\u00f3n Portugu\u00e9s Nuevo [AMP00088]","price":"15.0000","price_type":"quantity_based","image":0,"visibility":true},{"label":"Teclado y Rat\u00f3n USB Espa\u00f1ol (Nuevo) [AMP00068]","price":"12.0000","price_type":"quantity_based","image":0,"visibility":true}]}},"df_price":99.22,"df_sale_price":99.22,"df_regular_price":117.37,"df_image_link":"https:\/\/zoca.es\/wp-content\/uploads\/images\/product\/325\/leno00034_01-300x225.jpg","_links":{"self":[{"href":"https:\/\/zoca.es\/en\/wp-json\/wp\/v2\/product\/25142","targetHints":{"allow":["GET"]}}],"collection":[{"href":"https:\/\/zoca.es\/en\/wp-json\/wp\/v2\/product"}],"about":[{"href":"https:\/\/zoca.es\/en\/wp-json\/wp\/v2\/types\/product"}],"wp:featuredmedia":[{"embeddable":true,"href":"https:\/\/zoca.es\/en\/wp-json\/wp\/v2\/media\/60235"}],"wp:attachment":[{"href":"https:\/\/zoca.es\/en\/wp-json\/wp\/v2\/media?parent=25142"}],"wp:term":[{"taxonomy":"product_brand","embeddable":true,"href":"https:\/\/zoca.es\/en\/wp-json\/wp\/v2\/product_brand?post=25142"},{"taxonomy":"product_cat","embeddable":true,"href":"https:\/\/zoca.es\/en\/wp-json\/wp\/v2\/product_cat?post=25142"},{"taxonomy":"product_tag","embeddable":true,"href":"https:\/\/zoca.es\/en\/wp-json\/wp\/v2\/product_tag?post=25142"}],"curies":[{"name":"wp","href":"https:\/\/api.w.org\/{rel}","templated":true}]}}