{"id":143465,"date":"2025-09-29T11:05:16","date_gmt":"2025-09-29T10:05:16","guid":{"rendered":"https:\/\/zoca.es\/producto\/fujitsu-stylistiq-q7311-bateria-nueva-133-reacondicionado-core-i5-26ghz-16-gb-ram-512-gb-ssd-m2-1920x1080-es-14107\/"},"modified":"2026-01-29T09:54:11","modified_gmt":"2026-01-29T08:54:11","slug":"fujitsu-stylistiq-q7311-bateria-nueva-133-reacondicionado-core-i5-26ghz-16-gb-ram-512-gb-ssd-m2-1920x1080-es-14107","status":"publish","type":"product","link":"https:\/\/zoca.es\/en\/producto\/fujitsu-stylistiq-q7311-bateria-nueva-133-reacondicionado-core-i5-26ghz-16-gb-ram-512-gb-ssd-m2-1920x1080-es-14107\/","title":{"rendered":"Fujitsu Stylistiq Q7311-Bater\u00eda Nueva 13.3&#8221; | Reacondicionado | Core i5 2.6GHz | 16 GB RAM | 512 GB SSD M2 1920&#215;1080"},"content":{"rendered":"<p><strong>Procesador<\/strong><br \/>Intel Core i5 1145G7 2.6 GHz.<br \/><strong>Memoria RAM<\/strong><br \/>16 Gb. SO-DDR4 RAM<br \/><strong>Disco duro<\/strong><br \/>512 Gb. SSD M2<br \/><strong>Tarjetas<\/strong><br \/>Gr\u00e1fica: Intel Iris Xe Graphics<br \/>Sonido: Realtek HDA<br \/>Red: Realtek USB GbE<br \/><strong>Sistema operativo<\/strong><br \/>Windows 11 Pro<br \/><strong>Puertos<\/strong><br \/>USB 2.0<br \/>USB-C<br \/>USB 3.1<br \/><strong>Pantalla<\/strong><br \/>T\u00e1ctil 13.3 &#8221; FullHD 16:10 \u00b7 Resoluci\u00f3n 1920&#215;1080<br \/><strong>Puertos de v\u00eddeo<\/strong><br \/>HDMI<br \/><strong>Multimedia<\/strong><br \/>Lector huellas<br \/>C\u00e1mara trasera<br \/>C\u00e1mara frontal<br \/><strong>Conectividad<\/strong><br \/>RJ-45<br \/>WIFI<br \/>Bluetooth<br \/>4G<br \/><strong>Otros<\/strong><br \/>Embalaje hR<br \/><strong>Dimensiones<\/strong><br \/>31.5&#215;25.5&#215;2 cm.<br \/><strong>Peso<\/strong><br \/>1.25 Kg.<br \/><strong>Especificaciones adicionales<\/strong><br \/>La Fujitsu Stylistic Q7311 es una tablet 2 en 1 de alto rendimiento, dise\u00f1ada para ofrecer fiabilidad, seguridad y resistencia en entornos profesionales. Equipada con un moderno Intel Core i5-1145G7 a 2.6 GHz, 16 GB de memoria RAM SO-DDR4 y un veloz SSD M.2 de 512 GB, garantiza un funcionamiento fluido para tareas intensivas, aplicaciones corporativas y trabajo remoto.Cuenta con una pantalla t\u00e1ctil de 13.3 pulgadas FullHD (1920&#215;1080) en formato 16:10, ideal para mejorar la productividad y ofrecer una experiencia visual c\u00f3moda. Con Windows 11 Pro y TPM 2.0, cumple los est\u00e1ndares de seguridad empresarial. Adem\u00e1s, su certificaci\u00f3n IP42 ofrece protecci\u00f3n frente a la entrada de objetos s\u00f3lidos y goteo de agua, lo que la hace perfecta para entornos de trabajo din\u00e1micos o con cierta exposici\u00f3n ambiental.Vers\u00e1til, potente y resistente, la Stylistic Q7311 es la compa\u00f1era ideal para profesionales que necesitan movilidad sin comprometer la seguridad ni la durabilidad.Buen aspecto exterior. Si tienes alguna duda ll\u00e1manos o usa nuestro chat para ampliar la informaci\u00f3n o para solicitar mas detalles.<br \/><strong>Comentarios<\/strong><br \/><u>Bateria nueva &#8211; Norma IP42 (Protecci\u00f3n Entrada Objetos y Goteo de Agua)<\/u><\/p>\n","protected":false},"excerpt":{"rendered":"<p>Intel Core i5 1145G7 2.6 GHz. \u00b7 16 Gb. SO-DDR4 RAM \u00b7 512 Gb. SSD M2 \u00b7 Windows 11 Pro \u00b7 T\u00e1ctil 13.3 &#8221; FullHD 16:10 \u00b7 <strong>Bateria nueva<\/strong> \u00b7<u>Teclado internacional con pegatinas en Castellano \u00b7Norma IP42 (Protecci\u00f3n Entrada Objetos y Goteo de Agua)<\/u><\/p>\n","protected":false},"featured_media":143466,"template":"","meta":[],"product_brand":[3458],"product_cat":[3110,3128,2300,3064],"product_tag":[],"class_list":{"0":"post-143465","1":"product","2":"type-product","3":"status-publish","4":"has-post-thumbnail","6":"product_brand-fujitsu","7":"product_cat-tablets-tablets-es","8":"product_cat-tablets-ruguerizados-es","9":"product_cat-tablets-es","10":"product_cat-ruguerizados-es","12":"first","13":"outofstock","14":"taxable","15":"shipping-taxable","16":"purchasable","17":"product-type-simple"},"bundled_by":[],"bundle_stock_status":"outofstock","bundle_stock_quantity":0,"bundle_virtual":false,"bundle_layout":"","bundle_add_to_cart_form_location":"","bundle_editable_in_cart":false,"bundle_sold_individually_context":"","bundle_item_grouping":"","bundle_min_size":"","bundle_max_size":"","bundle_price":[],"bundled_items":[],"bundle_sell_ids":[],"exclude_global_add_ons":true,"addons":{"keyboard-iso-upgrades":{"name":"Seleccionar idioma teclado","type":"multiple_choice","position":0,"required":false,"title_format":"heading","default":"","description_enable":false,"description":"","placeholder_enable":false,"placeholder":"","display":"radiobutton","restrictions_type":"any_text","adjust_price":false,"price":"","price_type":"quantity_based","restrictions":false,"min":"0","max":"0","options":[{"label":"Pegatinas Espa\u00f1ol [AMP00082]","price":"0.0000","price_type":"quantity_based","image":0,"visibility":true},{"label":"Pegatinas Franc\u00e9s [AMP00084]","price":"0.0000","price_type":"quantity_based","image":0,"visibility":true},{"label":"Pegatinas Portugu\u00e9s [AMP00083]","price":"0.0000","price_type":"quantity_based","image":0,"visibility":true}]},"os-upgrades":{"name":"Ampliaci\u00f3n SO","type":"multiple_choice","position":0,"required":false,"title_format":"heading","default":"","description_enable":false,"description":"","placeholder_enable":false,"placeholder":"","display":"radiobutton","restrictions_type":"any_text","adjust_price":false,"price":"","price_type":"quantity_based","restrictions":false,"min":"0","max":"0","options":[{"label":"Cambiar idioma a Franc\u00e9s [AMP00125]","price":"0.0000","price_type":"quantity_based","image":0,"visibility":true},{"label":"Cambiar idioma a Ingl\u00e9s [AMP00008]","price":"0.0000","price_type":"quantity_based","image":0,"visibility":true},{"label":"Cambiar idioma a Portugu\u00e9s [AMP00009]","price":"0.0000","price_type":"quantity_based","image":0,"visibility":true}]}},"df_price":590.48,"df_sale_price":"","df_regular_price":590.48,"df_image_link":"https:\/\/zoca.es\/wp-content\/uploads\/images\/product\/14107\/fuji00270_01-300x225.jpg","_links":{"self":[{"href":"https:\/\/zoca.es\/en\/wp-json\/wp\/v2\/product\/143465","targetHints":{"allow":["GET"]}}],"collection":[{"href":"https:\/\/zoca.es\/en\/wp-json\/wp\/v2\/product"}],"about":[{"href":"https:\/\/zoca.es\/en\/wp-json\/wp\/v2\/types\/product"}],"wp:featuredmedia":[{"embeddable":true,"href":"https:\/\/zoca.es\/en\/wp-json\/wp\/v2\/media\/143466"}],"wp:attachment":[{"href":"https:\/\/zoca.es\/en\/wp-json\/wp\/v2\/media?parent=143465"}],"wp:term":[{"taxonomy":"product_brand","embeddable":true,"href":"https:\/\/zoca.es\/en\/wp-json\/wp\/v2\/product_brand?post=143465"},{"taxonomy":"product_cat","embeddable":true,"href":"https:\/\/zoca.es\/en\/wp-json\/wp\/v2\/product_cat?post=143465"},{"taxonomy":"product_tag","embeddable":true,"href":"https:\/\/zoca.es\/en\/wp-json\/wp\/v2\/product_tag?post=143465"}],"curies":[{"name":"wp","href":"https:\/\/api.w.org\/{rel}","templated":true}]}}