{"id":142733,"date":"2025-09-23T11:07:17","date_gmt":"2025-09-23T10:07:17","guid":{"rendered":"https:\/\/zoca.es\/producto\/dell-latitude-7212-rugged-extreme-116-tara-core-i5-17ghz-8-gb-ram-256-gb-ssd-m2-1920x1080-es-14055\/"},"modified":"2025-10-27T17:01:05","modified_gmt":"2025-10-27T16:01:05","slug":"dell-latitude-7212-rugged-extreme-116-tara-core-i5-17ghz-8-gb-ram-256-gb-ssd-m2-1920x1080-es-14055","status":"publish","type":"product","link":"https:\/\/zoca.es\/en\/producto\/dell-latitude-7212-rugged-extreme-116-tara-core-i5-17ghz-8-gb-ram-256-gb-ssd-m2-1920x1080-es-14055\/","title":{"rendered":"Dell Latitude 7212 Rugged Extreme 11.6&#8243; con Tara"},"content":{"rendered":"<p><strong>Procesador<\/strong><br \/>Intel Core i5 8350U 1.7 GHz.<br \/><strong>Memoria RAM<\/strong><br \/>8 Gb. SO-DDR3 RAM<br \/><strong>Disco duro<\/strong><br \/>256 Gb. SSD M2<br \/><strong>Tarjetas<\/strong><br \/>Gr\u00e1fica: Intel UHD Graphics 620<br \/>Sonido: Realtek Audio<br \/><strong>Sistema operativo<\/strong><br \/>Windows 11 Pro<br \/><strong>Puertos<\/strong><br \/>USB 3.0<br \/>USB-C<br \/><strong>Pantalla<\/strong><br \/>T\u00e1ctil 11.6 &#8221; FullHD 16:9  \u00b7 Resoluci\u00f3n 1920&#215;1080<br \/><strong>Puertos de v\u00eddeo<\/strong><br \/>Mini HDMI<br \/><strong>Multimedia<\/strong><br \/>Lector huellas<br \/>C\u00e1mara trasera<br \/>C\u00e1mara frontal<br \/><strong>Conectividad<\/strong><br \/>WIFI<br \/>Bluetooth<br \/><strong>Otros<\/strong><br \/>Embalaje hR<br \/><strong>Dimensiones<\/strong><br \/>31x20x3 cm.<br \/><strong>Peso<\/strong><br \/>1.50 Kg.<br \/><strong>Comentarios<\/strong><br \/><u> 1 puerto USB no operativo. El resto de los puertos funcionan correctamente. El resto de las funcionalidades de la tablet est\u00e1n correctas. Sin duda una gran oportunidad. Si tienes alguna duda ll\u00e1manos o usa nuestro chat para ampliar la informaci\u00f3n  o para solicitar mas detalles.<\/u><\/p>\n","protected":false},"excerpt":{"rendered":"<p>Hazte con el Dell Latitude 7212 Rugged Extreme reacondicionado con tara: un port\u00e1til rugerizado de 11.6\u2019\u2019 FullHD t\u00e1ctil, procesador Intel Core i5, 8 GB de RAM y SSD M.2 de 256 GB. Presenta un puerto USB no operativo, pero el resto de funcionalidades funcionan perfectamente. Una oportunidad \u00fanica de conseguir potencia y resistencia al mejor precio.<\/p>\n","protected":false},"featured_media":142734,"template":"","meta":[],"product_brand":[3445],"product_cat":[2306,3128,2300,3064,165,3113],"product_tag":[],"class_list":{"0":"post-142733","1":"product","2":"type-product","3":"status-publish","4":"has-post-thumbnail","6":"product_brand-dell","7":"product_cat-tablets-con-taras-es","8":"product_cat-tablets-ruguerizados-es","9":"product_cat-tablets-es","10":"product_cat-ruguerizados-es","11":"product_cat-con-taras-es","12":"product_cat-con-taras-tablets-es","14":"first","15":"outofstock","16":"taxable","17":"shipping-taxable","18":"purchasable","19":"product-type-simple"},"bundled_by":[],"bundle_stock_status":"outofstock","bundle_stock_quantity":0,"bundle_virtual":false,"bundle_layout":"","bundle_add_to_cart_form_location":"","bundle_editable_in_cart":false,"bundle_sold_individually_context":"","bundle_item_grouping":"","bundle_min_size":"","bundle_max_size":"","bundle_price":[],"bundled_items":[],"bundle_sell_ids":[],"exclude_global_add_ons":[],"addons":[],"df_price":506.99,"df_sale_price":"","df_regular_price":506.99,"df_image_link":"https:\/\/zoca.es\/wp-content\/uploads\/images\/product\/14055\/dell01443tr01_01-300x225.jpg","_links":{"self":[{"href":"https:\/\/zoca.es\/en\/wp-json\/wp\/v2\/product\/142733","targetHints":{"allow":["GET"]}}],"collection":[{"href":"https:\/\/zoca.es\/en\/wp-json\/wp\/v2\/product"}],"about":[{"href":"https:\/\/zoca.es\/en\/wp-json\/wp\/v2\/types\/product"}],"wp:featuredmedia":[{"embeddable":true,"href":"https:\/\/zoca.es\/en\/wp-json\/wp\/v2\/media\/142734"}],"wp:attachment":[{"href":"https:\/\/zoca.es\/en\/wp-json\/wp\/v2\/media?parent=142733"}],"wp:term":[{"taxonomy":"product_brand","embeddable":true,"href":"https:\/\/zoca.es\/en\/wp-json\/wp\/v2\/product_brand?post=142733"},{"taxonomy":"product_cat","embeddable":true,"href":"https:\/\/zoca.es\/en\/wp-json\/wp\/v2\/product_cat?post=142733"},{"taxonomy":"product_tag","embeddable":true,"href":"https:\/\/zoca.es\/en\/wp-json\/wp\/v2\/product_tag?post=142733"}],"curies":[{"name":"wp","href":"https:\/\/api.w.org\/{rel}","templated":true}]}}