{"id":139295,"date":"2025-07-16T10:36:46","date_gmt":"2025-07-16T09:36:46","guid":{"rendered":"https:\/\/zoca.es\/producto\/dell-optiplex-3070-impecable-sff-reacondicionado-core-i5-29ghz-16-gb-ram-256-gb-ssd-es-13870\/"},"modified":"2026-01-29T09:53:46","modified_gmt":"2026-01-29T08:53:46","slug":"dell-optiplex-3070-impecable-sff-reacondicionado-core-i5-29ghz-16-gb-ram-256-gb-ssd-es-13870","status":"publish","type":"product","link":"https:\/\/zoca.es\/en\/producto\/dell-optiplex-3070-impecable-sff-reacondicionado-core-i5-29ghz-16-gb-ram-256-gb-ssd-es-13870\/","title":{"rendered":"Dell Optiplex 3070 &#8211; Impecable SFF | Reacondicionado | Core i5 2.9GHz | 16 GB RAM | 256 GB SSD"},"content":{"rendered":"<p><strong>Procesador<\/strong><br \/>Intel Core i5 9400 2.9 GHz.<br \/><strong>Formato<\/strong><br \/>SFF<br \/><strong>Memoria RAM<\/strong><br \/>16 Gb. DDR4 RAM<br \/><strong>Disco duro<\/strong><br \/>256 Gb. SSD<br \/><strong>Tarjetas<\/strong><br \/>Gr\u00e1fica: UHD Graphics 630<br \/>Sonido: Realtek high definition<br \/>Red: PCle GbE Family Controller<br \/><strong>Sistema operativo<\/strong><br \/>Windows 11 Pro<br \/><strong>Puertos<\/strong><br \/>4x USB 2.0<br \/>4x USB 3.0<br \/><strong>Puertos de v\u00eddeo<\/strong><br \/>HDMI<br \/>Display Port<br \/><strong>Conectividad<\/strong><br \/>RJ-45<br \/><strong>Otros<\/strong><br \/>Embalaje hR<br \/><strong>Dimensiones<\/strong><br \/>29x31x9.5 cm.<br \/><strong>Peso<\/strong><br \/>4.00 Kg.<br \/><strong>Especificaciones adicionales<\/strong><br \/>El DELL OptiPlex 3070 SFF es un ordenador de sobremesa dise\u00f1ado para ofrecer fiabilidad y eficiencia en entornos empresariales. Equipado con un Intel Core i5-9400 de 2.9 GHz, 16 GB de memoria DDR4 y un r\u00e1pido SSD de 256 GB, proporciona un rendimiento s\u00f3lido para tareas de oficina, gesti\u00f3n de datos y multitarea.Incorpora Windows 11 Pro y TPM 2.0, garantizando un entorno de trabajo seguro y actualizado. Su formato SFF (Small Form Factor) ahorra espacio sin renunciar a la capacidad de expansi\u00f3n, gracias a su ranura M.2 2280 para almacenamiento y puertos PCIe X16 y X1.Aspecto exterior Impecable. Mira en \u201c+ Fotos\u201d y &#8220;Video&#8221; y si tienes alguna duda ll\u00e1manos o usa nuestro chat para ampliar la informaci\u00f3n o para solicitar mas detalles.<br \/><strong>Comentarios<\/strong><br \/><u>1xM.2 2280 para Almacenamiento &#8211; 1xPCIe X16 \/ 1xPCIe X1<\/u><\/p>\n","protected":false},"excerpt":{"rendered":"<p>Intel Core i5 9400 2.9 GHz. \u00b7 16 Gb. DDR4 RAM \u00b7 256 Gb. SSD \u00b7 <strong>Windows 11 Pro<\/strong> \u00b7 <u>1xM.2 2280 para Almacenamiento &#8211; 1xPCIe X16 \/ 1xPCIe X1<\/u><\/p>\n","protected":false},"featured_media":139296,"template":"","meta":[],"product_brand":[3445],"product_cat":[3122,2217],"product_tag":[],"class_list":{"0":"post-139295","1":"product","2":"type-product","3":"status-publish","4":"has-post-thumbnail","6":"product_brand-dell","7":"product_cat-ordenadores-ordenadores-es","8":"product_cat-ordenadores-es","10":"first","11":"outofstock","12":"taxable","13":"shipping-taxable","14":"purchasable","15":"product-type-simple"},"bundled_by":[],"bundle_stock_status":"outofstock","bundle_stock_quantity":0,"bundle_virtual":false,"bundle_layout":"","bundle_add_to_cart_form_location":"","bundle_editable_in_cart":false,"bundle_sold_individually_context":"","bundle_item_grouping":"","bundle_min_size":"","bundle_max_size":"","bundle_price":[],"bundled_items":[],"bundle_sell_ids":[],"exclude_global_add_ons":true,"addons":{"webcam-upgrades":{"name":"Ampliaci\u00f3n Webcam","type":"multiple_choice","position":0,"required":false,"title_format":"heading","default":"","description_enable":false,"description":"","placeholder_enable":false,"placeholder":"","display":"radiobutton","restrictions_type":"any_text","adjust_price":false,"price":"","price_type":"quantity_based","restrictions":false,"min":"0","max":"0","options":[{"label":"Conceptronic AMDIS FullHD [AMP00085]","price":"29.0000","price_type":"quantity_based","image":0,"visibility":true}]},"ram-memory-upgrades":{"name":"Ampliaci\u00f3n RAM","type":"multiple_choice","position":0,"required":false,"title_format":"heading","default":"","description_enable":false,"description":"","placeholder_enable":false,"placeholder":"","display":"radiobutton","restrictions_type":"any_text","adjust_price":false,"price":"","price_type":"quantity_based","restrictions":false,"min":"0","max":"0","options":[{"label":"Ampliaci\u00f3n 32 Gb RAM DIMM [AMP00122]","price":"50.0000","price_type":"quantity_based","image":0,"visibility":true}]},"hdd-upgrades":{"name":"Ampliaci\u00f3n disco duro","type":"multiple_choice","position":0,"required":false,"title_format":"heading","default":"","description_enable":false,"description":"","placeholder_enable":false,"placeholder":"","display":"radiobutton","restrictions_type":"any_text","adjust_price":false,"price":"","price_type":"quantity_based","restrictions":false,"min":"0","max":"0","options":[{"label":"Cambio a Disco SSD 480 Gb. [AMP00014]","price":"49.0000","price_type":"quantity_based","image":0,"visibility":true},{"label":"Cambio a Disco SSD 1 Tb. [AMP00071]","price":"69.0000","price_type":"quantity_based","image":0,"visibility":true},{"label":"Cambio a Disco SSD 500 Gb. M.2 2280 PCIe [AMP00106]","price":60,"price_type":"quantity_based","image":0,"visibility":true},{"label":"Cambio a Disco SSD 1 Tb. M.2 2280 PCIe [AMP00107]","price":95,"price_type":"quantity_based","image":0,"visibility":true},{"label":"Disco SSD 500 Gb. M.2 2280 PCIe Adicional [AMP00108]","price":65,"price_type":"quantity_based","image":0,"visibility":true},{"label":"Disco SSD 1 Tb. M.2 2280 PCIe Adicional [AMP00109]","price":99,"price_type":"quantity_based","image":0,"visibility":true}]},"network-card-upgrades":{"name":"Ampliaci\u00f3n WIFI","type":"multiple_choice","position":0,"required":false,"title_format":"heading","default":"","description_enable":false,"description":"","placeholder_enable":false,"placeholder":"","display":"radiobutton","restrictions_type":"any_text","adjust_price":false,"price":"","price_type":"quantity_based","restrictions":false,"min":"0","max":"0","options":[{"label":"Ampliaci\u00f3n a Tarj. Wi-Fi PCI [AMP00017]","price":"15.0000","price_type":"quantity_based","image":0,"visibility":true},{"label":"Ampliaci\u00f3n a Wireless nano USB [AMP00018]","price":"12.0000","price_type":"quantity_based","image":0,"visibility":true}]},"os-upgrades":{"name":"Ampliaci\u00f3n SO","type":"multiple_choice","position":0,"required":false,"title_format":"heading","default":"","description_enable":false,"description":"","placeholder_enable":false,"placeholder":"","display":"radiobutton","restrictions_type":"any_text","adjust_price":false,"price":"","price_type":"quantity_based","restrictions":false,"min":"0","max":"0","options":[{"label":"Cambiar idioma a Franc\u00e9s [AMP00125]","price":"0.0000","price_type":"quantity_based","image":0,"visibility":true},{"label":"Cambiar idioma a Ingl\u00e9s [AMP00008]","price":"0.0000","price_type":"quantity_based","image":0,"visibility":true},{"label":"Cambiar idioma a Portugu\u00e9s [AMP00009]","price":"0.0000","price_type":"quantity_based","image":0,"visibility":true}]},"keyboard-upgrades":{"name":"Ampliaci\u00f3n teclado","type":"multiple_choice","position":0,"required":false,"title_format":"heading","default":"","description_enable":false,"description":"","placeholder_enable":false,"placeholder":"","display":"radiobutton","restrictions_type":"any_text","adjust_price":false,"price":"","price_type":"quantity_based","restrictions":false,"min":"0","max":"0","options":[{"label":"Teclado y Rat\u00f3n [AMP00020]","price":"8.0000","price_type":"quantity_based","image":0,"visibility":true},{"label":"Teclado y Rat\u00f3n Portugu\u00e9s Nuevo [AMP00088]","price":"15.0000","price_type":"quantity_based","image":0,"visibility":true},{"label":"Teclado y Rat\u00f3n USB Espa\u00f1ol (Nuevo) [AMP00068]","price":"12.0000","price_type":"quantity_based","image":0,"visibility":true}]}},"df_price":359.37,"df_sale_price":"","df_regular_price":359.37,"df_image_link":"https:\/\/zoca.es\/wp-content\/uploads\/images\/product\/13870\/dell01487_01-300x225.jpg","_links":{"self":[{"href":"https:\/\/zoca.es\/en\/wp-json\/wp\/v2\/product\/139295","targetHints":{"allow":["GET"]}}],"collection":[{"href":"https:\/\/zoca.es\/en\/wp-json\/wp\/v2\/product"}],"about":[{"href":"https:\/\/zoca.es\/en\/wp-json\/wp\/v2\/types\/product"}],"wp:featuredmedia":[{"embeddable":true,"href":"https:\/\/zoca.es\/en\/wp-json\/wp\/v2\/media\/139296"}],"wp:attachment":[{"href":"https:\/\/zoca.es\/en\/wp-json\/wp\/v2\/media?parent=139295"}],"wp:term":[{"taxonomy":"product_brand","embeddable":true,"href":"https:\/\/zoca.es\/en\/wp-json\/wp\/v2\/product_brand?post=139295"},{"taxonomy":"product_cat","embeddable":true,"href":"https:\/\/zoca.es\/en\/wp-json\/wp\/v2\/product_cat?post=139295"},{"taxonomy":"product_tag","embeddable":true,"href":"https:\/\/zoca.es\/en\/wp-json\/wp\/v2\/product_tag?post=139295"}],"curies":[{"name":"wp","href":"https:\/\/api.w.org\/{rel}","templated":true}]}}