{"id":138126,"date":"2025-06-30T12:48:57","date_gmt":"2025-06-30T11:48:57","guid":{"rendered":"https:\/\/zoca.es\/producto\/dell-optiplex-3070-torre-reacondicionado-core-i7-3ghz-16-gb-ram-512-gb-ssd-m2-es-13796\/"},"modified":"2025-10-28T17:50:32","modified_gmt":"2025-10-28T16:50:32","slug":"dell-optiplex-3070-torre-reacondicionado-core-i7-3ghz-16-gb-ram-512-gb-ssd-m2-es-13796","status":"publish","type":"product","link":"https:\/\/zoca.es\/en\/producto\/dell-optiplex-3070-torre-reacondicionado-core-i7-3ghz-16-gb-ram-512-gb-ssd-m2-es-13796\/","title":{"rendered":"Dell OptiPlex 3070 Torre | Reacondicionado | Core i7 3GHz | 16 GB RAM | 512 GB SSD M2"},"content":{"rendered":"<p><strong>Procesador<\/strong><br \/>Intel Core i7 9700 3 GHz.<br \/><strong>Formato<\/strong><br \/>Torre<br \/><strong>Memoria RAM<\/strong><br \/>16 Gb. DDR4 RAM<br \/><strong>Disco duro<\/strong><br \/>512 Gb. SSD M2<br \/><strong>Tarjetas<\/strong><br \/>Gr\u00e1fica: UHD 630<br \/>Sonido: Realtec audio<br \/>Red: Pcie Gbe Family Controler<br \/><strong>Sistema operativo<\/strong><br \/>Windows 11 Pro<br \/><strong>Puertos<\/strong><br \/>4x USB 2.0<br \/>4x USB 3.1<br \/><strong>Puertos de v\u00eddeo<\/strong><br \/>HDMI<br \/>Display Port<br \/><strong>Conectividad<\/strong><br \/>RJ-45<br \/><strong>Otros<\/strong><br \/>Embalaje hR<br \/><strong>Dimensiones<\/strong><br \/>15x27x35 cm.<br \/><strong>Peso<\/strong><br \/>7.00 Kg.<br \/><strong>Especificaciones adicionales<\/strong><br \/>El DELL OptiPlex 3070 Tower est\u00e1 dise\u00f1ado para ofrecer potencia y fiabilidad en oficinas que requieren un rendimiento constante y capacidad de expansi\u00f3n. Incorpora un procesador Intel Core i7-9700 de 3 GHz, 16 GB de memoria DDR4 y un veloz SSD M.2 de 512 GB, proporcionando fluidez en multitarea, aplicaciones profesionales y gesti\u00f3n de datos.<br \/>Con Windows 11 Pro y TPM 2.0, garantiza seguridad avanzada y compatibilidad con los entornos de trabajo m\u00e1s actuales. Sus ranuras de expansi\u00f3n incluyen 1xPCIe X16 y 3xPCIe X1, lo que permite personalizar el equipo con tarjetas gr\u00e1ficas, de red o almacenamiento adicional.<br \/>Una torre robusta, preparada para crecer con las necesida.<br \/>Buen aspecto exterior. Mira en \u201c+ Fotos\u201d y si tienes alguna duda ll\u00e1manos o usa nuestro chat para ampliar la informaci\u00f3n&nbsp; o para solicitar mas detalles.<\/p>\n<p><strong>Comentarios<\/strong><br \/><u>1xPCIe X16 \/ 3xPCIe X1<\/u><\/p>\n","protected":false},"excerpt":{"rendered":"<p>Intel Core i7 9700 3 GHz. [TPM 2.0] \u00b7 16 Gb. DDR4 RAM \u00b7 512 Gb. SSD M2 \u00b7 <strong>Windows 11 Pro<\/strong> \u00b7 <u>1xPCIe X16 \/ 3xPCIe X1<\/u><\/p>\n","protected":false},"featured_media":138127,"template":"","meta":[],"product_brand":[3445],"product_cat":[3122,2217],"product_tag":[],"class_list":{"0":"post-138126","1":"product","2":"type-product","3":"status-publish","4":"has-post-thumbnail","6":"product_brand-dell","7":"product_cat-ordenadores-ordenadores-es","8":"product_cat-ordenadores-es","10":"first","11":"outofstock","12":"taxable","13":"shipping-taxable","14":"purchasable","15":"product-type-simple"},"bundled_by":[],"bundle_stock_status":"outofstock","bundle_stock_quantity":0,"bundle_virtual":false,"bundle_layout":"","bundle_add_to_cart_form_location":"","bundle_editable_in_cart":false,"bundle_sold_individually_context":"","bundle_item_grouping":"","bundle_min_size":"","bundle_max_size":"","bundle_price":[],"bundled_items":[],"bundle_sell_ids":[],"exclude_global_add_ons":true,"addons":{"webcam-upgrades":{"name":"Ampliaci\u00f3n Webcam","type":"multiple_choice","position":0,"required":false,"title_format":"heading","default":"","description_enable":false,"description":"","placeholder_enable":false,"placeholder":"","display":"radiobutton","restrictions_type":"any_text","adjust_price":false,"price":"","price_type":"quantity_based","restrictions":false,"min":"0","max":"0","options":[{"label":"Conceptronic AMDIS FullHD [AMP00085]","price":"29.0000","price_type":"quantity_based","image":0,"visibility":true}]},"ram-memory-upgrades":{"name":"Ampliaci\u00f3n RAM","type":"multiple_choice","position":0,"required":false,"title_format":"heading","default":"","description_enable":false,"description":"","placeholder_enable":false,"placeholder":"","display":"radiobutton","restrictions_type":"any_text","adjust_price":false,"price":"","price_type":"quantity_based","restrictions":false,"min":"0","max":"0","options":[{"label":"Ampliaci\u00f3n 32 Gb RAM DIMM [AMP00122]","price":"50.0000","price_type":"quantity_based","image":0,"visibility":true}]},"hdd-upgrades":{"name":"Ampliaci\u00f3n disco duro","type":"multiple_choice","position":0,"required":false,"title_format":"heading","default":"","description_enable":false,"description":"","placeholder_enable":false,"placeholder":"","display":"radiobutton","restrictions_type":"any_text","adjust_price":false,"price":"","price_type":"quantity_based","restrictions":false,"min":"0","max":"0","options":[{"label":"Cambio a Disco SSD 1 Tb. M.2 2280 PCIe [AMP00107]","price":"95.0000","price_type":"quantity_based","image":0,"visibility":true},{"label":"Disco SSD 120 Gb adicional (S.O.) [AMP00030]","price":"25.0000","price_type":"quantity_based","image":0,"visibility":true},{"label":"Disco SSD 240 Gb. adicional (S.O.) [AMP00031]","price":"35.0000","price_type":"quantity_based","image":0,"visibility":true},{"label":"Disco SSD 480 Gb. adicional (S.O.) [AMP00032]","price":"49.0000","price_type":"quantity_based","image":0,"visibility":true},{"label":"Disco SSD 1 Tb. adicional [AMP00072]","price":"69.0000","price_type":"quantity_based","image":0,"visibility":true}]},"graphic-card-upgrades":{"name":"Ampliaci\u00f3n tarjeta gr\u00e1fica","type":"multiple_choice","position":0,"required":false,"title_format":"heading","default":"","description_enable":false,"description":"","placeholder_enable":false,"placeholder":"","display":"radiobutton","restrictions_type":"any_text","adjust_price":false,"price":"","price_type":"quantity_based","restrictions":false,"min":"0","max":"0","options":[{"label":"T. Gr\u00e1fica 2 Gb. (1xDVI, 1xHDMI) [AMP00010]","price":"60.0000","price_type":"quantity_based","image":0,"visibility":true}]},"network-card-upgrades":{"name":"Ampliaci\u00f3n WIFI","type":"multiple_choice","position":0,"required":false,"title_format":"heading","default":"","description_enable":false,"description":"","placeholder_enable":false,"placeholder":"","display":"radiobutton","restrictions_type":"any_text","adjust_price":false,"price":"","price_type":"quantity_based","restrictions":false,"min":"0","max":"0","options":[{"label":"Ampliaci\u00f3n a Tarj. Wi-Fi PCI [AMP00017]","price":"15.0000","price_type":"quantity_based","image":0,"visibility":true},{"label":"Ampliaci\u00f3n a Wireless nano USB [AMP00018]","price":"12.0000","price_type":"quantity_based","image":0,"visibility":true}]},"os-upgrades":{"name":"Ampliaci\u00f3n SO","type":"multiple_choice","position":0,"required":false,"title_format":"heading","default":"","description_enable":false,"description":"","placeholder_enable":false,"placeholder":"","display":"radiobutton","restrictions_type":"any_text","adjust_price":false,"price":"","price_type":"quantity_based","restrictions":false,"min":"0","max":"0","options":[{"label":"Cambiar idioma a Franc\u00e9s [AMP00125]","price":"0.0000","price_type":"quantity_based","image":0,"visibility":true},{"label":"Cambiar idioma a Ingl\u00e9s [AMP00008]","price":"0.0000","price_type":"quantity_based","image":0,"visibility":true},{"label":"Cambiar idioma a Portugu\u00e9s [AMP00009]","price":"0.0000","price_type":"quantity_based","image":0,"visibility":true}]},"keyboard-upgrades":{"name":"Ampliaci\u00f3n teclado","type":"multiple_choice","position":0,"required":false,"title_format":"heading","default":"","description_enable":false,"description":"","placeholder_enable":false,"placeholder":"","display":"radiobutton","restrictions_type":"any_text","adjust_price":false,"price":"","price_type":"quantity_based","restrictions":false,"min":"0","max":"0","options":[{"label":"Teclado y Rat\u00f3n [AMP00020]","price":"8.0000","price_type":"quantity_based","image":0,"visibility":true},{"label":"Teclado y Rat\u00f3n Portugu\u00e9s Nuevo [AMP00088]","price":"15.0000","price_type":"quantity_based","image":0,"visibility":true},{"label":"Teclado y Rat\u00f3n USB Espa\u00f1ol (Nuevo) [AMP00068]","price":"12.0000","price_type":"quantity_based","image":0,"visibility":true}]}},"df_price":442.86,"df_sale_price":"","df_regular_price":442.86,"df_image_link":"https:\/\/zoca.es\/wp-content\/uploads\/images\/product\/13796\/dell01476_01-300x225.jpg","_links":{"self":[{"href":"https:\/\/zoca.es\/en\/wp-json\/wp\/v2\/product\/138126","targetHints":{"allow":["GET"]}}],"collection":[{"href":"https:\/\/zoca.es\/en\/wp-json\/wp\/v2\/product"}],"about":[{"href":"https:\/\/zoca.es\/en\/wp-json\/wp\/v2\/types\/product"}],"wp:featuredmedia":[{"embeddable":true,"href":"https:\/\/zoca.es\/en\/wp-json\/wp\/v2\/media\/138127"}],"wp:attachment":[{"href":"https:\/\/zoca.es\/en\/wp-json\/wp\/v2\/media?parent=138126"}],"wp:term":[{"taxonomy":"product_brand","embeddable":true,"href":"https:\/\/zoca.es\/en\/wp-json\/wp\/v2\/product_brand?post=138126"},{"taxonomy":"product_cat","embeddable":true,"href":"https:\/\/zoca.es\/en\/wp-json\/wp\/v2\/product_cat?post=138126"},{"taxonomy":"product_tag","embeddable":true,"href":"https:\/\/zoca.es\/en\/wp-json\/wp\/v2\/product_tag?post=138126"}],"curies":[{"name":"wp","href":"https:\/\/api.w.org\/{rel}","templated":true}]}}