{"id":12078,"date":"2020-06-22T22:25:02","date_gmt":"2020-06-22T21:25:02","guid":{"rendered":"https:\/\/zoca.es\/producto\/dell-optiplex-gx960-sd-core-2-duo-316ghz-4-gb-ram-160-gb-hdd-sobremesa-es-948\/"},"modified":"2026-02-16T18:12:58","modified_gmt":"2026-02-16T17:12:58","slug":"dell-optiplex-gx960-sd-core-2-duo-316ghz-4-gb-ram-160-gb-hdd-sobremesa-es-948","status":"publish","type":"product","link":"https:\/\/zoca.es\/en\/producto\/dell-optiplex-gx960-sd-core-2-duo-316ghz-4-gb-ram-160-gb-hdd-sobremesa-es-948\/","title":{"rendered":"Dell Optiplex GX960 SD Ordenador de Sobremesa, Intel Core 2 Duo E8500 3.16 GHz., 4 GB, 160 GB SATA"},"content":{"rendered":"<p><strong>Procesador<\/strong><br \/>Intel Core 2 Duo E8500 3.16 GHz.<br \/><strong>Formato<\/strong><br \/>Sobremesa<br \/><strong>Memoria RAM<\/strong><br \/>4 Gb. DDR2 RAM<br \/><strong>Disco duro<\/strong><br \/>160 Gb. SATA<br \/><strong>Unidad \u00f3ptica<\/strong><br \/>DVD-RW<br \/><strong>Tarjetas<\/strong><br \/>Gr\u00e1fica: Intel GMA 4500<br \/>Sonido: SoundMax HD Audio<br \/>Red: Intel 82567 LM<br \/><strong>Sistema operativo<\/strong><br \/>Ubuntu GNU\/Linux<br \/><strong>Puertos<\/strong><br \/>2x Serie<br \/>1x Paralelo<br \/>8x USB 2.0<br \/>2x PS2<br \/>1x e-SATA<br \/><strong>Puertos de v\u00eddeo<\/strong><br \/>1x VGA<br \/>1x Display Port<br \/><strong>Conectividad<\/strong><br \/>1x RJ-45<br \/><strong>Otros<\/strong><br \/>Embalaje hR<br \/><strong>Dimensiones<\/strong><br \/>39.9&#215;36.6&#215;11 cm.<br \/><strong>Peso<\/strong><br \/>8.21 Kg.<br \/><strong>Especificaciones adicionales<\/strong><br \/>Buen aspecto exterior. Puede presentar ligeras marcar de uso en carcasa. Mira en \u201c+ Fotos\u201d y si tienes alguna duda ll\u00e1manos o usa nuestro chat para ampliar la informaci\u00f3n\u00a0 o para solicitar mas detalles.<\/p>\n<p><strong>Comentarios<\/strong><br \/><u>1xPCIe X16 \/ 1xPCIe X1 \/ 1xPCI<\/u><\/p>\n","protected":false},"excerpt":{"rendered":"<p>Intel Core 2 Duo E8500 3.16 GHz. \u00b7 4 Gb. DDR2 RAM \u00b7 160 Gb. SATA \u00b7 DVD-RW \u00b7 Ubuntu GNU\/Linux \u00b7 <u>1xPCIe X16 \/ 1xPCIe X1 \/ 1xPCI<\/u><\/p>\n","protected":false},"featured_media":63190,"template":"","meta":[],"product_brand":[3445],"product_cat":[3122,2217],"product_tag":[],"class_list":{"0":"post-12078","1":"product","2":"type-product","3":"status-publish","4":"has-post-thumbnail","6":"product_brand-dell","7":"product_cat-ordenadores-ordenadores-es","8":"product_cat-ordenadores-es","10":"first","11":"instock","12":"taxable","13":"shipping-taxable","14":"purchasable","15":"product-type-simple"},"bundled_by":[],"bundle_stock_status":"instock","bundle_stock_quantity":2,"bundle_virtual":false,"bundle_layout":"","bundle_add_to_cart_form_location":"","bundle_editable_in_cart":false,"bundle_sold_individually_context":"","bundle_item_grouping":"","bundle_min_size":"","bundle_max_size":"","bundle_price":[],"bundled_items":[],"bundle_sell_ids":[],"exclude_global_add_ons":true,"addons":{"webcam-upgrades":{"name":"Ampliaci\u00f3n Webcam","type":"multiple_choice","position":0,"required":false,"title_format":"heading","default":"","description_enable":false,"description":"","placeholder_enable":false,"placeholder":"","display":"radiobutton","restrictions_type":"any_text","adjust_price":false,"price":"","price_type":"quantity_based","restrictions":false,"min":"0","max":"0","options":[{"label":"Conceptronic AMDIS FullHD [AMP00085]","price":"29.0000","price_type":"quantity_based","image":0,"visibility":true}]},"hdd-upgrades":{"name":"Ampliaci\u00f3n disco duro","type":"multiple_choice","position":0,"required":false,"title_format":"heading","default":"","description_enable":false,"description":"","placeholder_enable":false,"placeholder":"","display":"radiobutton","restrictions_type":"any_text","adjust_price":false,"price":"","price_type":"quantity_based","restrictions":false,"min":"0","max":"0","options":[{"label":"Cambio a Disco SSD 120 Gb. [AMP00012]","price":"25.0000","price_type":"quantity_based","image":0,"visibility":true},{"label":"Cambio a Disco SSD 240 Gb. [AMP00013]","price":"35.0000","price_type":"quantity_based","image":0,"visibility":true},{"label":"Cambio a Disco SSD 480 Gb. [AMP00014]","price":"59.0000","price_type":"quantity_based","image":0,"visibility":true}]},"graphic-card-upgrades":{"name":"Ampliaci\u00f3n tarjeta gr\u00e1fica","type":"multiple_choice","position":0,"required":false,"title_format":"heading","default":"","description_enable":false,"description":"","placeholder_enable":false,"placeholder":"","display":"radiobutton","restrictions_type":"any_text","adjust_price":false,"price":"","price_type":"quantity_based","restrictions":false,"min":"0","max":"0","options":[{"label":"T. Gr\u00e1fica 2 Gb. (1xDVI, 1xHDMI) [AMP00010]","price":"60.0000","price_type":"quantity_based","image":0,"visibility":true}]},"network-card-upgrades":{"name":"Ampliaci\u00f3n WIFI","type":"multiple_choice","position":0,"required":false,"title_format":"heading","default":"","description_enable":false,"description":"","placeholder_enable":false,"placeholder":"","display":"radiobutton","restrictions_type":"any_text","adjust_price":false,"price":"","price_type":"quantity_based","restrictions":false,"min":"0","max":"0","options":[{"label":"Ampliaci\u00f3n a Tarj. Wi-Fi PCI [AMP00017]","price":"15.0000","price_type":"quantity_based","image":0,"visibility":true},{"label":"Ampliaci\u00f3n a Wireless nano USB [AMP00018]","price":"12.0000","price_type":"quantity_based","image":0,"visibility":true}]},"warranty-upgrades":{"name":"Ampliaci\u00f3n Garant\u00eda","type":"multiple_choice","position":0,"required":false,"title_format":"heading","default":"","description_enable":false,"description":"","placeholder_enable":false,"placeholder":"","display":"radiobutton","restrictions_type":"any_text","adjust_price":false,"price":"","price_type":"quantity_based","restrictions":false,"min":"0","max":"0","options":[{"label":"Extensi\u00f3n de Garant\u00eda a 2 a\u00f1os [AMP00019]","price":"10.0000","price_type":"quantity_based","image":0,"visibility":true}]},"os-upgrades":{"name":"Ampliaci\u00f3n SO","type":"multiple_choice","position":0,"required":false,"title_format":"heading","default":"","description_enable":false,"description":"","placeholder_enable":false,"placeholder":"","display":"radiobutton","restrictions_type":"any_text","adjust_price":false,"price":"","price_type":"quantity_based","restrictions":false,"min":"0","max":"0","options":[{"label":"Cambiar idioma a Franc\u00e9s [AMP00125]","price":"0.0000","price_type":"quantity_based","image":0,"visibility":true},{"label":"Cambiar idioma a Ingl\u00e9s [AMP00008]","price":"0.0000","price_type":"quantity_based","image":0,"visibility":true},{"label":"Cambiar idioma a Portugu\u00e9s [AMP00009]","price":"0.0000","price_type":"quantity_based","image":0,"visibility":true},{"label":"Cambio a Windows 32 bits [AMP00005]","price":"10.0000","price_type":"quantity_based","image":0,"visibility":true},{"label":"MAR Windows 10 Home [AMP00006]","price":"20.0000","price_type":"quantity_based","image":0,"visibility":true},{"label":"MAR Windows 10 PRO [AMP00007]","price":"30.0000","price_type":"quantity_based","image":0,"visibility":true}]},"keyboard-upgrades":{"name":"Ampliaci\u00f3n teclado","type":"multiple_choice","position":0,"required":false,"title_format":"heading","default":"","description_enable":false,"description":"","placeholder_enable":false,"placeholder":"","display":"radiobutton","restrictions_type":"any_text","adjust_price":false,"price":"","price_type":"quantity_based","restrictions":false,"min":"0","max":"0","options":[{"label":"Teclado y Rat\u00f3n [AMP00020]","price":"8.0000","price_type":"quantity_based","image":0,"visibility":true},{"label":"Teclado y Rat\u00f3n Portugu\u00e9s Nuevo [AMP00088]","price":"15.0000","price_type":"quantity_based","image":0,"visibility":true},{"label":"Teclado y Rat\u00f3n USB Espa\u00f1ol (Nuevo) [AMP00068]","price":"12.0000","price_type":"quantity_based","image":0,"visibility":true}]}},"df_price":66.55,"df_sale_price":"","df_regular_price":66.55,"df_image_link":"https:\/\/zoca.es\/wp-content\/uploads\/images\/product\/948\/dell00183_01-300x225.jpg","_links":{"self":[{"href":"https:\/\/zoca.es\/en\/wp-json\/wp\/v2\/product\/12078","targetHints":{"allow":["GET"]}}],"collection":[{"href":"https:\/\/zoca.es\/en\/wp-json\/wp\/v2\/product"}],"about":[{"href":"https:\/\/zoca.es\/en\/wp-json\/wp\/v2\/types\/product"}],"wp:featuredmedia":[{"embeddable":true,"href":"https:\/\/zoca.es\/en\/wp-json\/wp\/v2\/media\/63190"}],"wp:attachment":[{"href":"https:\/\/zoca.es\/en\/wp-json\/wp\/v2\/media?parent=12078"}],"wp:term":[{"taxonomy":"product_brand","embeddable":true,"href":"https:\/\/zoca.es\/en\/wp-json\/wp\/v2\/product_brand?post=12078"},{"taxonomy":"product_cat","embeddable":true,"href":"https:\/\/zoca.es\/en\/wp-json\/wp\/v2\/product_cat?post=12078"},{"taxonomy":"product_tag","embeddable":true,"href":"https:\/\/zoca.es\/en\/wp-json\/wp\/v2\/product_tag?post=12078"}],"curies":[{"name":"wp","href":"https:\/\/api.w.org\/{rel}","templated":true}]}}