{"id":115598,"date":"2024-10-01T11:25:47","date_gmt":"2024-10-01T10:25:47","guid":{"rendered":"https:\/\/zoca.es\/producto\/impresora-laser-brother-hl-l6450dw-reacondicionado-es-12613\/"},"modified":"2025-07-07T16:40:09","modified_gmt":"2025-07-07T15:40:09","slug":"impresora-laser-brother-hl-l6450dw-reacondicionado-es-12613","status":"publish","type":"product","link":"https:\/\/zoca.es\/en\/producto\/impresora-laser-brother-hl-l6450dw-reacondicionado-es-12613\/","title":{"rendered":"Impresora L\u00e1ser Brother HL-L6450DW | Reacondicionado"},"content":{"rendered":"<p><strong>General impresora<\/strong><br \/>Resoluci\u00f3n 1200ppp<br \/>Memoria RAM 512Mb.<br \/>Lenguage de impresi\u00f3n PCL6, BR-Script3, IBM Proprinter XL, Epson FX-850, PDF versi\u00f3n 1.7, XPS versi\u00f3n 1.0<br \/><strong>Copias<\/strong><br \/>Primera p\u00e1gina 7.5 s<br \/>Blanco y negro 50 ppm<br \/><strong>Manejo de papel<\/strong><br \/>D\u00faplex<br \/>Bandeja: 520 hojas<br \/>Bandeja manual: 50 hojas<br \/><strong>Conectividad impresora<\/strong><br \/>USB, Red, WIFI<br \/><strong>Otros<\/strong><br \/>Embalaje hR<br \/><strong>Dimensiones<\/strong><br \/>40&#215;39.6&#215;28.8 cm.<br \/><strong>Peso<\/strong><br \/>13.40 Kg.<br \/><strong>Especificaciones adicionales<\/strong><br \/><strong>Estas m\u00e1quinas se suministran con una garant\u00eda de 7 d\u00edas.<\/strong> Especialmente orientadas para profesionales de la impresi\u00f3n, que a trav\u00e9s de su cualificaci\u00f3n puedan aportar una parte de valor final hacia su cliente. Funciona correctamente y se suministra completa y sin roturas. No incluye cables.<strong>Controles de calidad\/pruebas de laboratorio:<\/strong>P\u00e1gina de prueba incluida (Test de impresi\u00f3n desde la propia m\u00e1quina).Pruebas de impresi\u00f3n desde todos los puertos de la m\u00e1quina.Pruebas de impresi\u00f3n desde todas las bandejas.Consumibles usados (originales\/compatibles). No garant\u00eda. Mira en \u201c+ Fotos\u201d y &#8220;Video&#8221; y si tienes alguna duda ll\u00e1manos o usa nuestro chat para ampliar la informaci\u00f3n\u00a0 o para solicitar mas detalles.<strong>Se trata de una impresora l\u00e1ser de alto rendimiento, <\/strong>ideal para empresas que buscan una soluci\u00f3n eficiente y econ\u00f3mica para grandes vol\u00famenes de impresi\u00f3n. Con una velocidad de impresi\u00f3n de 50 p\u00e1ginas por minuto, su tecnolog\u00eda d\u00faplex autom\u00e1tica y conectividad avanzada (USB, Red, WIFI), es perfecta para oficinas con alta demanda de documentos en blanco y negro. Su capacidad de bandeja de hasta 520 hojas garantiza menos interrupciones, optimizando la productividad en sectores como log\u00edstica, administraci\u00f3n, educaci\u00f3n y servicios de atenci\u00f3n al cliente. Portes gratuitos y excelente relaci\u00f3n calidad-precio.<br \/><strong>Comentarios<\/strong><br \/><u>Muy buen est\u00e1do est\u00e9tico (Impecable) -Portes Gratis<\/u><\/p>\n","protected":false},"excerpt":{"rendered":"<p><strong>De 20.000 a 45.000 copias<\/strong> \u00b7 Tama\u00f1o de papel A4 \u00b7 D\u00faplex \u00b7 Blanco y negro 50ppm \u00b7 Resoluci\u00f3n 1200ppp \u00b7 Memoria RAM 512Mb. \u00b7 USB, Red, WIFI \u00b7 Bandejas: 1&#215;520\/1&#215;50 hojas \u00b7 <u>Muy buen est\u00e1do est\u00e9tico (Impecable) -Portes Gratis<\/u><\/p>\n","protected":false},"featured_media":115599,"template":"","meta":[],"product_brand":[3446],"product_cat":[2361,2376],"product_tag":[],"class_list":{"0":"post-115598","1":"product","2":"type-product","3":"status-publish","4":"has-post-thumbnail","6":"product_brand-brother","7":"product_cat-impresoras-es","8":"product_cat-impresoras-laser-es","10":"first","11":"outofstock","12":"taxable","13":"shipping-taxable","14":"purchasable","15":"product-type-simple"},"bundled_by":[],"bundle_stock_status":"outofstock","bundle_stock_quantity":-1,"bundle_virtual":false,"bundle_layout":"","bundle_add_to_cart_form_location":"","bundle_editable_in_cart":false,"bundle_sold_individually_context":"","bundle_item_grouping":"","bundle_min_size":"","bundle_max_size":"","bundle_price":[],"bundled_items":[],"bundle_sell_ids":[],"exclude_global_add_ons":[],"addons":[],"df_price":157.3,"df_sale_price":"","df_regular_price":157.3,"df_image_link":"https:\/\/zoca.es\/wp-content\/uploads\/images\/product\/12613\/brot00019_01-300x225.jpg","_links":{"self":[{"href":"https:\/\/zoca.es\/en\/wp-json\/wp\/v2\/product\/115598","targetHints":{"allow":["GET"]}}],"collection":[{"href":"https:\/\/zoca.es\/en\/wp-json\/wp\/v2\/product"}],"about":[{"href":"https:\/\/zoca.es\/en\/wp-json\/wp\/v2\/types\/product"}],"wp:featuredmedia":[{"embeddable":true,"href":"https:\/\/zoca.es\/en\/wp-json\/wp\/v2\/media\/115599"}],"wp:attachment":[{"href":"https:\/\/zoca.es\/en\/wp-json\/wp\/v2\/media?parent=115598"}],"wp:term":[{"taxonomy":"product_brand","embeddable":true,"href":"https:\/\/zoca.es\/en\/wp-json\/wp\/v2\/product_brand?post=115598"},{"taxonomy":"product_cat","embeddable":true,"href":"https:\/\/zoca.es\/en\/wp-json\/wp\/v2\/product_cat?post=115598"},{"taxonomy":"product_tag","embeddable":true,"href":"https:\/\/zoca.es\/en\/wp-json\/wp\/v2\/product_tag?post=115598"}],"curies":[{"name":"wp","href":"https:\/\/api.w.org\/{rel}","templated":true}]}}