{"id":184560,"date":"2026-02-25T10:21:38","date_gmt":"2026-02-25T09:21:38","guid":{"rendered":"https:\/\/zoca.es\/pos\/banknote-detector-counter\/"},"modified":"2026-02-25T10:21:38","modified_gmt":"2026-02-25T09:21:38","slug":"banknote-detector-counter","status":"publish","type":"page","link":"https:\/\/zoca.es\/en\/pos\/banknote-detector-counter\/","title":{"rendered":"Banknote Detector &#038; Counter"},"content":{"rendered":"","protected":false},"excerpt":{"rendered":"","protected":false},"author":623,"featured_media":0,"parent":183975,"menu_order":6,"comment_status":"closed","ping_status":"closed","template":"template-new-categories.php","meta":{"zoca_cat_short_desc":"<p>Contadores de billetes reacondicionados con nuestra garant\u00eda de calidad. Equipos ideales para contar y verificar billetes de forma r\u00e1pida y segura en negocios o comercios. Visita nuestro cat\u00e1logo y consigue el tuyo para agilizar el control de efectivo.<\/p>\n","footnotes":""},"class_list":["post-184560","page","type-page","status-publish","hentry"],"_links":{"self":[{"href":"https:\/\/zoca.es\/en\/wp-json\/wp\/v2\/pages\/184560","targetHints":{"allow":["GET"]}}],"collection":[{"href":"https:\/\/zoca.es\/en\/wp-json\/wp\/v2\/pages"}],"about":[{"href":"https:\/\/zoca.es\/en\/wp-json\/wp\/v2\/types\/page"}],"author":[{"embeddable":true,"href":"https:\/\/zoca.es\/en\/wp-json\/wp\/v2\/users\/623"}],"replies":[{"embeddable":true,"href":"https:\/\/zoca.es\/en\/wp-json\/wp\/v2\/comments?post=184560"}],"version-history":[{"count":0,"href":"https:\/\/zoca.es\/en\/wp-json\/wp\/v2\/pages\/184560\/revisions"}],"up":[{"embeddable":true,"href":"https:\/\/zoca.es\/en\/wp-json\/wp\/v2\/pages\/183975"}],"wp:attachment":[{"href":"https:\/\/zoca.es\/en\/wp-json\/wp\/v2\/media?parent=184560"}],"curies":[{"name":"wp","href":"https:\/\/api.w.org\/{rel}","templated":true}]}}